{"id":5733,"date":"2024-10-02T09:25:48","date_gmt":"2024-10-02T07:25:48","guid":{"rendered":"https:\/\/dev1e24jormax.devdg.pt\/product\/maxiladder-super-dupla-e-super-tripla-c-corda\/"},"modified":"2025-07-18T17:39:41","modified_gmt":"2025-07-18T15:39:41","slug":"maxiladder-super-dupla-e-super-tripla-c-corda","status":"publish","type":"product","link":"https:\/\/dev1e24jormax.devdg.pt\/pt\/produto\/maxiladder-super-dupla-e-super-tripla-c-corda\/","title":{"rendered":"MAXILADDER SUPER DUPLA E SUPER TRIPLA C\/ CORDA"},"content":{"rendered":"<p style=\"background: #FB383B; color: white; font-family: Exo !important; text-align: center; padding: 10px;\"><strong>ESCADAS SUPER DUPLAS EXTENS\u00cdVEIS COM CORDA<\/strong><\/p>\n<p>&nbsp;<\/p>\n<p style=\"background: #FB383B; color: white; font-family: Exo !important; text-align: center; padding: 10px;\"><strong>ESCADAS SUPER TRIPLAS EXTENS\u00cdVEIS COM CORDA<\/strong><\/p>","protected":false},"excerpt":{"rendered":"<p><strong>Escada de duas e tr\u00eas partes transform\u00e1veis com corda: posi\u00e7\u00e3o apoio.<\/strong><\/p>\n<p>&nbsp;<\/p>\n<p>S\u00e9rie de escadas transform\u00e1veis, de uso profissional, fabricadas em alum\u00ednio nervurado extrudido mediante um avan\u00e7ado sistema de encaixa autom\u00e1tico, que fixa os degraus aos montantes de movo duradouro. S\u00e3o escadas de gama alta, perfeitamente equipadas, de m\u00e1ximo conforto e \u00f3timas dimens\u00f5es. Dispon\u00edvel em duas e tr\u00eas partes, utilizando-se como posi\u00e7\u00e3o de escada. As escadas com sistema de corda apenas se podem utilizar em posi\u00e7\u00e3o de encosto.<\/p>\n<p>S\u00e9rie homologada conforme a norma europeia EN 131.<\/p>\n<p>&nbsp;<\/p>\n<p>Em utiliza\u00e7\u00e3o, amarrar sempre a corda &#8211; consultar manual<\/p>\n<p><img fetchpriority=\"high\" decoding=\"async\" class=\"alignnone wp-image-19501\" src=\"http:\/\/dev2jormax.devdg.pt\/wp-content\/uploads\/Artboard-1-17.png\" alt=\"\" width=\"1730\" height=\"200\" \/><\/p>\n<p><a style=\"display: block; padding: 10px; text-align: center; margin-top: 30px; background-color: #db1f27; color: white; text-decoration: none; font-weight: bold; width: 100%; transition: background-color 0.3s;\" href=\"#lepopup-popup-2024-10-30-02-21-73\">PEDIR OR\u00c7AMENTO<\/a><\/p>\n<p>&nbsp;<\/p>\n<p>&nbsp;<\/p>\n<p>&nbsp;<\/p>","protected":false},"featured_media":5734,"template":"","meta":{"_acf_changed":false},"product_brand":[],"product_cat":[15],"product_tag":[],"class_list":{"0":"post-5733","1":"product","2":"type-product","3":"status-publish","4":"has-post-thumbnail","6":"product_cat-semcategoria","8":"first","9":"instock","10":"taxable","11":"shipping-taxable","12":"purchasable","13":"product-type-variable"},"acf":[],"_links":{"self":[{"href":"https:\/\/dev1e24jormax.devdg.pt\/pt\/wp-json\/wp\/v2\/product\/5733","targetHints":{"allow":["GET"]}}],"collection":[{"href":"https:\/\/dev1e24jormax.devdg.pt\/pt\/wp-json\/wp\/v2\/product"}],"about":[{"href":"https:\/\/dev1e24jormax.devdg.pt\/pt\/wp-json\/wp\/v2\/types\/product"}],"wp:featuredmedia":[{"embeddable":true,"href":"https:\/\/dev1e24jormax.devdg.pt\/pt\/wp-json\/wp\/v2\/media\/5734"}],"wp:attachment":[{"href":"https:\/\/dev1e24jormax.devdg.pt\/pt\/wp-json\/wp\/v2\/media?parent=5733"}],"wp:term":[{"taxonomy":"product_brand","embeddable":true,"href":"https:\/\/dev1e24jormax.devdg.pt\/pt\/wp-json\/wp\/v2\/product_brand?post=5733"},{"taxonomy":"product_cat","embeddable":true,"href":"https:\/\/dev1e24jormax.devdg.pt\/pt\/wp-json\/wp\/v2\/product_cat?post=5733"},{"taxonomy":"product_tag","embeddable":true,"href":"https:\/\/dev1e24jormax.devdg.pt\/pt\/wp-json\/wp\/v2\/product_tag?post=5733"}],"curies":[{"name":"wp","href":"https:\/\/api.w.org\/{rel}","templated":true}]}}