{"id":5731,"date":"2024-07-15T11:08:54","date_gmt":"2024-07-15T09:08:54","guid":{"rendered":"https:\/\/dev1e24jormax.devdg.pt\/product\/pirl-x\/"},"modified":"2025-07-18T17:39:29","modified_gmt":"2025-07-18T15:39:29","slug":"pirl-x","status":"publish","type":"product","link":"https:\/\/dev1e24jormax.devdg.pt\/pt\/produto\/pirl-x\/","title":{"rendered":"PIRL X"},"content":{"rendered":"","protected":false},"excerpt":{"rendered":"<p><strong>Plataforma individual de trabalho com guarda-corpos a 360 \u030a e com degraus largos.<\/strong><\/p>\n<p>&nbsp;<\/p>\n<p>PIRL X \u00e9 um plataforma individual de trabalho com uma ampla plataforma de trabalho proporcionando ao utilizador uma \u00e1rea de trabalho 360\u00b0. A PIRL X est\u00e1 equipada com sistema de guarda corpos perimetral dobr\u00e1vel o qual assegura a seguran\u00e7a anti-queda ao operador no seu trabalho. O seu sistema anti-abertura e anti-fecho acidental proporcionam seguran\u00e7a extra e as suas rodas fazem que o transporte seja f\u00e1cil e c\u00f3modo em qualquer superf\u00edcie. Equipada com degraus de 8 cm de profundidade e de 50 cm. De largura, conferem estabilidade e uma subida muito c\u00f3moda Os seus estabilizadores fazem desta plataforma de trabalho um instrumento de trabalho muito est\u00e1vel sem adicionar volume nem peso, posicionam se em apenas alguns segundos.<\/p>\n<p><img fetchpriority=\"high\" decoding=\"async\" class=\"alignnone size-full wp-image-19019\" src=\"http:\/\/dev2jormax.devdg.pt\/wp-content\/uploads\/Artboard-160-e1730905755980.png\" alt=\"\" width=\"1690\" height=\"200\" \/><\/p>\n<p><a style=\"display: block; padding: 10px; text-align: center; margin-top: 30px; background-color: #db1f27; color: white; text-decoration: none; font-weight: bold; width: 100%; transition: background-color 0.3s;\" href=\"#lepopup-popup-2024-10-30-02-21-170\">PEDIR OR\u00c7AMENTO<\/a><\/p>\n<p>&nbsp;<\/p>","protected":false},"featured_media":3633,"template":"","meta":{"_acf_changed":false},"product_brand":[],"product_cat":[15],"product_tag":[],"class_list":{"0":"post-5731","1":"product","2":"type-product","3":"status-publish","4":"has-post-thumbnail","6":"product_cat-semcategoria","8":"first","9":"instock","10":"taxable","11":"shipping-taxable","12":"purchasable","13":"product-type-variable"},"acf":[],"_links":{"self":[{"href":"https:\/\/dev1e24jormax.devdg.pt\/pt\/wp-json\/wp\/v2\/product\/5731","targetHints":{"allow":["GET"]}}],"collection":[{"href":"https:\/\/dev1e24jormax.devdg.pt\/pt\/wp-json\/wp\/v2\/product"}],"about":[{"href":"https:\/\/dev1e24jormax.devdg.pt\/pt\/wp-json\/wp\/v2\/types\/product"}],"wp:featuredmedia":[{"embeddable":true,"href":"https:\/\/dev1e24jormax.devdg.pt\/pt\/wp-json\/wp\/v2\/media\/3633"}],"wp:attachment":[{"href":"https:\/\/dev1e24jormax.devdg.pt\/pt\/wp-json\/wp\/v2\/media?parent=5731"}],"wp:term":[{"taxonomy":"product_brand","embeddable":true,"href":"https:\/\/dev1e24jormax.devdg.pt\/pt\/wp-json\/wp\/v2\/product_brand?post=5731"},{"taxonomy":"product_cat","embeddable":true,"href":"https:\/\/dev1e24jormax.devdg.pt\/pt\/wp-json\/wp\/v2\/product_cat?post=5731"},{"taxonomy":"product_tag","embeddable":true,"href":"https:\/\/dev1e24jormax.devdg.pt\/pt\/wp-json\/wp\/v2\/product_tag?post=5731"}],"curies":[{"name":"wp","href":"https:\/\/api.w.org\/{rel}","templated":true}]}}