{"id":5706,"date":"2021-12-03T16:06:52","date_gmt":"2021-12-03T15:06:52","guid":{"rendered":"https:\/\/dev1e24jormax.devdg.pt\/product\/rescue-line\/"},"modified":"2025-07-18T17:42:28","modified_gmt":"2025-07-18T15:42:28","slug":"rescue-line","status":"publish","type":"product","link":"https:\/\/dev1e24jormax.devdg.pt\/pt\/produto\/rescue-line\/","title":{"rendered":"Rescue\/ Military Line"},"content":{"rendered":"<p style=\"background: #FB383B; color: white; font-family: Exo !important; text-align: center;\"><strong>RESCUE\/ MILITARY LINE 3.50m<\/strong><\/p>\n<div class=\"wpsm_comptable_shortcode_echo\"><\/div>\n<p style=\"background: #FB383B; color: white; font-family: Exo !important; text-align: center;\"><strong>RESCUE\/ MILITARY LINE 4.10m<\/strong><\/p>\n<div class=\"wpsm_comptable_shortcode_echo\"><\/div>","protected":false},"excerpt":{"rendered":"<p><strong>Escada Telesteps para uso de Bombeiros, pol\u00edcia e militares.<\/strong><\/p>\n<p>&nbsp;<\/p>\n<p class=\"cvGsUA direction-ltr align-start para-style-body\"><span class=\"OYPEnA font-feature-liga-off font-feature-clig-off font-feature-calt-off text-decoration-none text-strikethrough-none\">A Rescue Line Telesteps \u00e9 a primeira escada telesc\u00f3pica do mundo capaz de ser utilizada simultaneamente por tr\u00eas pessoas. <\/span><span class=\"OYPEnA font-feature-liga-off font-feature-clig-off font-feature-calt-off text-decoration-none text-strikethrough-none\">Esta \u00e9 a 2\u00ba gera\u00e7\u00e3o, com o design revolucion\u00e1rio de tubo triangular, que torna a escada mais forte e resistente \u00e0 tor\u00e7\u00e3o do que nunca.<\/span><\/p>\n<p><span class=\"OYPEnA font-feature-liga-off font-feature-clig-off font-feature-calt-off text-decoration-none text-strikethrough-none\">Ao desenvolver a escada de resgate, a Telesteps teve de considerar a diversidade de ambientes enfrentados pelas equipas de resgate em todo o mundo. A Rescue Line foi projetada especificamente para este fim. <\/span><\/p>\n<p class=\"cvGsUA direction-ltr align-start para-style-body\"><span class=\"OYPEnA font-feature-liga-off font-feature-clig-off font-feature-calt-off text-decoration-none text-strikethrough-none\">A Rescue Line \u00e9 certificada de acordo com a norma europeia <\/span><strong><span class=\"OYPEnA font-feature-liga-off font-feature-clig-off font-feature-calt-off text-decoration-none text-strikethrough-none\">EN 1147<\/span><\/strong><span class=\"OYPEnA font-feature-liga-off font-feature-clig-off font-feature-calt-off text-decoration-none text-strikethrough-none\">, desenvolvida especificamente para bombeiros e equipas de resgate. <\/span><span class=\"OYPEnA font-feature-liga-off font-feature-clig-off font-feature-calt-off text-decoration-none text-strikethrough-none\">Esta norma \u00e9 reconhecida como uma das mais rigorosas certifica\u00e7\u00f5es para escadas telesc\u00f3picas, podendo suportar, assim, cargas at\u00e9 500KG ou tr\u00eas pessoas simultaneamente.<\/span><\/p>\n<p><img fetchpriority=\"high\" decoding=\"async\" class=\"alignnone wp-image-20010\" src=\"http:\/\/dev2jormax.devdg.pt\/wp-content\/uploads\/Artboard-1-39.png\" alt=\"\" width=\"1730\" height=\"200\" \/><\/p>\n<p><a style=\"display: block; padding: 10px; text-align: center; margin-top: 30px; background-color: #db1f27; color: white; text-decoration: none; font-weight: bold; width: 100%; transition: background-color 0.3s;\" href=\"#lepopup-popup-2024-10-30-02-21-129\">PEDIR OR\u00c7AMENTO<\/a><\/p>","protected":false},"featured_media":5707,"template":"","meta":{"_acf_changed":false},"product_brand":[],"product_cat":[410],"product_tag":[],"class_list":{"0":"post-5706","1":"product","2":"type-product","3":"status-publish","4":"has-post-thumbnail","6":"product_cat-rescue-line","8":"first","9":"instock","10":"featured","11":"taxable","12":"shipping-taxable","13":"purchasable","14":"product-type-variable"},"acf":[],"_links":{"self":[{"href":"https:\/\/dev1e24jormax.devdg.pt\/pt\/wp-json\/wp\/v2\/product\/5706","targetHints":{"allow":["GET"]}}],"collection":[{"href":"https:\/\/dev1e24jormax.devdg.pt\/pt\/wp-json\/wp\/v2\/product"}],"about":[{"href":"https:\/\/dev1e24jormax.devdg.pt\/pt\/wp-json\/wp\/v2\/types\/product"}],"wp:featuredmedia":[{"embeddable":true,"href":"https:\/\/dev1e24jormax.devdg.pt\/pt\/wp-json\/wp\/v2\/media\/5707"}],"wp:attachment":[{"href":"https:\/\/dev1e24jormax.devdg.pt\/pt\/wp-json\/wp\/v2\/media?parent=5706"}],"wp:term":[{"taxonomy":"product_brand","embeddable":true,"href":"https:\/\/dev1e24jormax.devdg.pt\/pt\/wp-json\/wp\/v2\/product_brand?post=5706"},{"taxonomy":"product_cat","embeddable":true,"href":"https:\/\/dev1e24jormax.devdg.pt\/pt\/wp-json\/wp\/v2\/product_cat?post=5706"},{"taxonomy":"product_tag","embeddable":true,"href":"https:\/\/dev1e24jormax.devdg.pt\/pt\/wp-json\/wp\/v2\/product_tag?post=5706"}],"curies":[{"name":"wp","href":"https:\/\/api.w.org\/{rel}","templated":true}]}}