{"id":3728,"date":"2024-07-19T13:41:45","date_gmt":"2024-07-19T11:41:45","guid":{"rendered":"https:\/\/dev1e24jormax.devdg.pt\/product\/c-250-plus\/"},"modified":"2025-07-18T17:42:24","modified_gmt":"2025-07-18T15:42:24","slug":"c-250-plus","status":"publish","type":"product","link":"https:\/\/dev1e24jormax.devdg.pt\/pt\/produto\/c-250-plus\/","title":{"rendered":"C-250 PLUS"},"content":{"rendered":"","protected":false},"excerpt":{"rendered":"<p><strong>Chariot en acier \u00e9conomique pour \u00c9CHELLES &#8211; Plateforme pliante plus grande &#8211; Capacit\u00e9 : 250 kg.<\/strong><\/p>\n<p>Chariot d\u2019escalier professionnel \u00e9quip\u00e9 de 6 roues pivotantes \u00d8 150&#215;40 mm. Con\u00e7u pour transporter des charges sur les \u00e9chelles gr\u00e2ce \u00e0 ses roues pivotantes. \u00c9quip\u00e9 de poign\u00e9es en caoutchouc ergonomiques. Fabriqu\u00e9 en structure tubulaire de \u00d8 25 mm. \u00c9quip\u00e9 d\u2019un renfort plat sur le tube interne de la structure.<br \/>\n\u00c9quip\u00e9 d\u2019une base pliante qui permet le transport de charges de diff\u00e9rentes tailles et dimensions:<br \/>\nProfondeur standard de la plateforme: 170 mm<br \/>\nProfondeur de la plateforme pliante: 490 mm.<\/p>\n<p><img decoding=\"async\" class=\"selos-produto\" src=\"http:\/\/dev2jormax.devdg.pt\/wp-content\/uploads\/2019\/10\/uso-profissional.jpg\" alt=\"NOME DOS SELOS (SUBSTITUIR)\" \/><img decoding=\"async\" src=\"http:\/\/dev2jormax.devdg.pt\/wp-content\/uploads\/2019\/10\/garantia-1.jpg\" \/><\/p>","protected":false},"featured_media":3729,"template":"","meta":{"_acf_changed":false},"product_brand":[],"product_cat":[107,115],"product_tag":[],"class_list":{"0":"post-3728","1":"product","2":"type-product","3":"status-publish","4":"has-post-thumbnail","6":"product_cat-autres","7":"product_cat-chariot","9":"first","10":"instock","11":"taxable","12":"shipping-taxable","13":"purchasable","14":"product-type-variable"},"acf":[],"_links":{"self":[{"href":"https:\/\/dev1e24jormax.devdg.pt\/pt\/wp-json\/wp\/v2\/product\/3728","targetHints":{"allow":["GET"]}}],"collection":[{"href":"https:\/\/dev1e24jormax.devdg.pt\/pt\/wp-json\/wp\/v2\/product"}],"about":[{"href":"https:\/\/dev1e24jormax.devdg.pt\/pt\/wp-json\/wp\/v2\/types\/product"}],"wp:featuredmedia":[{"embeddable":true,"href":"https:\/\/dev1e24jormax.devdg.pt\/pt\/wp-json\/wp\/v2\/media\/3729"}],"wp:attachment":[{"href":"https:\/\/dev1e24jormax.devdg.pt\/pt\/wp-json\/wp\/v2\/media?parent=3728"}],"wp:term":[{"taxonomy":"product_brand","embeddable":true,"href":"https:\/\/dev1e24jormax.devdg.pt\/pt\/wp-json\/wp\/v2\/product_brand?post=3728"},{"taxonomy":"product_cat","embeddable":true,"href":"https:\/\/dev1e24jormax.devdg.pt\/pt\/wp-json\/wp\/v2\/product_cat?post=3728"},{"taxonomy":"product_tag","embeddable":true,"href":"https:\/\/dev1e24jormax.devdg.pt\/pt\/wp-json\/wp\/v2\/product_tag?post=3728"}],"curies":[{"name":"wp","href":"https:\/\/api.w.org\/{rel}","templated":true}]}}