{"id":3699,"date":"2021-02-25T13:49:27","date_gmt":"2021-02-25T12:49:27","guid":{"rendered":"https:\/\/dev1e24jormax.devdg.pt\/product\/tecnho-plus\/"},"modified":"2025-07-18T17:42:28","modified_gmt":"2025-07-18T15:42:28","slug":"tecnho-plus","status":"publish","type":"product","link":"https:\/\/dev1e24jormax.devdg.pt\/pt\/produto\/tecnho-plus\/","title":{"rendered":"TECNHO PLUS+"},"content":{"rendered":"","protected":false},"excerpt":{"rendered":"<p><strong>\u00c9chafaudage de bricolage en aluminium avec 3 hauteurs de travail. Montage facile sans outils.<\/strong><\/p>\n<p>\u00c9chafaudage en aluminium id\u00e9al pour une utilisation jusqu\u2019\u00e0 3 m de hauteur. Fabriqu\u00e9 en aluminium tr\u00e8s r\u00e9sistant, les \u00e9chelons sont clou\u00e9s aux montants et les barres diagonales et horizontales, une fois fix\u00e9es, cr\u00e9ent une structure tr\u00e8s s\u00fbre et robuste. Con\u00e7ue pour les travaux en int\u00e9rieur, elle est facile \u00e0 d\u00e9placer et, gr\u00e2ce \u00e0 son rapport largeur\/hauteur, elle peut facilement passer les portes sans avoir \u00e0 \u00eatre d\u00e9mont\u00e9e. \u00c9quip\u00e9 de roues coulissantes de 100 mm de diam\u00e8tre, il repose de mani\u00e8re stable sur ses pieds antid\u00e9rapants lorsqu\u2019il est en position de travail. Id\u00e9al pour les petites r\u00e9parations, les poseurs de faux plafonds, les ma\u00e7ons, le b\u00e2timent, etc&#8230;<\/p>\n<p style=\"color: red;\">REF: 20110<\/p>\n<p><img decoding=\"async\" class=\"selos-produto\" src=\"http:\/\/dev2jormax.devdg.pt\/wp-content\/uploads\/2019\/10\/europa.jpg\" alt=\"NOME DOS SELOS (SUBSTITUIR)\" \/> <img decoding=\"async\" class=\"selos-produto\" src=\"http:\/\/dev2jormax.devdg.pt\/wp-content\/uploads\/norma-NF-E85-200.png\" alt=\"NOME DOS SELOS (SUBSTITUIR)\" \/> <img decoding=\"async\" class=\"selos-produto\" src=\"http:\/\/dev2jormax.devdg.pt\/wp-content\/uploads\/2019\/10\/garantia-3.jpg\" alt=\"NOME DOS SELOS (SUBSTITUIR)\" \/> <img decoding=\"async\" class=\"selos-produto\" src=\"http:\/\/dev2jormax.devdg.pt\/wp-content\/uploads\/2019\/10\/uso-domestico.jpg\" alt=\"NOME DOS SELOS (SUBSTITUIR)\" \/> <img decoding=\"async\" class=\"selos-produto\" src=\"http:\/\/dev2jormax.devdg.pt\/wp-content\/uploads\/2019\/10\/peso-150.jpg\" alt=\"NOME DOS SELOS (SUBSTITUIR)\" \/><\/p>","protected":false},"featured_media":3700,"template":"","meta":{"_acf_changed":false},"product_brand":[],"product_cat":[81,95],"product_tag":[],"class_list":{"0":"post-3699","1":"product","2":"type-product","3":"status-publish","4":"has-post-thumbnail","6":"product_cat-echafaudage","7":"product_cat-echafaudage-leger","9":"first","10":"instock","11":"featured","12":"taxable","13":"shipping-taxable","14":"purchasable","15":"product-type-variable"},"acf":[],"_links":{"self":[{"href":"https:\/\/dev1e24jormax.devdg.pt\/pt\/wp-json\/wp\/v2\/product\/3699","targetHints":{"allow":["GET"]}}],"collection":[{"href":"https:\/\/dev1e24jormax.devdg.pt\/pt\/wp-json\/wp\/v2\/product"}],"about":[{"href":"https:\/\/dev1e24jormax.devdg.pt\/pt\/wp-json\/wp\/v2\/types\/product"}],"wp:featuredmedia":[{"embeddable":true,"href":"https:\/\/dev1e24jormax.devdg.pt\/pt\/wp-json\/wp\/v2\/media\/3700"}],"wp:attachment":[{"href":"https:\/\/dev1e24jormax.devdg.pt\/pt\/wp-json\/wp\/v2\/media?parent=3699"}],"wp:term":[{"taxonomy":"product_brand","embeddable":true,"href":"https:\/\/dev1e24jormax.devdg.pt\/pt\/wp-json\/wp\/v2\/product_brand?post=3699"},{"taxonomy":"product_cat","embeddable":true,"href":"https:\/\/dev1e24jormax.devdg.pt\/pt\/wp-json\/wp\/v2\/product_cat?post=3699"},{"taxonomy":"product_tag","embeddable":true,"href":"https:\/\/dev1e24jormax.devdg.pt\/pt\/wp-json\/wp\/v2\/product_tag?post=3699"}],"curies":[{"name":"wp","href":"https:\/\/api.w.org\/{rel}","templated":true}]}}