{"id":3675,"date":"2024-01-08T10:55:09","date_gmt":"2024-01-08T09:55:09","guid":{"rendered":"https:\/\/dev1e24jormax.devdg.pt\/product\/ea100\/"},"modified":"2025-07-18T17:39:47","modified_gmt":"2025-07-18T15:39:47","slug":"ea100","status":"publish","type":"product","link":"https:\/\/dev1e24jormax.devdg.pt\/pt\/produto\/ea100\/","title":{"rendered":"EA100"},"content":{"rendered":"","protected":false},"excerpt":{"rendered":"<p><strong>\u00c9chelle d\u2019acc\u00e8s \u00e0 la logistique et au transport..<\/strong><\/p>\n<p>Gamme d\u2019\u00e9chelles d\u2019acc\u00e8s d\u00e9di\u00e9es \u00e0 la logistique et au transport. Confortables et extr\u00eamement s\u00fbres, le mod\u00e8le EA100, conforme \u00e0 la norme EN131, assure un acc\u00e8s en toute s\u00e9curit\u00e9. Fabriqu\u00e9es en aluminium, elles sont \u00e9quip\u00e9es de marches antid\u00e9rapantes de 100 mm et d\u2019un pilier de support pliable, facilitant leur rangement. Elles poss\u00e8dent des pieds antid\u00e9rapants et en option, des pieds r\u00e9glables peuvent \u00eatre ajout\u00e9s pour compenser les surfaces in\u00e9gales, ainsi qu\u2019une rampe de mont\u00e9e. En tant que s\u00e9curit\u00e9 suppl\u00e9mentaire, l\u2019\u00e9chelle EA100 est \u00e9quip\u00e9e de puissants aimants qui se fixent au plancher du camion, \u00e9vitant ainsi tout glissement suppl\u00e9mentaire de l\u2019\u00e9chelle. Garantie de 3 ans.<\/p>\n<p><img decoding=\"async\" class=\"selos-produto\" src=\"http:\/\/dev2jormax.devdg.pt\/wp-content\/uploads\/2019\/10\/europa.jpg\" alt=\"NOME DOS SELOS (SUBSTITUIR)\" \/> <img decoding=\"async\" class=\"selos-produto\" src=\"http:\/\/dev2jormax.devdg.pt\/wp-content\/uploads\/2019\/10\/decreto-lei.jpg\" alt=\"NOME DOS SELOS (SUBSTITUIR)\" \/> <img decoding=\"async\" class=\"selos-produto\" src=\"http:\/\/dev2jormax.devdg.pt\/wp-content\/uploads\/2019\/10\/norma-131.jpg\" alt=\"NOME DOS SELOS (SUBSTITUIR)\" \/> <img decoding=\"async\" class=\"selos-produto\" src=\"http:\/\/dev2jormax.devdg.pt\/wp-content\/uploads\/2019\/10\/garantia-5.jpg\" alt=\"NOME DOS SELOS (SUBSTITUIR)\" \/> <img decoding=\"async\" class=\"selos-produto\" src=\"http:\/\/dev2jormax.devdg.pt\/wp-content\/uploads\/2019\/10\/uso-profissional.jpg\" alt=\"NOME DOS SELOS (SUBSTITUIR)\" \/> <img decoding=\"async\" class=\"selos-produto\" src=\"http:\/\/dev2jormax.devdg.pt\/wp-content\/uploads\/2019\/10\/peso-150.jpg\" alt=\"NOME DOS SELOS (SUBSTITUIR)\" \/><\/p>","protected":false},"featured_media":3676,"template":"","meta":{"_acf_changed":false},"product_brand":[],"product_cat":[91,111,100],"product_tag":[],"class_list":{"0":"post-3675","1":"product","2":"type-product","3":"status-publish","4":"has-post-thumbnail","6":"product_cat-echelles","7":"product_cat-echelles-dacces","8":"product_cat-echelles-speciaux","10":"first","11":"instock","12":"taxable","13":"shipping-taxable","14":"purchasable","15":"product-type-variable"},"acf":[],"_links":{"self":[{"href":"https:\/\/dev1e24jormax.devdg.pt\/pt\/wp-json\/wp\/v2\/product\/3675","targetHints":{"allow":["GET"]}}],"collection":[{"href":"https:\/\/dev1e24jormax.devdg.pt\/pt\/wp-json\/wp\/v2\/product"}],"about":[{"href":"https:\/\/dev1e24jormax.devdg.pt\/pt\/wp-json\/wp\/v2\/types\/product"}],"wp:featuredmedia":[{"embeddable":true,"href":"https:\/\/dev1e24jormax.devdg.pt\/pt\/wp-json\/wp\/v2\/media\/3676"}],"wp:attachment":[{"href":"https:\/\/dev1e24jormax.devdg.pt\/pt\/wp-json\/wp\/v2\/media?parent=3675"}],"wp:term":[{"taxonomy":"product_brand","embeddable":true,"href":"https:\/\/dev1e24jormax.devdg.pt\/pt\/wp-json\/wp\/v2\/product_brand?post=3675"},{"taxonomy":"product_cat","embeddable":true,"href":"https:\/\/dev1e24jormax.devdg.pt\/pt\/wp-json\/wp\/v2\/product_cat?post=3675"},{"taxonomy":"product_tag","embeddable":true,"href":"https:\/\/dev1e24jormax.devdg.pt\/pt\/wp-json\/wp\/v2\/product_tag?post=3675"}],"curies":[{"name":"wp","href":"https:\/\/api.w.org\/{rel}","templated":true}]}}