{"id":3670,"date":"2021-02-25T10:52:57","date_gmt":"2021-02-25T09:52:57","guid":{"rendered":"https:\/\/dev1e24jormax.devdg.pt\/product\/profiladder-2\/"},"modified":"2025-07-18T17:42:28","modified_gmt":"2025-07-18T15:42:28","slug":"profiladder-2","status":"publish","type":"product","link":"https:\/\/dev1e24jormax.devdg.pt\/pt\/produto\/profiladder-2\/","title":{"rendered":"PROFILADDER"},"content":{"rendered":"","protected":false},"excerpt":{"rendered":"<p><strong>\u00c9chelle professionnelle avec base rigide en acier et avec une plateforme de travail et \u00e9l\u00e9vation \u00e0 l\u2019aide d\u2019une corde.<\/strong><\/p>\n<p>\u00c9chelle avec base stabilisatrice rigide et surface de repos extensible avec corde. Con\u00e7ue pour effectuer des travaux simples et rapides \u00e0 des hauteurs importantes. \u00c9quip\u00e9e d\u2019une base solide et robuste en acier galvanis\u00e9.<\/p>\n<p><img decoding=\"async\" class=\"selos-produto\" src=\"http:\/\/dev2jormax.devdg.pt\/wp-content\/uploads\/2019\/10\/europa.jpg\" alt=\"NOME DOS SELOS (SUBSTITUIR)\" \/> <img decoding=\"async\" class=\"selos-produto\" src=\"http:\/\/dev2jormax.devdg.pt\/wp-content\/uploads\/2019\/10\/decreto-lei.jpg\" alt=\"NOME DOS SELOS (SUBSTITUIR)\" \/> <img decoding=\"async\" class=\"selos-produto\" src=\"http:\/\/dev2jormax.devdg.pt\/wp-content\/uploads\/2019\/10\/garantia-5.jpg\" alt=\"NOME DOS SELOS (SUBSTITUIR)\" \/> <img decoding=\"async\" class=\"selos-produto\" src=\"http:\/\/dev2jormax.devdg.pt\/wp-content\/uploads\/2019\/10\/uso-profissional.jpg\" alt=\"NOME DOS SELOS (SUBSTITUIR)\" \/> <img decoding=\"async\" class=\"selos-produto\" src=\"http:\/\/dev2jormax.devdg.pt\/wp-content\/uploads\/2019\/10\/peso-100.jpg\" alt=\"NOME DOS SELOS (SUBSTITUIR)\" \/><\/p>","protected":false},"featured_media":3671,"template":"","meta":{"_acf_changed":false},"product_brand":[],"product_cat":[91,94],"product_tag":[],"class_list":{"0":"post-3670","1":"product","2":"type-product","3":"status-publish","4":"has-post-thumbnail","6":"product_cat-echelles","7":"product_cat-echelles-triple","9":"first","10":"instock","11":"featured","12":"taxable","13":"shipping-taxable","14":"purchasable","15":"product-type-variable"},"acf":[],"_links":{"self":[{"href":"https:\/\/dev1e24jormax.devdg.pt\/pt\/wp-json\/wp\/v2\/product\/3670","targetHints":{"allow":["GET"]}}],"collection":[{"href":"https:\/\/dev1e24jormax.devdg.pt\/pt\/wp-json\/wp\/v2\/product"}],"about":[{"href":"https:\/\/dev1e24jormax.devdg.pt\/pt\/wp-json\/wp\/v2\/types\/product"}],"wp:featuredmedia":[{"embeddable":true,"href":"https:\/\/dev1e24jormax.devdg.pt\/pt\/wp-json\/wp\/v2\/media\/3671"}],"wp:attachment":[{"href":"https:\/\/dev1e24jormax.devdg.pt\/pt\/wp-json\/wp\/v2\/media?parent=3670"}],"wp:term":[{"taxonomy":"product_brand","embeddable":true,"href":"https:\/\/dev1e24jormax.devdg.pt\/pt\/wp-json\/wp\/v2\/product_brand?post=3670"},{"taxonomy":"product_cat","embeddable":true,"href":"https:\/\/dev1e24jormax.devdg.pt\/pt\/wp-json\/wp\/v2\/product_cat?post=3670"},{"taxonomy":"product_tag","embeddable":true,"href":"https:\/\/dev1e24jormax.devdg.pt\/pt\/wp-json\/wp\/v2\/product_tag?post=3670"}],"curies":[{"name":"wp","href":"https:\/\/api.w.org\/{rel}","templated":true}]}}