{"id":3613,"date":"2024-01-15T08:18:41","date_gmt":"2024-01-15T07:18:41","guid":{"rendered":"https:\/\/dev1e24jormax.devdg.pt\/product\/promaster-eletrik\/"},"modified":"2025-07-18T17:39:23","modified_gmt":"2025-07-18T15:39:23","slug":"promaster-eletrik","status":"publish","type":"product","link":"https:\/\/dev1e24jormax.devdg.pt\/pt\/produto\/promaster-eletrik\/","title":{"rendered":"PRO&rsquo;MASTER ELETRIK"},"content":{"rendered":"","protected":false},"excerpt":{"rendered":"<p><strong>\u00c9chelle Pro\u2019Master en Fibre de Verre avec marches larges et porte-objets.<\/strong><\/p>\n<p>\u00c9chelle professionnelle en fibre de verre avec des marches en aluminium. Elle est recommand\u00e9e pour les ouvriers qui travaillent \u00e0 proximit\u00e9 de prises de courant, de c\u00e2bles ou d\u2019autres sources d\u2019\u00e9lectricit\u00e9. Elles offrent une isolation \u00e9lectrique et ont \u00e9t\u00e9 test\u00e9es \u00e0 5000 volts. Tr\u00e8s pratique<br \/>\ngr\u00e2ce \u00e0 sa largeur de mont\u00e9e et ses marches de 8 cm de profondeur. Elle dispose d\u2019une plateforme en aluminium et d\u2019un porte-objets sur le dessus, offrant une grande s\u00e9curit\u00e9 pour les travaux en hauteur. L\u2019escabeau Pro\u2019Master Eletrik est homologu\u00e9 conform\u00e9ment \u00e0 la norme europ\u00e9enne EN 131.<\/p>\n<p><img decoding=\"async\" class=\"selos-produto\" src=\"http:\/\/dev2jormax.devdg.pt\/wp-content\/uploads\/2019\/10\/europa.jpg\" alt=\"NOME DOS SELOS (SUBSTITUIR)\" \/> <img decoding=\"async\" class=\"selos-produto\" src=\"http:\/\/dev2jormax.devdg.pt\/wp-content\/uploads\/2019\/10\/decreto-lei.jpg\" alt=\"NOME DOS SELOS (SUBSTITUIR)\" \/> <img decoding=\"async\" class=\"selos-produto\" src=\"http:\/\/dev2jormax.devdg.pt\/wp-content\/uploads\/2019\/10\/norma-131.jpg\" alt=\"NOME DOS SELOS (SUBSTITUIR)\" \/> <img decoding=\"async\" class=\"selos-produto\" src=\"http:\/\/dev2jormax.devdg.pt\/wp-content\/uploads\/2019\/10\/garantia-5.jpg\" alt=\"NOME DOS SELOS (SUBSTITUIR)\" \/> <img decoding=\"async\" class=\"selos-produto\" src=\"http:\/\/dev2jormax.devdg.pt\/wp-content\/uploads\/2019\/10\/uso-profissional.jpg\" alt=\"NOME DOS SELOS (SUBSTITUIR)\" \/> <img decoding=\"async\" class=\"selos-produto\" src=\"http:\/\/dev2jormax.devdg.pt\/wp-content\/uploads\/2019\/10\/peso-150.jpg\" alt=\"NOME DOS SELOS (SUBSTITUIR)\" \/><\/p>","protected":false},"featured_media":3614,"template":"","meta":{"_acf_changed":false},"product_brand":[],"product_cat":[83,101,84],"product_tag":[],"class_list":{"0":"post-3613","1":"product","2":"type-product","3":"status-publish","4":"has-post-thumbnail","6":"product_cat-escabeau","7":"product_cat-escabeau-en-fibre-de-verre","8":"product_cat-escabeau-professionnelles","10":"first","11":"instock","12":"featured","13":"taxable","14":"shipping-taxable","15":"purchasable","16":"product-type-variable"},"acf":[],"_links":{"self":[{"href":"https:\/\/dev1e24jormax.devdg.pt\/pt\/wp-json\/wp\/v2\/product\/3613","targetHints":{"allow":["GET"]}}],"collection":[{"href":"https:\/\/dev1e24jormax.devdg.pt\/pt\/wp-json\/wp\/v2\/product"}],"about":[{"href":"https:\/\/dev1e24jormax.devdg.pt\/pt\/wp-json\/wp\/v2\/types\/product"}],"wp:featuredmedia":[{"embeddable":true,"href":"https:\/\/dev1e24jormax.devdg.pt\/pt\/wp-json\/wp\/v2\/media\/3614"}],"wp:attachment":[{"href":"https:\/\/dev1e24jormax.devdg.pt\/pt\/wp-json\/wp\/v2\/media?parent=3613"}],"wp:term":[{"taxonomy":"product_brand","embeddable":true,"href":"https:\/\/dev1e24jormax.devdg.pt\/pt\/wp-json\/wp\/v2\/product_brand?post=3613"},{"taxonomy":"product_cat","embeddable":true,"href":"https:\/\/dev1e24jormax.devdg.pt\/pt\/wp-json\/wp\/v2\/product_cat?post=3613"},{"taxonomy":"product_tag","embeddable":true,"href":"https:\/\/dev1e24jormax.devdg.pt\/pt\/wp-json\/wp\/v2\/product_tag?post=3613"}],"curies":[{"name":"wp","href":"https:\/\/api.w.org\/{rel}","templated":true}]}}