{"id":3535,"date":"2023-06-01T13:30:13","date_gmt":"2023-06-01T11:30:13","guid":{"rendered":"https:\/\/dev1e24jormax.devdg.pt\/product\/brouette-compact\/"},"modified":"2025-07-18T11:20:17","modified_gmt":"2025-07-18T09:20:17","slug":"brouette-compact","status":"publish","type":"product","link":"https:\/\/dev1e24jormax.devdg.pt\/pt\/produto\/brouette-compact\/","title":{"rendered":"BROUETTE COMPACT"},"content":{"rendered":"","protected":false},"excerpt":{"rendered":"<p><strong>Brouette mod\u00e8le Compact.<\/strong><\/p>\n<p>&nbsp;<\/p>\n<p>Sp\u00e9cial pour les chantiers gr\u00e2ce \u00e0 ses dimensions, est un mod\u00e8le tr\u00e8s Compact gr\u00e2ce \u00e0 ses dimensions 1 530 x 615 x 680 mm, ce qui facilite le passage \u00e0 travers les portes. La brouette Compact a un tube d\u2019un diam\u00e8tre 32 mm, est equip\u00e9e d\u2019une roue d\u2019un diam\u00e8tre 400 mm et poss\u00e8de d\u2019une jante en plastique renforc\u00e9 incassable.<\/p>\n<p>&nbsp;<\/p>\n<p><img decoding=\"async\" class=\"selos-produto\" src=\"http:\/\/dev2jormax.devdg.pt\/wp-content\/uploads\/2019\/10\/europa.jpg\" alt=\"NOME DOS SELOS (SUBSTITUIR)\" \/> <img decoding=\"async\" class=\"selos-produto\" src=\"http:\/\/dev2jormax.devdg.pt\/wp-content\/uploads\/2019\/11\/decret-50-2005.jpg\" alt=\"NOME DOS SELOS (SUBSTITUIR)\" \/> \u00a0\u00a0<img decoding=\"async\" class=\"selos-produto\" src=\"http:\/\/dev2jormax.devdg.pt\/wp-content\/uploads\/2019\/11\/usage-professionnel.jpg\" alt=\"NOME DOS SELOS (SUBSTITUIR)\" \/><\/p>\n<p>&nbsp;<\/p>","protected":false},"featured_media":3536,"template":"","meta":{"_acf_changed":false},"product_brand":[],"product_cat":[107,114],"product_tag":[],"class_list":{"0":"post-3535","1":"product","2":"type-product","3":"status-publish","4":"has-post-thumbnail","6":"product_cat-autres","7":"product_cat-brouette","9":"first","10":"outofstock","11":"taxable","12":"shipping-taxable","13":"product-type-variable"},"acf":[],"_links":{"self":[{"href":"https:\/\/dev1e24jormax.devdg.pt\/pt\/wp-json\/wp\/v2\/product\/3535","targetHints":{"allow":["GET"]}}],"collection":[{"href":"https:\/\/dev1e24jormax.devdg.pt\/pt\/wp-json\/wp\/v2\/product"}],"about":[{"href":"https:\/\/dev1e24jormax.devdg.pt\/pt\/wp-json\/wp\/v2\/types\/product"}],"wp:featuredmedia":[{"embeddable":true,"href":"https:\/\/dev1e24jormax.devdg.pt\/pt\/wp-json\/wp\/v2\/media\/3536"}],"wp:attachment":[{"href":"https:\/\/dev1e24jormax.devdg.pt\/pt\/wp-json\/wp\/v2\/media?parent=3535"}],"wp:term":[{"taxonomy":"product_brand","embeddable":true,"href":"https:\/\/dev1e24jormax.devdg.pt\/pt\/wp-json\/wp\/v2\/product_brand?post=3535"},{"taxonomy":"product_cat","embeddable":true,"href":"https:\/\/dev1e24jormax.devdg.pt\/pt\/wp-json\/wp\/v2\/product_cat?post=3535"},{"taxonomy":"product_tag","embeddable":true,"href":"https:\/\/dev1e24jormax.devdg.pt\/pt\/wp-json\/wp\/v2\/product_tag?post=3535"}],"curies":[{"name":"wp","href":"https:\/\/api.w.org\/{rel}","templated":true}]}}