{"id":3493,"date":"2022-03-16T15:02:43","date_gmt":"2022-03-16T14:02:43","guid":{"rendered":"https:\/\/dev1e24jormax.devdg.pt\/product\/tipo-marinheiro-en-14122-4\/"},"modified":"2025-07-18T11:15:58","modified_gmt":"2025-07-18T09:15:58","slug":"tipo-marinheiro-en-14122-4","status":"publish","type":"product","link":"https:\/\/dev1e24jormax.devdg.pt\/pt\/produto\/tipo-marinheiro-en-14122-4\/","title":{"rendered":"TIPO MARINHEIRO &#8211; EN 14122-4"},"content":{"rendered":"<p style=\"color: red;\"><strong>Aten\u00e7\u00e3o<\/strong><\/p>\n<p>As escadas s\u00e3o fornecidas sempre para um determinado intervalo de medida.<\/p>\n<p>&nbsp;<\/p>\n<p><strong>Exemplo:<\/strong><\/p>\n<p>Escada REF: 104004 &#8211; Esta escada est\u00e1 apta para uma medida compreendida de 5,71 a 6,54 m.<br \/>\nA escada n\u00e3o necessita de ser cortada caso a medida seja 6,54 m, mas caso a medida seja<br \/>\n6,00 m, ter\u00e1 de se cortar 0,54 cm na escada junto ao solo.<\/p>","protected":false},"excerpt":{"rendered":"<p><strong> Escalier d&rsquo;acc\u00e8s en aluminium. <\/strong><\/p>\n<p>\u00a0<\/p>\n<p>Les \u00e9chelles verticales sont une solution appropri\u00e9e lorsque des b\u00e2timents, des installations ou des machines n\u00e9cessitent un acc\u00e8s permanent. Les \u00e9chelles verticales sont robustes, durables, efficaces et permettent une mont\u00e9e et une descente en toute s\u00e9curit\u00e9, m\u00eame \u00e0 de grandes hauteurs. Il dispose de plateformes confortables permettant le repos et simplifiant la mont\u00e9e en cas de d\u00e9placement vertical. Les divers accessoires r\u00e9pondent aux exigences vari\u00e9es que peuvent n\u00e9cessiter les conditions de construction d\u2019\u00e9chelles. Le syst\u00e8me d&rsquo;assemblage optimis\u00e9 de Jormax permet d\u00e9sormais de gagner jusqu&rsquo;\u00e0 30% de temps, m\u00eame dans le cas de syst\u00e8mes complexes multiples. Une nouvelle technique de fixation haute r\u00e9sistance offrant une protection arri\u00e8re importante est la r\u00e9ponse moderne aux exigences croissantes en mati\u00e8re d\u2019\u00e9conomie de production. Nous planifions les \u00e9chelles verticaux en harmonie \u00e9troite avec la partie demandeuse, en fonction de l&#8217;emplacement et du but de l&rsquo;utilisation. Apr\u00e8s tout, une bonne planification est la moiti\u00e9 de la solution. Selon les conditions et le but, diff\u00e9rentes normes sont applicables pour la construction d&rsquo;\u00e9chelles verticales. Les \u00e9chelles verticales Jormax r\u00e9pondent \u00e0 ces normes.<br \/>\n\u00a0<\/p>\n<p><img decoding=\"async\" class=\"selos-produto\" src=\"http:\/\/dev2jormax.devdg.pt\/wp-content\/uploads\/2019\/10\/europa.jpg\" alt=\"SELOS\" \/><img decoding=\"async\" class=\"selos-produto\" src=\"http:\/\/dev2jormax.devdg.pt\/wp-content\/uploads\/2019\/10\/decreto-lei.jpg\" alt=\"SELOS\" \/><img decoding=\"async\" class=\"selos-produto\" src=\"http:\/\/dev2jormax.devdg.pt\/wp-content\/uploads\/2019\/10\/norma-14122.jpg\" alt=\"SELOS\" \/><img decoding=\"async\" class=\"selos-produto\" src=\"http:\/\/dev2jormax.devdg.pt\/wp-content\/uploads\/2019\/10\/garantia-5.jpg\" alt=\"SELOS\" \/><img decoding=\"async\" class=\"selos-produto\" src=\"http:\/\/dev2jormax.devdg.pt\/wp-content\/uploads\/2019\/10\/uso-profissional.jpg\" alt=\"SELOS\" \/><img decoding=\"async\" class=\"selos-produto\" src=\"http:\/\/dev2jormax.devdg.pt\/wp-content\/uploads\/2019\/10\/peso-150.jpg\" alt=\"SELOS\" \/><\/p>\n<p>\u00a0<\/p>","protected":false},"featured_media":3494,"template":"","meta":{"_acf_changed":false},"product_brand":[],"product_cat":[91,105],"product_tag":[],"class_list":{"0":"post-3493","1":"product","2":"type-product","3":"status-publish","4":"has-post-thumbnail","6":"product_cat-echelles","7":"product_cat-echelles-dacces-verticaux","9":"first","10":"outofstock","11":"featured","12":"taxable","13":"shipping-taxable","14":"product-type-variable"},"acf":[],"_links":{"self":[{"href":"https:\/\/dev1e24jormax.devdg.pt\/pt\/wp-json\/wp\/v2\/product\/3493","targetHints":{"allow":["GET"]}}],"collection":[{"href":"https:\/\/dev1e24jormax.devdg.pt\/pt\/wp-json\/wp\/v2\/product"}],"about":[{"href":"https:\/\/dev1e24jormax.devdg.pt\/pt\/wp-json\/wp\/v2\/types\/product"}],"wp:featuredmedia":[{"embeddable":true,"href":"https:\/\/dev1e24jormax.devdg.pt\/pt\/wp-json\/wp\/v2\/media\/3494"}],"wp:attachment":[{"href":"https:\/\/dev1e24jormax.devdg.pt\/pt\/wp-json\/wp\/v2\/media?parent=3493"}],"wp:term":[{"taxonomy":"product_brand","embeddable":true,"href":"https:\/\/dev1e24jormax.devdg.pt\/pt\/wp-json\/wp\/v2\/product_brand?post=3493"},{"taxonomy":"product_cat","embeddable":true,"href":"https:\/\/dev1e24jormax.devdg.pt\/pt\/wp-json\/wp\/v2\/product_cat?post=3493"},{"taxonomy":"product_tag","embeddable":true,"href":"https:\/\/dev1e24jormax.devdg.pt\/pt\/wp-json\/wp\/v2\/product_tag?post=3493"}],"curies":[{"name":"wp","href":"https:\/\/api.w.org\/{rel}","templated":true}]}}