{"id":3476,"date":"2021-06-16T17:07:32","date_gmt":"2021-06-16T15:07:32","guid":{"rendered":"https:\/\/dev1e24jormax.devdg.pt\/product\/echelledetoit\/"},"modified":"2025-07-18T17:42:29","modified_gmt":"2025-07-18T15:42:29","slug":"echelledetoit","status":"publish","type":"product","link":"https:\/\/dev1e24jormax.devdg.pt\/pt\/produto\/echelledetoit\/","title":{"rendered":"Escada Telhado"},"content":{"rendered":"","protected":false},"excerpt":{"rendered":"<p><strong>\u00c9chelle id\u00e9ale pour les toits inclin\u00e9s.<\/strong><\/p>\n<p>L\u2019\u00e9chelle de toit est un outil efficace pour les travaux sur les toits inclin\u00e9s. Les roues du crochet de plafond permettent de monter facilement l\u2019\u00e9chelle \u00e0 la hauteur souhait\u00e9e. Une fois arriv\u00e9 au sommet avec l\u2019\u00e9chelle, elle est pivot\u00e9e pour fixer le crochet sur le toit. L\u2019\u00e9chelle est fixe et stable, garantissant un travail en toute s\u00e9curit\u00e9. La forme unique des \u00e9chelons offre un confort optimal en position debout. Les \u00e9chelles de toit sont disponibles en plusieurs longueurs (3 et 1,5 m\u00e8tres).<br \/>\nEn combinant diff\u00e9rents modules, on obtient une longueur plus importante. La fixation se fait \u00e0 l\u2019aide de crochets en aluminium.<\/p>\n<p><img decoding=\"async\" class=\"selos-produto\" src=\"http:\/\/dev2jormax.devdg.pt\/wp-content\/uploads\/2019\/10\/europa.jpg\" alt=\"NOME DOS SELOS (SUBSTITUIR)\" \/> <img decoding=\"async\" class=\"selos-produto\" src=\"http:\/\/dev2jormax.devdg.pt\/wp-content\/uploads\/2019\/10\/garantia-3.jpg\" alt=\"NOME DOS SELOS (SUBSTITUIR)\" \/> <img decoding=\"async\" class=\"selos-produto\" src=\"http:\/\/dev2jormax.devdg.pt\/wp-content\/uploads\/2019\/10\/uso-profissional.jpg\" alt=\"NOME DOS SELOS (SUBSTITUIR)\" \/> <img decoding=\"async\" class=\"selos-produto\" src=\"http:\/\/dev2jormax.devdg.pt\/wp-content\/uploads\/2019\/10\/peso-150.jpg\" alt=\"NOME DOS SELOS (SUBSTITUIR)\" \/><\/p>","protected":false},"featured_media":3477,"template":"","meta":{"_acf_changed":false},"product_brand":[],"product_cat":[91,111,100],"product_tag":[],"class_list":{"0":"post-3476","1":"product","2":"type-product","3":"status-publish","4":"has-post-thumbnail","6":"product_cat-echelles","7":"product_cat-echelles-dacces","8":"product_cat-echelles-speciaux","10":"first","11":"instock","12":"featured","13":"taxable","14":"shipping-taxable","15":"purchasable","16":"product-type-variable"},"acf":[],"_links":{"self":[{"href":"https:\/\/dev1e24jormax.devdg.pt\/pt\/wp-json\/wp\/v2\/product\/3476","targetHints":{"allow":["GET"]}}],"collection":[{"href":"https:\/\/dev1e24jormax.devdg.pt\/pt\/wp-json\/wp\/v2\/product"}],"about":[{"href":"https:\/\/dev1e24jormax.devdg.pt\/pt\/wp-json\/wp\/v2\/types\/product"}],"wp:featuredmedia":[{"embeddable":true,"href":"https:\/\/dev1e24jormax.devdg.pt\/pt\/wp-json\/wp\/v2\/media\/3477"}],"wp:attachment":[{"href":"https:\/\/dev1e24jormax.devdg.pt\/pt\/wp-json\/wp\/v2\/media?parent=3476"}],"wp:term":[{"taxonomy":"product_brand","embeddable":true,"href":"https:\/\/dev1e24jormax.devdg.pt\/pt\/wp-json\/wp\/v2\/product_brand?post=3476"},{"taxonomy":"product_cat","embeddable":true,"href":"https:\/\/dev1e24jormax.devdg.pt\/pt\/wp-json\/wp\/v2\/product_cat?post=3476"},{"taxonomy":"product_tag","embeddable":true,"href":"https:\/\/dev1e24jormax.devdg.pt\/pt\/wp-json\/wp\/v2\/product_tag?post=3476"}],"curies":[{"name":"wp","href":"https:\/\/api.w.org\/{rel}","templated":true}]}}