{"id":3422,"date":"2019-11-25T14:32:10","date_gmt":"2019-11-25T13:32:10","guid":{"rendered":"https:\/\/dev1e24jormax.devdg.pt\/product\/crochet-porte-objets\/"},"modified":"2025-07-18T11:07:14","modified_gmt":"2025-07-18T09:07:14","slug":"crochet-porte-objets","status":"publish","type":"product","link":"https:\/\/dev1e24jormax.devdg.pt\/pt\/produto\/crochet-porte-objets\/","title":{"rendered":"CROCHET PORTE-OBJETS"},"content":{"rendered":"","protected":false},"excerpt":{"rendered":"<p>Accessoire universel utilis\u00e9 pour les seaux, les instruments et les outils, en acier galvanis\u00e9 qui convient \u00e0 tous les mod\u00e8les d&rsquo;\u00e9chelles. Accessoire tr\u00e8s \u00e9conomique qui permet d&rsquo;avoir les accessoires et les outils \u00e0 port\u00e9e de main. Il permet de travailler de mani\u00e8re confortable et s\u00fbre, sans obstacle, car l\u2019\u00e9chelle est libre. Aucun assemblage requis.<\/p>\n<p>\u00a0<\/p>\n<p>Chaque bo\u00eete contient 2 crochets de dimensions:<br \/>\n\u2022 1 profondeur de 82 et 30 mm de largeur;<br \/>\n\u2022 1 profondeur 60 et 30 mm de largeur.<\/p>","protected":false},"featured_media":3423,"template":"","meta":{"_acf_changed":false},"product_brand":[],"product_cat":[107],"product_tag":[],"class_list":{"0":"post-3422","1":"product","2":"type-product","3":"status-publish","4":"has-post-thumbnail","6":"product_cat-autres","8":"first","9":"outofstock","10":"taxable","11":"shipping-taxable","12":"product-type-variable"},"acf":[],"_links":{"self":[{"href":"https:\/\/dev1e24jormax.devdg.pt\/pt\/wp-json\/wp\/v2\/product\/3422","targetHints":{"allow":["GET"]}}],"collection":[{"href":"https:\/\/dev1e24jormax.devdg.pt\/pt\/wp-json\/wp\/v2\/product"}],"about":[{"href":"https:\/\/dev1e24jormax.devdg.pt\/pt\/wp-json\/wp\/v2\/types\/product"}],"wp:featuredmedia":[{"embeddable":true,"href":"https:\/\/dev1e24jormax.devdg.pt\/pt\/wp-json\/wp\/v2\/media\/3423"}],"wp:attachment":[{"href":"https:\/\/dev1e24jormax.devdg.pt\/pt\/wp-json\/wp\/v2\/media?parent=3422"}],"wp:term":[{"taxonomy":"product_brand","embeddable":true,"href":"https:\/\/dev1e24jormax.devdg.pt\/pt\/wp-json\/wp\/v2\/product_brand?post=3422"},{"taxonomy":"product_cat","embeddable":true,"href":"https:\/\/dev1e24jormax.devdg.pt\/pt\/wp-json\/wp\/v2\/product_cat?post=3422"},{"taxonomy":"product_tag","embeddable":true,"href":"https:\/\/dev1e24jormax.devdg.pt\/pt\/wp-json\/wp\/v2\/product_tag?post=3422"}],"curies":[{"name":"wp","href":"https:\/\/api.w.org\/{rel}","templated":true}]}}