{"id":3412,"date":"2019-11-25T12:19:32","date_gmt":"2019-11-25T11:19:32","guid":{"rendered":"https:\/\/dev1e24jormax.devdg.pt\/product\/accessoire-de-poste\/"},"modified":"2025-07-18T11:07:10","modified_gmt":"2025-07-18T09:07:10","slug":"accessoire-de-poste","status":"publish","type":"product","link":"https:\/\/dev1e24jormax.devdg.pt\/pt\/produto\/accessoire-de-poste\/","title":{"rendered":"ACCESSOIRE DE POSTE"},"content":{"rendered":"","protected":false},"excerpt":{"rendered":"<p>Accessoire universel construit pour permettre un meilleur support et glisser sur des poteaux, des arbres ou des colonnes. Roues de support en nylon et cha\u00eene de s\u00e9curit\u00e9. Inclus vis de fixation. Distance obligatoire 28 cm. Accessoire utilisable dans les \u00e9chelles extensibles.<\/p>","protected":false},"featured_media":3413,"template":"","meta":{"_acf_changed":false},"product_brand":[],"product_cat":[107],"product_tag":[],"class_list":{"0":"post-3412","1":"product","2":"type-product","3":"status-publish","4":"has-post-thumbnail","6":"product_cat-autres","8":"first","9":"outofstock","10":"taxable","11":"shipping-taxable","12":"product-type-variable"},"acf":[],"_links":{"self":[{"href":"https:\/\/dev1e24jormax.devdg.pt\/pt\/wp-json\/wp\/v2\/product\/3412","targetHints":{"allow":["GET"]}}],"collection":[{"href":"https:\/\/dev1e24jormax.devdg.pt\/pt\/wp-json\/wp\/v2\/product"}],"about":[{"href":"https:\/\/dev1e24jormax.devdg.pt\/pt\/wp-json\/wp\/v2\/types\/product"}],"wp:featuredmedia":[{"embeddable":true,"href":"https:\/\/dev1e24jormax.devdg.pt\/pt\/wp-json\/wp\/v2\/media\/3413"}],"wp:attachment":[{"href":"https:\/\/dev1e24jormax.devdg.pt\/pt\/wp-json\/wp\/v2\/media?parent=3412"}],"wp:term":[{"taxonomy":"product_brand","embeddable":true,"href":"https:\/\/dev1e24jormax.devdg.pt\/pt\/wp-json\/wp\/v2\/product_brand?post=3412"},{"taxonomy":"product_cat","embeddable":true,"href":"https:\/\/dev1e24jormax.devdg.pt\/pt\/wp-json\/wp\/v2\/product_cat?post=3412"},{"taxonomy":"product_tag","embeddable":true,"href":"https:\/\/dev1e24jormax.devdg.pt\/pt\/wp-json\/wp\/v2\/product_tag?post=3412"}],"curies":[{"name":"wp","href":"https:\/\/api.w.org\/{rel}","templated":true}]}}