{"id":3403,"date":"2019-11-25T12:08:11","date_gmt":"2019-11-25T11:08:11","guid":{"rendered":"https:\/\/dev1e24jormax.devdg.pt\/product\/barre-dappui\/"},"modified":"2025-07-18T11:07:07","modified_gmt":"2025-07-18T09:07:07","slug":"barre-dappui","status":"publish","type":"product","link":"https:\/\/dev1e24jormax.devdg.pt\/pt\/produto\/barre-dappui\/","title":{"rendered":"BARRE D&rsquo;APPUI"},"content":{"rendered":"","protected":false},"excerpt":{"rendered":"<p>Construite en aluminium, la barre de support permet \u00e0 l\u2019utilisateur de supporter l\u2019\u00e9chelle avec un kit de crochets, afin de fournir une plus grande s\u00e9curit\u00e9 dans le travail \u00e0 effectuer, en emp\u00eachant l\u2019\u00e9chelle de se d\u00e9placer. Vis de fixation et cadenas non inclus.<\/p>","protected":false},"featured_media":3404,"template":"","meta":{"_acf_changed":false},"product_brand":[],"product_cat":[107],"product_tag":[],"class_list":{"0":"post-3403","1":"product","2":"type-product","3":"status-publish","4":"has-post-thumbnail","6":"product_cat-autres","8":"first","9":"outofstock","10":"taxable","11":"shipping-taxable","12":"product-type-variable"},"acf":[],"_links":{"self":[{"href":"https:\/\/dev1e24jormax.devdg.pt\/pt\/wp-json\/wp\/v2\/product\/3403","targetHints":{"allow":["GET"]}}],"collection":[{"href":"https:\/\/dev1e24jormax.devdg.pt\/pt\/wp-json\/wp\/v2\/product"}],"about":[{"href":"https:\/\/dev1e24jormax.devdg.pt\/pt\/wp-json\/wp\/v2\/types\/product"}],"wp:featuredmedia":[{"embeddable":true,"href":"https:\/\/dev1e24jormax.devdg.pt\/pt\/wp-json\/wp\/v2\/media\/3404"}],"wp:attachment":[{"href":"https:\/\/dev1e24jormax.devdg.pt\/pt\/wp-json\/wp\/v2\/media?parent=3403"}],"wp:term":[{"taxonomy":"product_brand","embeddable":true,"href":"https:\/\/dev1e24jormax.devdg.pt\/pt\/wp-json\/wp\/v2\/product_brand?post=3403"},{"taxonomy":"product_cat","embeddable":true,"href":"https:\/\/dev1e24jormax.devdg.pt\/pt\/wp-json\/wp\/v2\/product_cat?post=3403"},{"taxonomy":"product_tag","embeddable":true,"href":"https:\/\/dev1e24jormax.devdg.pt\/pt\/wp-json\/wp\/v2\/product_tag?post=3403"}],"curies":[{"name":"wp","href":"https:\/\/api.w.org\/{rel}","templated":true}]}}