{"id":3392,"date":"2019-11-25T10:48:29","date_gmt":"2019-11-25T09:48:29","guid":{"rendered":"https:\/\/dev1e24jormax.devdg.pt\/product\/large-surface\/"},"modified":"2025-07-18T11:07:03","modified_gmt":"2025-07-18T09:07:03","slug":"large-surface","status":"publish","type":"product","link":"https:\/\/dev1e24jormax.devdg.pt\/pt\/produto\/large-surface\/","title":{"rendered":"LARGE SURFACE"},"content":{"rendered":"","protected":false},"excerpt":{"rendered":"<p>Antid\u00e9rapant en aluminium. Plateforme universelle \u00e0 placer sur n&rsquo;importe quelle \u00e9chelle, dont le marche a une section transversale entre 25 et 30 mm et une distance entre les marches de 250 \u00e0 300 mm. Mesure: 256&#215;265 mm<\/p>\n<p>\u00a0<\/p>\n<table style=\"background: white; border: 0px white; width: 80%; margin-left: -9px;\">\n<tbody>\n<tr>\n<td style=\"background: white; border: 0px white;><p style=\"font-size: 15px;\"><b>Mesure:<\/b> 256&#215;256 mm<\/p>\n<\/td>\n<\/tr>\n<\/tbody>\n<\/table>","protected":false},"featured_media":3393,"template":"","meta":{"_acf_changed":false},"product_brand":[],"product_cat":[15],"product_tag":[],"class_list":{"0":"post-3392","1":"product","2":"type-product","3":"status-publish","4":"has-post-thumbnail","6":"product_cat-semcategoria","8":"first","9":"outofstock","10":"taxable","11":"shipping-taxable","12":"product-type-variable"},"acf":[],"_links":{"self":[{"href":"https:\/\/dev1e24jormax.devdg.pt\/pt\/wp-json\/wp\/v2\/product\/3392","targetHints":{"allow":["GET"]}}],"collection":[{"href":"https:\/\/dev1e24jormax.devdg.pt\/pt\/wp-json\/wp\/v2\/product"}],"about":[{"href":"https:\/\/dev1e24jormax.devdg.pt\/pt\/wp-json\/wp\/v2\/types\/product"}],"wp:featuredmedia":[{"embeddable":true,"href":"https:\/\/dev1e24jormax.devdg.pt\/pt\/wp-json\/wp\/v2\/media\/3393"}],"wp:attachment":[{"href":"https:\/\/dev1e24jormax.devdg.pt\/pt\/wp-json\/wp\/v2\/media?parent=3392"}],"wp:term":[{"taxonomy":"product_brand","embeddable":true,"href":"https:\/\/dev1e24jormax.devdg.pt\/pt\/wp-json\/wp\/v2\/product_brand?post=3392"},{"taxonomy":"product_cat","embeddable":true,"href":"https:\/\/dev1e24jormax.devdg.pt\/pt\/wp-json\/wp\/v2\/product_cat?post=3392"},{"taxonomy":"product_tag","embeddable":true,"href":"https:\/\/dev1e24jormax.devdg.pt\/pt\/wp-json\/wp\/v2\/product_tag?post=3392"}],"curies":[{"name":"wp","href":"https:\/\/api.w.org\/{rel}","templated":true}]}}