{"id":3372,"date":"2019-10-21T12:00:06","date_gmt":"2019-10-21T10:00:06","guid":{"rendered":"https:\/\/dev1e24jormax.devdg.pt\/product\/plataforma-movel-com-plataforma-60o\/"},"modified":"2025-07-18T17:39:33","modified_gmt":"2025-07-18T15:39:33","slug":"plataforma-movel-com-plataforma-60o","status":"publish","type":"product","link":"https:\/\/dev1e24jormax.devdg.pt\/pt\/produto\/plataforma-movel-com-plataforma-60o\/","title":{"rendered":"PLATAFORMA M\u00d3VEL COM PLATAFORMA 60\u00ba"},"content":{"rendered":"","protected":false},"excerpt":{"rendered":"<p><strong>Large plateforme de travail.<\/strong><\/p>\n<p>\u00a0<\/p>\n<p>Construit en aluminium extrud\u00e9 avec une large plateforme de travail de 600, 800, 1000&#215;200 mm, plinthe et garde-corps de protection de 1 m de hauteur. La rampe de mont\u00e9e est large et confortable, a une inclinaison de 60\u00b0 avec des marches antid\u00e9rapants de 20 cm de profondeur et une distance entre marches de 25 cm. Pour \u00e9viter des co\u00fbts de transport excessifs, la plateforme est commercialis\u00e9e d\u00e9mont\u00e9e \u00e0 la suite d&rsquo;un manuel d&rsquo;instructions de montage. L&rsquo;arri\u00e8re est perpendiculaire au sol afin de permettre \u00e0 l&rsquo;utilisateur un acc\u00e8s tr\u00e8s proche au mur ou \u00e0 la machine. Il peut \u00eatre facilement transport\u00e9 sur le lieu de travail gr\u00e2ce aux roues. Livraison d\u00e9mont\u00e9e et avec manuel de montage d\u00e9taill\u00e9.<\/p>\n<p>\u00a0<\/p>\n<p><img decoding=\"async\" class=\"selos-produto\" src=\"http:\/\/dev2jormax.devdg.pt\/wp-content\/uploads\/2019\/10\/europa.jpg\" alt=\"NOME DOS SELOS (SUBSTITUIR)\" \/> <img decoding=\"async\" class=\"selos-produto\" src=\"http:\/\/dev2jormax.devdg.pt\/wp-content\/uploads\/2019\/11\/decret-50-2005.jpg\" alt=\"NOME DOS SELOS (SUBSTITUIR)\" \/> <img decoding=\"async\" class=\"selos-produto\" src=\"http:\/\/dev2jormax.devdg.pt\/wp-content\/uploads\/2019\/11\/norme-14122.jpg\" alt=\"NOME DOS SELOS (SUBSTITUIR)\" \/> <img decoding=\"async\" class=\"selos-produto\" src=\"http:\/\/dev2jormax.devdg.pt\/wp-content\/uploads\/2019\/11\/garantie-5.jpg\" alt=\"NOME DOS SELOS (SUBSTITUIR)\" \/> <img decoding=\"async\" class=\"selos-produto\" src=\"http:\/\/dev2jormax.devdg.pt\/wp-content\/uploads\/2019\/11\/usage-professionnel.jpg\" alt=\"NOME DOS SELOS (SUBSTITUIR)\" \/> <img decoding=\"async\" class=\"selos-produto\" src=\"http:\/\/dev2jormax.devdg.pt\/wp-content\/uploads\/2019\/10\/peso-200.jpg\" alt=\"NOME DOS SELOS (SUBSTITUIR)\" \/><\/p>\n<p>\u00a0<\/p>","protected":false},"featured_media":3373,"template":"","meta":{"_acf_changed":false},"product_brand":[],"product_cat":[109,97],"product_tag":[],"class_list":{"0":"post-3372","1":"product","2":"type-product","3":"status-publish","4":"has-post-thumbnail","6":"product_cat-plate-forme-a-1-voies","7":"product_cat-plates-formes","9":"first","10":"instock","11":"taxable","12":"shipping-taxable","13":"purchasable","14":"product-type-variable"},"acf":[],"_links":{"self":[{"href":"https:\/\/dev1e24jormax.devdg.pt\/pt\/wp-json\/wp\/v2\/product\/3372","targetHints":{"allow":["GET"]}}],"collection":[{"href":"https:\/\/dev1e24jormax.devdg.pt\/pt\/wp-json\/wp\/v2\/product"}],"about":[{"href":"https:\/\/dev1e24jormax.devdg.pt\/pt\/wp-json\/wp\/v2\/types\/product"}],"wp:featuredmedia":[{"embeddable":true,"href":"https:\/\/dev1e24jormax.devdg.pt\/pt\/wp-json\/wp\/v2\/media\/3373"}],"wp:attachment":[{"href":"https:\/\/dev1e24jormax.devdg.pt\/pt\/wp-json\/wp\/v2\/media?parent=3372"}],"wp:term":[{"taxonomy":"product_brand","embeddable":true,"href":"https:\/\/dev1e24jormax.devdg.pt\/pt\/wp-json\/wp\/v2\/product_brand?post=3372"},{"taxonomy":"product_cat","embeddable":true,"href":"https:\/\/dev1e24jormax.devdg.pt\/pt\/wp-json\/wp\/v2\/product_cat?post=3372"},{"taxonomy":"product_tag","embeddable":true,"href":"https:\/\/dev1e24jormax.devdg.pt\/pt\/wp-json\/wp\/v2\/product_tag?post=3372"}],"curies":[{"name":"wp","href":"https:\/\/api.w.org\/{rel}","templated":true}]}}