{"id":3320,"date":"2019-10-21T10:45:07","date_gmt":"2019-10-21T08:45:07","guid":{"rendered":"https:\/\/dev1e24jormax.devdg.pt\/product\/palco-1-subida\/"},"modified":"2025-07-18T17:39:31","modified_gmt":"2025-07-18T15:39:31","slug":"palco-1-subida","status":"publish","type":"product","link":"https:\/\/dev1e24jormax.devdg.pt\/pt\/produto\/palco-1-subida\/","title":{"rendered":"PALCO 1 SUBIDA"},"content":{"rendered":"<\/p>","protected":false},"excerpt":{"rendered":"<p><strong>Plateforme d&rsquo;entrep\u00f4t d&rsquo;une mont\u00e9e.<\/strong><\/p>\n<p>\u00a0<\/p>\n<p>Plateforme d&rsquo;entrep\u00f4t mobile en aluminium extrud\u00e9 c\u00f4tel\u00e9. Ils ont une large plateforme de travail de 60&#215;80 cm, des plinthes et des garde-corps de 1 m de hauteur qui prot\u00e8gent le travailleur. Escalade confortable de 60 cm de large et de marches plates antid\u00e9rapants inclin\u00e9es \u00e0 55\u00b0 avec une profondeur de 20 cm. Le syst\u00e8me de freinage automatique s&rsquo;active lorsque le plateforme est en position d&rsquo;utilisation et se d\u00e9sactive lorsque l&rsquo;op\u00e9rateur descend. Le plateforme se d\u00e9place facilement gr\u00e2ce \u00e0 ses roues de 125 mm de diam\u00e8tre. C\u00f4t\u00e9 arri\u00e8re, presque vertical, perpendiculaire au sol, permettant au travailleur de s\u2019approcher des machines ou des surfaces sur lesquelles le travail doit \u00eatre effectu\u00e9. Le plateforme est d\u00e9mont\u00e9e et dispose d&rsquo;un manuel de montage d\u00e9taill\u00e9.<\/p>\n<p>\u00a0<\/p>\n<p><img decoding=\"async\" class=\"selos-produto\" src=\"http:\/\/dev2jormax.devdg.pt\/wp-content\/uploads\/2019\/10\/europa.jpg\" alt=\"NOME DOS SELOS (SUBSTITUIR)\" \/> <img decoding=\"async\" class=\"selos-produto\" src=\"http:\/\/dev2jormax.devdg.pt\/wp-content\/uploads\/2019\/11\/decret-50-2005.jpg\" alt=\"NOME DOS SELOS (SUBSTITUIR)\" \/> <img decoding=\"async\" class=\"selos-produto\" src=\"http:\/\/dev2jormax.devdg.pt\/wp-content\/uploads\/2019\/11\/norme-131-7.jpg\" alt=\"NOME DOS SELOS (SUBSTITUIR)\" \/> <img decoding=\"async\" class=\"selos-produto\" src=\"http:\/\/dev2jormax.devdg.pt\/wp-content\/uploads\/2019\/11\/garantie-5.jpg\" alt=\"NOME DOS SELOS (SUBSTITUIR)\" \/> <img decoding=\"async\" class=\"selos-produto\" src=\"http:\/\/dev2jormax.devdg.pt\/wp-content\/uploads\/2019\/11\/usage-professionnel.jpg\" alt=\"NOME DOS SELOS (SUBSTITUIR)\" \/> <img decoding=\"async\" class=\"selos-produto\" src=\"http:\/\/dev2jormax.devdg.pt\/wp-content\/uploads\/2019\/10\/peso-150.jpg\" alt=\"NOME DOS SELOS (SUBSTITUIR)\" \/><\/p>\n<p>\u00a0<\/p>","protected":false},"featured_media":3321,"template":"","meta":{"_acf_changed":false},"product_brand":[],"product_cat":[109,97],"product_tag":[],"class_list":{"0":"post-3320","1":"product","2":"type-product","3":"status-publish","4":"has-post-thumbnail","6":"product_cat-plate-forme-a-1-voies","7":"product_cat-plates-formes","9":"first","10":"instock","11":"taxable","12":"shipping-taxable","13":"purchasable","14":"product-type-variable"},"acf":[],"_links":{"self":[{"href":"https:\/\/dev1e24jormax.devdg.pt\/pt\/wp-json\/wp\/v2\/product\/3320","targetHints":{"allow":["GET"]}}],"collection":[{"href":"https:\/\/dev1e24jormax.devdg.pt\/pt\/wp-json\/wp\/v2\/product"}],"about":[{"href":"https:\/\/dev1e24jormax.devdg.pt\/pt\/wp-json\/wp\/v2\/types\/product"}],"wp:featuredmedia":[{"embeddable":true,"href":"https:\/\/dev1e24jormax.devdg.pt\/pt\/wp-json\/wp\/v2\/media\/3321"}],"wp:attachment":[{"href":"https:\/\/dev1e24jormax.devdg.pt\/pt\/wp-json\/wp\/v2\/media?parent=3320"}],"wp:term":[{"taxonomy":"product_brand","embeddable":true,"href":"https:\/\/dev1e24jormax.devdg.pt\/pt\/wp-json\/wp\/v2\/product_brand?post=3320"},{"taxonomy":"product_cat","embeddable":true,"href":"https:\/\/dev1e24jormax.devdg.pt\/pt\/wp-json\/wp\/v2\/product_cat?post=3320"},{"taxonomy":"product_tag","embeddable":true,"href":"https:\/\/dev1e24jormax.devdg.pt\/pt\/wp-json\/wp\/v2\/product_tag?post=3320"}],"curies":[{"name":"wp","href":"https:\/\/api.w.org\/{rel}","templated":true}]}}