{"id":3267,"date":"2019-10-22T10:22:01","date_gmt":"2019-10-22T08:22:01","guid":{"rendered":"https:\/\/dev1e24jormax.devdg.pt\/product\/escada-acesso-com-plataforma-60o\/"},"modified":"2025-07-18T17:39:50","modified_gmt":"2025-07-18T15:39:50","slug":"escada-acesso-com-plataforma-60o","status":"publish","type":"product","link":"https:\/\/dev1e24jormax.devdg.pt\/pt\/produto\/escada-acesso-com-plataforma-60o\/","title":{"rendered":"ESCADA ACESSO COM PLATAFORMA 60\u00ba"},"content":{"rendered":"","protected":false},"excerpt":{"rendered":"<p><strong>60\u00b0 avec une mont\u00e9e tr\u00e8s confortable.<\/strong><\/p>\n<p>\u00a0<\/p>\n<p>E\u0301chelle supple\u0301mentaire avec une monte\u0301e tre\u0300s confortable. Construit en aluminium extrude\u0301 co\u0302tele\u0301, avec large plateforme, main courante de protection d&rsquo;une hauteur de 110 cm. La rampe de monte\u0301e est large et confortable avec une inclinaison de 60\u00b0 et de marches antide\u0301rapants, une profondeur de 20 cm et une distance du sol de 20 cm les unes des autres. Pour e\u0301viter les proble\u0300mes et les cou\u0302ts de transport e\u0301leve\u0301s, l&rsquo;e\u0301chelle est livre\u0301e de\u0301monte\u0301e et peut e\u0302tre facilement assemble\u0301e gra\u0302ce au manuel d&rsquo;instructions de\u0301taille\u0301. La largeur de l&rsquo;e\u0301chelle peut e\u0302tre de 60, 80 ou 100 cm. Les supports muraux sont obligatoires, mais sont exclus de l&rsquo;e\u0301quipement et du prix.<br \/>\nL&rsquo;\u00e9chelle est fabriqu\u00e9e selon la norme europ\u00e9enne EN 14122.<br \/>\n<strong>Mesures sp\u00e9ciales sur demande.<\/strong><\/p>\n<p>\u00a0<\/p>\n<p><img decoding=\"async\" class=\"selos-produto\" src=\"http:\/\/dev2jormax.devdg.pt\/wp-content\/uploads\/2019\/10\/europa.jpg\" alt=\"NOME DOS SELOS (SUBSTITUIR)\" \/> <img decoding=\"async\" class=\"selos-produto\" src=\"http:\/\/dev2jormax.devdg.pt\/wp-content\/uploads\/2019\/11\/decret-50-2005.jpg\" alt=\"NOME DOS SELOS (SUBSTITUIR)\" \/> <img decoding=\"async\" class=\"selos-produto\" src=\"http:\/\/dev2jormax.devdg.pt\/wp-content\/uploads\/2019\/11\/norme-14122.jpg\" alt=\"NOME DOS SELOS (SUBSTITUIR)\" \/> <img decoding=\"async\" class=\"selos-produto\" src=\"http:\/\/dev2jormax.devdg.pt\/wp-content\/uploads\/2019\/11\/garantie-5.jpg\" alt=\"NOME DOS SELOS (SUBSTITUIR)\" \/> <img decoding=\"async\" class=\"selos-produto\" src=\"http:\/\/dev2jormax.devdg.pt\/wp-content\/uploads\/2019\/11\/usage-professionnel.jpg\" alt=\"NOME DOS SELOS (SUBSTITUIR)\" \/> <img decoding=\"async\" class=\"selos-produto\" src=\"http:\/\/dev2jormax.devdg.pt\/wp-content\/uploads\/2019\/10\/peso-200.jpg\" alt=\"NOME DOS SELOS (SUBSTITUIR)\" \/><\/p>\n<p>\u00a0<\/p>","protected":false},"featured_media":3268,"template":"","meta":{"_acf_changed":false},"product_brand":[],"product_cat":[91,111],"product_tag":[],"class_list":{"0":"post-3267","1":"product","2":"type-product","3":"status-publish","4":"has-post-thumbnail","6":"product_cat-echelles","7":"product_cat-echelles-dacces","9":"first","10":"instock","11":"taxable","12":"shipping-taxable","13":"purchasable","14":"product-type-variable"},"acf":[],"_links":{"self":[{"href":"https:\/\/dev1e24jormax.devdg.pt\/pt\/wp-json\/wp\/v2\/product\/3267","targetHints":{"allow":["GET"]}}],"collection":[{"href":"https:\/\/dev1e24jormax.devdg.pt\/pt\/wp-json\/wp\/v2\/product"}],"about":[{"href":"https:\/\/dev1e24jormax.devdg.pt\/pt\/wp-json\/wp\/v2\/types\/product"}],"wp:featuredmedia":[{"embeddable":true,"href":"https:\/\/dev1e24jormax.devdg.pt\/pt\/wp-json\/wp\/v2\/media\/3268"}],"wp:attachment":[{"href":"https:\/\/dev1e24jormax.devdg.pt\/pt\/wp-json\/wp\/v2\/media?parent=3267"}],"wp:term":[{"taxonomy":"product_brand","embeddable":true,"href":"https:\/\/dev1e24jormax.devdg.pt\/pt\/wp-json\/wp\/v2\/product_brand?post=3267"},{"taxonomy":"product_cat","embeddable":true,"href":"https:\/\/dev1e24jormax.devdg.pt\/pt\/wp-json\/wp\/v2\/product_cat?post=3267"},{"taxonomy":"product_tag","embeddable":true,"href":"https:\/\/dev1e24jormax.devdg.pt\/pt\/wp-json\/wp\/v2\/product_tag?post=3267"}],"curies":[{"name":"wp","href":"https:\/\/api.w.org\/{rel}","templated":true}]}}