{"id":3257,"date":"2019-10-22T10:51:33","date_gmt":"2019-10-22T08:51:33","guid":{"rendered":"https:\/\/dev1e24jormax.devdg.pt\/product\/up-lift\/"},"modified":"2025-07-17T21:38:42","modified_gmt":"2025-07-17T19:38:42","slug":"up-lift","status":"publish","type":"product","link":"https:\/\/dev1e24jormax.devdg.pt\/pt\/produto\/up-lift\/","title":{"rendered":"UP-LIFT"},"content":{"rendered":"","protected":false},"excerpt":{"rendered":"<p><strong>Plateforme t\u00e9lescopique mince en aluminium.<\/strong><\/p>\n<p>\u00a0<\/p>\n<p>Plateforme a\u00e9rienne t\u00e9lescopique, \u00e9quip\u00e9e d&rsquo;un \u00e9l\u00e9vateur \u00e9lectrique et d&rsquo;une manutention manuelle. Fabriqu\u00e9 en aluminium et peint avec de la peinture \u00e9poxy. Il se l\u00e8ve au moyen d&rsquo;un syst\u00e8me \u00e9lectro-hydraulique et ne peut \u00eatre transport\u00e9 que par un ouvrier gr\u00e2ce \u00e0 sa l\u00e9g\u00e8ret\u00e9. Pour le transporter, ses contrepoids (4 pi\u00e8ces de 15 kg) et la batterie (9 kg) peuvent \u00eatre d\u00e9mont\u00e9s. Il pr\u00e9sente \u00e9galement un prix inf\u00e9rieur par rapport aux plateformes a\u00e9riennes articul\u00e9es classiques. Allie confort et prix abordable, il est con\u00e7u pour la maintenance, la peinture, le nettoyage, l&rsquo;installation, etc. De petite taille, il passe par les portes et les ascenseurs. Peut \u00eatre utilis\u00e9 dans les entreprises, les entrep\u00f4ts, les supermarch\u00e9s ou les b\u00e2timents gr\u00e2ce \u00e0 leur petite taille.<\/p>\n<p>\u00a0<\/p>\n<p style=\"color: red;\">REF: 300001<\/p>\n<p>\u00a0<\/p>\n<p><img decoding=\"async\" class=\"selos-produto\" src=\"http:\/\/dev2jormax.devdg.pt\/wp-content\/uploads\/2019\/10\/europa.jpg\" alt=\"NOME DOS SELOS (SUBSTITUIR)\" \/> <img decoding=\"async\" class=\"selos-produto\" src=\"http:\/\/dev2jormax.devdg.pt\/wp-content\/uploads\/2019\/11\/decret-50-2005.jpg\" alt=\"NOME DOS SELOS (SUBSTITUIR)\" \/> <img decoding=\"async\" class=\"selos-produto\" src=\"http:\/\/dev2jormax.devdg.pt\/wp-content\/uploads\/2019\/11\/garantie-2.jpg\" alt=\"NOME DOS SELOS (SUBSTITUIR)\" \/> <img decoding=\"async\" class=\"selos-produto\" src=\"http:\/\/dev2jormax.devdg.pt\/wp-content\/uploads\/2019\/11\/usage-professionnel.jpg\" alt=\"NOME DOS SELOS (SUBSTITUIR)\" \/> <img decoding=\"async\" class=\"selos-produto\" src=\"http:\/\/dev2jormax.devdg.pt\/wp-content\/uploads\/2019\/10\/peso-120.jpg\" alt=\"NOME DOS SELOS (SUBSTITUIR)\" \/> <img decoding=\"async\" class=\"selos-produto\" src=\"http:\/\/dev2jormax.devdg.pt\/wp-content\/uploads\/2019\/10\/c-e.jpg\" alt=\"NOME DOS SELOS (SUBSTITUIR)\" \/><\/p>\n<p>\u00a0<\/p>","protected":false},"featured_media":3258,"template":"","meta":{"_acf_changed":false},"product_brand":[],"product_cat":[97],"product_tag":[],"class_list":{"0":"post-3257","1":"product","2":"type-product","3":"status-publish","4":"has-post-thumbnail","6":"product_cat-plates-formes","8":"first","9":"outofstock","10":"taxable","11":"shipping-taxable","12":"product-type-variable"},"acf":[],"_links":{"self":[{"href":"https:\/\/dev1e24jormax.devdg.pt\/pt\/wp-json\/wp\/v2\/product\/3257","targetHints":{"allow":["GET"]}}],"collection":[{"href":"https:\/\/dev1e24jormax.devdg.pt\/pt\/wp-json\/wp\/v2\/product"}],"about":[{"href":"https:\/\/dev1e24jormax.devdg.pt\/pt\/wp-json\/wp\/v2\/types\/product"}],"wp:featuredmedia":[{"embeddable":true,"href":"https:\/\/dev1e24jormax.devdg.pt\/pt\/wp-json\/wp\/v2\/media\/3258"}],"wp:attachment":[{"href":"https:\/\/dev1e24jormax.devdg.pt\/pt\/wp-json\/wp\/v2\/media?parent=3257"}],"wp:term":[{"taxonomy":"product_brand","embeddable":true,"href":"https:\/\/dev1e24jormax.devdg.pt\/pt\/wp-json\/wp\/v2\/product_brand?post=3257"},{"taxonomy":"product_cat","embeddable":true,"href":"https:\/\/dev1e24jormax.devdg.pt\/pt\/wp-json\/wp\/v2\/product_cat?post=3257"},{"taxonomy":"product_tag","embeddable":true,"href":"https:\/\/dev1e24jormax.devdg.pt\/pt\/wp-json\/wp\/v2\/product_tag?post=3257"}],"curies":[{"name":"wp","href":"https:\/\/api.w.org\/{rel}","templated":true}]}}