{"id":3136,"date":"2019-10-24T15:10:37","date_gmt":"2019-10-24T13:10:37","guid":{"rendered":"https:\/\/dev1e24jormax.devdg.pt\/product\/structures-speciales-adaptees-a-vous\/"},"modified":"2025-07-17T21:32:35","modified_gmt":"2025-07-17T19:32:35","slug":"structures-speciales-adaptees-a-vous","status":"publish","type":"product","link":"https:\/\/dev1e24jormax.devdg.pt\/pt\/produto\/structures-speciales-adaptees-a-vous\/","title":{"rendered":"STRUCTURES SP\u00c9CIALES ADAPT\u00c9ES \u00c0 VOUS"},"content":{"rendered":"","protected":false},"excerpt":{"rendered":"<p><strong>Structures personnalis\u00e9es sp\u00e9cialement con\u00e7ues pour vos besoins.<\/strong><\/p>\n<p>&nbsp;<\/p>\n<p>Jormax propose une gamme de produits issus d\u2019une grande exp\u00e9rience, test\u00e9s et certifi\u00e9s par des organismes officiellement reconnus, fabriqu\u00e9s selon les normes nationales et europ\u00e9ennes de qualit\u00e9 et de s\u00e9curit\u00e9. Jormax est en mesure de fournir des \u00e9chelles en aluminium et des cadres sp\u00e9ciaux en alliage d&rsquo;aluminium, con\u00e7us sur mesure pour r\u00e9pondre aux besoins d&rsquo;acc\u00e8s sp\u00e9cifiques. Nos solutions sont d\u00e9velopp\u00e9es en fonction des exigences<br \/>\nde votre entreprise et de votre espace.<\/p>\n<p>&nbsp;<\/p>\n<p><b>Nous r\u00e9alisons des designs personnalis\u00e9s:<\/b><br \/>\n\u2022 Pour l&rsquo;a\u00e9ronautique;<br \/>\n\u2022 Pour la construction;<br \/>\n\u2022 Pour chemis de fer;<br \/>\n\u2022 Pour l&rsquo;industrie;<br \/>\n\u2022 Pour les transports terrestre;<\/p>\n<p>&nbsp;<\/p>\n<p><b>Tous les produits personnalis\u00e9s sont en conformit\u00e9 avec:<\/b><br \/>\n\u2022 Projet;<br \/>\n\u2022 Manuel de montage et d&rsquo;utilisation;<br \/>\n\u2022 Certificat de test.<\/p>\n<p>&nbsp;<\/p>\n<p><img decoding=\"async\" class=\"selos-produto\" src=\"http:\/\/dev2jormax.devdg.pt\/wp-content\/uploads\/2019\/10\/europa.jpg\" alt=\"NOME DOS SELOS (SUBSTITUIR)\" \/> <img decoding=\"async\" class=\"selos-produto\" src=\"http:\/\/dev2jormax.devdg.pt\/wp-content\/uploads\/2019\/11\/decret-50-2005.jpg\" alt=\"NOME DOS SELOS (SUBSTITUIR)\" \/> <img decoding=\"async\" class=\"selos-produto\" src=\"http:\/\/dev2jormax.devdg.pt\/wp-content\/uploads\/2019\/11\/norme-14122.jpg\" alt=\"NOME DOS SELOS (SUBSTITUIR)\" \/> <img decoding=\"async\" class=\"selos-produto\" src=\"http:\/\/dev2jormax.devdg.pt\/wp-content\/uploads\/2019\/11\/garantie-10.jpg\" alt=\"NOME DOS SELOS (SUBSTITUIR)\" \/> <img decoding=\"async\" class=\"selos-produto\" src=\"http:\/\/dev2jormax.devdg.pt\/wp-content\/uploads\/2019\/11\/usage-professionnel.jpg\" alt=\"NOME DOS SELOS (SUBSTITUIR)\" \/> <img decoding=\"async\" class=\"selos-produto\" src=\"http:\/\/dev2jormax.devdg.pt\/wp-content\/uploads\/2019\/11\/usage-domestique.jpg\" alt=\"NOME DOS SELOS (SUBSTITUIR)\" \/><\/p>\n<p>&nbsp;<\/p>","protected":false},"featured_media":3137,"template":"","meta":{"_acf_changed":false},"product_brand":[],"product_cat":[79],"product_tag":[],"class_list":{"0":"post-3136","1":"product","2":"type-product","3":"status-publish","4":"has-post-thumbnail","6":"product_cat-non-classe","8":"first","9":"outofstock","10":"taxable","11":"shipping-taxable","12":"product-type-variable"},"acf":[],"_links":{"self":[{"href":"https:\/\/dev1e24jormax.devdg.pt\/pt\/wp-json\/wp\/v2\/product\/3136","targetHints":{"allow":["GET"]}}],"collection":[{"href":"https:\/\/dev1e24jormax.devdg.pt\/pt\/wp-json\/wp\/v2\/product"}],"about":[{"href":"https:\/\/dev1e24jormax.devdg.pt\/pt\/wp-json\/wp\/v2\/types\/product"}],"wp:featuredmedia":[{"embeddable":true,"href":"https:\/\/dev1e24jormax.devdg.pt\/pt\/wp-json\/wp\/v2\/media\/3137"}],"wp:attachment":[{"href":"https:\/\/dev1e24jormax.devdg.pt\/pt\/wp-json\/wp\/v2\/media?parent=3136"}],"wp:term":[{"taxonomy":"product_brand","embeddable":true,"href":"https:\/\/dev1e24jormax.devdg.pt\/pt\/wp-json\/wp\/v2\/product_brand?post=3136"},{"taxonomy":"product_cat","embeddable":true,"href":"https:\/\/dev1e24jormax.devdg.pt\/pt\/wp-json\/wp\/v2\/product_cat?post=3136"},{"taxonomy":"product_tag","embeddable":true,"href":"https:\/\/dev1e24jormax.devdg.pt\/pt\/wp-json\/wp\/v2\/product_tag?post=3136"}],"curies":[{"name":"wp","href":"https:\/\/api.w.org\/{rel}","templated":true}]}}