{"id":3105,"date":"2019-10-24T14:15:42","date_gmt":"2019-10-24T12:15:42","guid":{"rendered":"https:\/\/dev1e24jormax.devdg.pt\/product\/tempo-confort\/"},"modified":"2025-07-17T21:31:00","modified_gmt":"2025-07-17T19:31:00","slug":"tempo-confort","status":"publish","type":"product","link":"https:\/\/dev1e24jormax.devdg.pt\/pt\/produto\/tempo-confort\/","title":{"rendered":"TEMPO CONFORT"},"content":{"rendered":"<p style=\"padding10px; background: #fb383b; color: white; text-align: center;\"><strong>TEMPO CONFORT<br \/>\n<\/strong><\/p>\n<p style=\"font-size: 12px; line-height: 19px;\">**La hauteur maximale de la plateforme autoris\u00e9e \u00e0 l\u2019ext\u00e9rieur sans fixation est de 8,00 m.<br \/>\n*Hauteur pour une utilisation en int\u00e9rieur<\/p>","protected":false},"excerpt":{"rendered":"<p><strong>Il est id\u00e9al pour les ouvriers du b\u00e2timent, les installations, la peinture et la maintenance.<\/strong><\/p>\n<p>\u00a0<\/p>\n<p>Tempo Confort dispose d&rsquo;escaliers int\u00e9rieurs confortables avec un angle d&rsquo;inclinaison de 45\u00b0 et de larges marches de 10 cm de profondeur. Chaque \u00e9chelle a 2 mains courantes qui permettent \u00e0 l\u2019op\u00e9rateur de monter et descendre les mains libres. Au bout de chaque \u00e9chelle, la plateforme interm\u00e9diaire permet de travailler \u00e0 plusieurs niveaux et d&rsquo;acc\u00e9der \u00e0 l&rsquo;\u00e9chelle suivante. L&rsquo;entr\u00e9e de l&rsquo;\u00e9chafaudage est du c\u00f4t\u00e9 le plus court gr\u00e2ce \u00e0 une marque d&rsquo;acc\u00e8s sp\u00e9ciale. Les accessoires sp\u00e9cifiques de Tempo Confort vous permettent de grimper en toute s\u00e9curit\u00e9 et confortablement dans toutes les utilisations. Il est compos\u00e9 de quelques composants qui facilitent le transport et l\u2019assemblage (aucun outil requis). Ils peuvent \u00eatre utilis\u00e9s dans des configurations standard ou des structures personnalis\u00e9es. Fabriqu\u00e9 en tube d&rsquo;aluminium \u00f8 50 mm avec marches antid\u00e9rapants et anticorrosion.<\/p>\n<p>\u00a0<\/p>\n<p><img decoding=\"async\" class=\"selos-produto\" src=\"http:\/\/dev2jormax.devdg.pt\/wp-content\/uploads\/2019\/10\/europa.jpg\" alt=\"NOME DOS SELOS (SUBSTITUIR)\" \/> <img decoding=\"async\" class=\"selos-produto\" src=\"http:\/\/dev2jormax.devdg.pt\/wp-content\/uploads\/2019\/11\/decret-50-2005.jpg\" alt=\"NOME DOS SELOS (SUBSTITUIR)\" \/> <img decoding=\"async\" class=\"selos-produto\" src=\"http:\/\/dev2jormax.devdg.pt\/wp-content\/uploads\/2019\/11\/norme-1004.jpg\" alt=\"NOME DOS SELOS (SUBSTITUIR)\" \/> <img decoding=\"async\" class=\"selos-produto\" src=\"http:\/\/dev2jormax.devdg.pt\/wp-content\/uploads\/2019\/11\/garantie-5.jpg\" alt=\"NOME DOS SELOS (SUBSTITUIR)\" \/> <img decoding=\"async\" class=\"selos-produto\" src=\"http:\/\/dev2jormax.devdg.pt\/wp-content\/uploads\/2019\/10\/norma-UN-EN.jpg\" alt=\"NOME DOS SELOS (SUBSTITUIR)\" \/> <img decoding=\"async\" class=\"selos-produto\" src=\"http:\/\/dev2jormax.devdg.pt\/wp-content\/uploads\/2019\/11\/usage-professionnel.jpg\" alt=\"NOME DOS SELOS (SUBSTITUIR)\" \/> <img decoding=\"async\" class=\"selos-produto\" src=\"http:\/\/dev2jormax.devdg.pt\/wp-content\/uploads\/2019\/10\/peso-200-m2.jpg\" alt=\"NOME DOS SELOS (SUBSTITUIR)\" \/><\/p>\n<p>\u00a0<\/p>","protected":false},"featured_media":3106,"template":"","meta":{"_acf_changed":false},"product_brand":[],"product_cat":[81,103],"product_tag":[],"class_list":{"0":"post-3105","1":"product","2":"type-product","3":"status-publish","4":"has-post-thumbnail","6":"product_cat-echafaudage","7":"product_cat-echafaudage-structurel","9":"first","10":"outofstock","11":"taxable","12":"shipping-taxable","13":"product-type-variable"},"acf":[],"_links":{"self":[{"href":"https:\/\/dev1e24jormax.devdg.pt\/pt\/wp-json\/wp\/v2\/product\/3105","targetHints":{"allow":["GET"]}}],"collection":[{"href":"https:\/\/dev1e24jormax.devdg.pt\/pt\/wp-json\/wp\/v2\/product"}],"about":[{"href":"https:\/\/dev1e24jormax.devdg.pt\/pt\/wp-json\/wp\/v2\/types\/product"}],"wp:featuredmedia":[{"embeddable":true,"href":"https:\/\/dev1e24jormax.devdg.pt\/pt\/wp-json\/wp\/v2\/media\/3106"}],"wp:attachment":[{"href":"https:\/\/dev1e24jormax.devdg.pt\/pt\/wp-json\/wp\/v2\/media?parent=3105"}],"wp:term":[{"taxonomy":"product_brand","embeddable":true,"href":"https:\/\/dev1e24jormax.devdg.pt\/pt\/wp-json\/wp\/v2\/product_brand?post=3105"},{"taxonomy":"product_cat","embeddable":true,"href":"https:\/\/dev1e24jormax.devdg.pt\/pt\/wp-json\/wp\/v2\/product_cat?post=3105"},{"taxonomy":"product_tag","embeddable":true,"href":"https:\/\/dev1e24jormax.devdg.pt\/pt\/wp-json\/wp\/v2\/product_tag?post=3105"}],"curies":[{"name":"wp","href":"https:\/\/api.w.org\/{rel}","templated":true}]}}