{"id":3051,"date":"2019-10-17T09:39:36","date_gmt":"2019-10-17T07:39:36","guid":{"rendered":"https:\/\/dev1e24jormax.devdg.pt\/product\/galaxy-fv1\/"},"modified":"2025-07-18T17:39:51","modified_gmt":"2025-07-18T15:39:51","slug":"galaxy-fv1","status":"publish","type":"product","link":"https:\/\/dev1e24jormax.devdg.pt\/pt\/produto\/galaxy-fv1\/","title":{"rendered":"GALAXY FV1"},"content":{"rendered":"","protected":false},"excerpt":{"rendered":"<p><strong>\u00c9chelle un simple morceau d\u2019appui.<\/strong><\/p>\n<p>\u00a0<\/p>\n<p>Le Galaxy est une s\u00e9rie d&rsquo;\u00e9chelles professionnelles renforc\u00e9es pouvant \u00eatre utilis\u00e9es sur une \u00e9chelle, disponible en version manuelle ou \u00e0 corde. Ils sont con\u00e7us pour effectuer des travaux sur des sites \u00e9lectriques ou \u00e0 proximit\u00e9 de sources d&rsquo;\u00e9nergie \u00e9lectrique. Produit au moyen d&rsquo;un syst\u00e8me automatique avanc\u00e9 qui fixe en permanence de marches aux montants. Le profil de l&rsquo;\u00e9chelle est en fibre offrant une grande isolation \u00e9lectrique, de marches sont en aluminium donnant \u00e0 l&rsquo;\u00e9chelle de la l\u00e9g\u00e8ret\u00e9 et de la maniabilit\u00e9. Ils sont destin\u00e9s aux travailleurs qui travaillent pr\u00e8s de fiches, de c\u00e2bles ou d\u2019autres sources d\u2019\u00e9nergie \u00e9lectrique. Ils offrent une isolation \u00e9lectrique, sont test\u00e9s \u00e0 100,000 volts. Ils sont fabriqu\u00e9s en fibre de verre, conform\u00e9ment \u00e0 la norme EN 131.<\/p>\n<p>\u00a0<\/p>\n<p><img decoding=\"async\" class=\"selos-produto\" src=\"http:\/\/dev2jormax.devdg.pt\/wp-content\/uploads\/2019\/10\/europa.jpg\" alt=\"NOME DOS SELOS (SUBSTITUIR)\" \/> <img decoding=\"async\" class=\"selos-produto\" src=\"http:\/\/dev2jormax.devdg.pt\/wp-content\/uploads\/2019\/11\/decret-50-2005.jpg\" alt=\"NOME DOS SELOS (SUBSTITUIR)\" \/> <img decoding=\"async\" class=\"selos-produto\" src=\"http:\/\/dev2jormax.devdg.pt\/wp-content\/uploads\/2019\/11\/norme-131.jpg\" alt=\"NOME DOS SELOS (SUBSTITUIR)\" \/> <img decoding=\"async\" class=\"selos-produto\" src=\"http:\/\/dev2jormax.devdg.pt\/wp-content\/uploads\/2019\/11\/garantie-5.jpg\" alt=\"NOME DOS SELOS (SUBSTITUIR)\" \/> <img decoding=\"async\" class=\"selos-produto\" src=\"http:\/\/dev2jormax.devdg.pt\/wp-content\/uploads\/2019\/11\/usage-professionnel.jpg\" alt=\"NOME DOS SELOS (SUBSTITUIR)\" \/> <img decoding=\"async\" class=\"selos-produto\" src=\"http:\/\/dev2jormax.devdg.pt\/wp-content\/uploads\/2019\/10\/peso-150.jpg\" alt=\"NOME DOS SELOS (SUBSTITUIR)\" \/><\/p>\n<p>\u00a0<\/p>","protected":false},"featured_media":3016,"template":"","meta":{"_acf_changed":false},"product_brand":[],"product_cat":[91,102],"product_tag":[],"class_list":{"0":"post-3051","1":"product","2":"type-product","3":"status-publish","4":"has-post-thumbnail","6":"product_cat-echelles","7":"product_cat-echelles-en-fibre-de-verre","9":"first","10":"instock","11":"taxable","12":"shipping-taxable","13":"purchasable","14":"product-type-variable"},"acf":[],"_links":{"self":[{"href":"https:\/\/dev1e24jormax.devdg.pt\/pt\/wp-json\/wp\/v2\/product\/3051","targetHints":{"allow":["GET"]}}],"collection":[{"href":"https:\/\/dev1e24jormax.devdg.pt\/pt\/wp-json\/wp\/v2\/product"}],"about":[{"href":"https:\/\/dev1e24jormax.devdg.pt\/pt\/wp-json\/wp\/v2\/types\/product"}],"wp:featuredmedia":[{"embeddable":true,"href":"https:\/\/dev1e24jormax.devdg.pt\/pt\/wp-json\/wp\/v2\/media\/3016"}],"wp:attachment":[{"href":"https:\/\/dev1e24jormax.devdg.pt\/pt\/wp-json\/wp\/v2\/media?parent=3051"}],"wp:term":[{"taxonomy":"product_brand","embeddable":true,"href":"https:\/\/dev1e24jormax.devdg.pt\/pt\/wp-json\/wp\/v2\/product_brand?post=3051"},{"taxonomy":"product_cat","embeddable":true,"href":"https:\/\/dev1e24jormax.devdg.pt\/pt\/wp-json\/wp\/v2\/product_cat?post=3051"},{"taxonomy":"product_tag","embeddable":true,"href":"https:\/\/dev1e24jormax.devdg.pt\/pt\/wp-json\/wp\/v2\/product_tag?post=3051"}],"curies":[{"name":"wp","href":"https:\/\/api.w.org\/{rel}","templated":true}]}}