{"id":3040,"date":"2019-10-17T09:11:21","date_gmt":"2019-10-17T07:11:21","guid":{"rendered":"https:\/\/dev1e24jormax.devdg.pt\/product\/electrikal-f3-com-corda\/"},"modified":"2025-07-18T17:39:51","modified_gmt":"2025-07-18T15:39:51","slug":"electrikal-f3-com-corda","status":"publish","type":"product","link":"https:\/\/dev1e24jormax.devdg.pt\/pt\/produto\/electrikal-f3-com-corda\/","title":{"rendered":"ELECTRIKAL F3 COM CORDA"},"content":{"rendered":"<p style=\"font-size: 12px;\">* disponible aussi en profil 80&#215;25 mm.<\/p>","protected":false},"excerpt":{"rendered":"<p><strong>\u00c9chelle en aluminium et fibre de verre transformable: position d&rsquo;appui.<\/strong><\/p>\n<p>\u00a0<\/p>\n<p>Les s\u00e9ries Electrikal sont des \u00e9chelles transformables de conception professionnelle en aluminium avec montants verticaux en fibre de verre et marches en aluminium en 3<sup>\u00e8me<\/sup> partie. Produit au moyen d&rsquo;un syst\u00e8me automatique avanc\u00e9 qui fixe en permanence les marches aux montants. Utilisation dans les travaux sous tension et les installations \u00e9lectriques (1).<br \/>\nLa s\u00e9rie Electrikal est conforme \u00e0 la norme europ\u00e9enne EN 131.<\/p>\n<p>\u00a0<\/p>\n<p style=\"font-size: 12px; line-height: 19px;\">(1) L&rsquo;utilisation d&rsquo;\u00e9quipements isolants ne remplace pas une formation ad\u00e9quate pour effectuer les travaux conform\u00e9ment au d\u00e9cret-loi 50\/2005.<\/p>\n<p>\u00a0<\/p>\n<p><img decoding=\"async\" class=\"selos-produto\" src=\"http:\/\/dev2jormax.devdg.pt\/wp-content\/uploads\/2019\/10\/europa.jpg\" alt=\"NOME DOS SELOS (SUBSTITUIR)\" \/> <img decoding=\"async\" class=\"selos-produto\" src=\"http:\/\/dev2jormax.devdg.pt\/wp-content\/uploads\/2019\/11\/decret-50-2005.jpg\" alt=\"NOME DOS SELOS (SUBSTITUIR)\" \/> <img decoding=\"async\" class=\"selos-produto\" src=\"http:\/\/dev2jormax.devdg.pt\/wp-content\/uploads\/2019\/11\/norme-131.jpg\" alt=\"NOME DOS SELOS (SUBSTITUIR)\" \/> <img decoding=\"async\" class=\"selos-produto\" src=\"http:\/\/dev2jormax.devdg.pt\/wp-content\/uploads\/2019\/10\/garantia-5.jpg\" alt=\"NOME DOS SELOS (SUBSTITUIR)\" \/> <img decoding=\"async\" class=\"selos-produto\" src=\"http:\/\/dev2jormax.devdg.pt\/wp-content\/uploads\/2019\/11\/garantie-5.jpg\" alt=\"NOME DOS SELOS (SUBSTITUIR)\" \/> <img decoding=\"async\" class=\"selos-produto\" src=\"http:\/\/dev2jormax.devdg.pt\/wp-content\/uploads\/2019\/10\/peso-150.jpg\" alt=\"NOME DOS SELOS (SUBSTITUIR)\" \/><\/p>\n<p>\u00a0<\/p>","protected":false},"featured_media":3041,"template":"","meta":{"_acf_changed":false},"product_brand":[],"product_cat":[91,102],"product_tag":[],"class_list":{"0":"post-3040","1":"product","2":"type-product","3":"status-publish","4":"has-post-thumbnail","6":"product_cat-echelles","7":"product_cat-echelles-en-fibre-de-verre","9":"first","10":"instock","11":"taxable","12":"shipping-taxable","13":"purchasable","14":"product-type-variable"},"acf":[],"_links":{"self":[{"href":"https:\/\/dev1e24jormax.devdg.pt\/pt\/wp-json\/wp\/v2\/product\/3040","targetHints":{"allow":["GET"]}}],"collection":[{"href":"https:\/\/dev1e24jormax.devdg.pt\/pt\/wp-json\/wp\/v2\/product"}],"about":[{"href":"https:\/\/dev1e24jormax.devdg.pt\/pt\/wp-json\/wp\/v2\/types\/product"}],"wp:featuredmedia":[{"embeddable":true,"href":"https:\/\/dev1e24jormax.devdg.pt\/pt\/wp-json\/wp\/v2\/media\/3041"}],"wp:attachment":[{"href":"https:\/\/dev1e24jormax.devdg.pt\/pt\/wp-json\/wp\/v2\/media?parent=3040"}],"wp:term":[{"taxonomy":"product_brand","embeddable":true,"href":"https:\/\/dev1e24jormax.devdg.pt\/pt\/wp-json\/wp\/v2\/product_brand?post=3040"},{"taxonomy":"product_cat","embeddable":true,"href":"https:\/\/dev1e24jormax.devdg.pt\/pt\/wp-json\/wp\/v2\/product_cat?post=3040"},{"taxonomy":"product_tag","embeddable":true,"href":"https:\/\/dev1e24jormax.devdg.pt\/pt\/wp-json\/wp\/v2\/product_tag?post=3040"}],"curies":[{"name":"wp","href":"https:\/\/api.w.org\/{rel}","templated":true}]}}