{"id":3007,"date":"2019-11-13T17:02:21","date_gmt":"2019-11-13T16:02:21","guid":{"rendered":"https:\/\/dev1e24jormax.devdg.pt\/product\/tempo-s-l-informations-complementaires\/"},"modified":"2025-07-17T21:26:51","modified_gmt":"2025-07-17T19:26:51","slug":"tempo-s-l-informations-complementaires","status":"publish","type":"product","link":"https:\/\/dev1e24jormax.devdg.pt\/pt\/produto\/tempo-s-l-informations-complementaires\/","title":{"rendered":"TEMPO S &#038; L &#8211; INFORMATIONS COMPLEMENTAIRES"},"content":{"rendered":"","protected":false},"excerpt":{"rendered":"<p><img decoding=\"async\" style=\"float: right; width: 17%; margin: 0px 80px 0px 50px;\" src=\"http:\/\/dev2jormax.devdg.pt\/wp-content\/uploads\/2019\/11\/informac\u0327a\u0303o-adicional-fixador-jormax.jpg\" alt=\"NOME DOS SELOS (SUBSTITUIR)\" \/><\/p>\n<p><strong>Attache en aluminium.<\/strong><\/p>\n<p>&nbsp;<\/p>\n<p>Support mural en aluminium pour tube de 50 mm de diam\u00e8tre et 50 cm de longueur (autres dimensions disponibles sur demande). La norme europ\u00e9enne exige le fixateur mural \u00e0 partir de 8 m de hauteur de la plateforme lorsque l&rsquo;\u00e9chafaudage est utilis\u00e9 \u00e0 l&rsquo;ext\u00e9rieur et de 12 m pour une utilisation \u00e0 l&rsquo;int\u00e9rieur.<\/p>\n<p>&nbsp;<\/p>\n<p><img decoding=\"async\" class=\"selos-produto\" src=\"http:\/\/dev2jormax.devdg.pt\/wp-content\/uploads\/2019\/10\/europa.jpg\" alt=\"NOME DOS SELOS (SUBSTITUIR)\" \/> <img decoding=\"async\" class=\"selos-produto\" src=\"http:\/\/dev2jormax.devdg.pt\/wp-content\/uploads\/2019\/11\/decret-50-2005.jpg\" alt=\"NOME DOS SELOS (SUBSTITUIR)\" \/> <img decoding=\"async\" class=\"selos-produto\" src=\"http:\/\/dev2jormax.devdg.pt\/wp-content\/uploads\/2019\/11\/norme-1004.jpg\" alt=\"NOME DOS SELOS (SUBSTITUIR)\" \/> <img decoding=\"async\" class=\"selos-produto\" src=\"http:\/\/dev2jormax.devdg.pt\/wp-content\/uploads\/2019\/10\/norma-UN-EN.jpg\" alt=\"NOME DOS SELOS (SUBSTITUIR)\" \/> <img decoding=\"async\" class=\"selos-produto\" src=\"http:\/\/dev2jormax.devdg.pt\/wp-content\/uploads\/2019\/11\/garantie-5.jpg\" alt=\"NOME DOS SELOS (SUBSTITUIR)\" \/> <img decoding=\"async\" class=\"selos-produto\" src=\"http:\/\/dev2jormax.devdg.pt\/wp-content\/uploads\/2019\/11\/usage-professionnel.jpg\" alt=\"NOME DOS SELOS (SUBSTITUIR)\" \/> <img decoding=\"async\" class=\"selos-produto\" src=\"http:\/\/dev2jormax.devdg.pt\/wp-content\/uploads\/2019\/10\/peso-200-m2.jpg\" alt=\"NOME DOS SELOS (SUBSTITUIR)\" \/><\/p>\n<p>&nbsp;<\/p>\n<p>&nbsp;<\/p>\n<p>[vc_row gap=\u00a0\u00bb10&Prime;][vc_column width=\u00a0\u00bb1\/2&Prime;][vc_column_text]<a style=\"color: #ec1b23; font-family: exo; font-weight: bold;\">TEMPO \u00ab\u00a0S\u00a0\u00bb<\/a>[\/vc_column_text][vc_single_image image=\u00a0\u00bb5748&Prime; img_size=\u00a0\u00bbfull\u00a0\u00bb][\/vc_column][vc_column width=\u00a0\u00bb1\/2&Prime;][vc_column_text]<a style=\"color: #ec1b23; font-family: exo; font-weight: bold;\">TEMPO \u00ab\u00a0L\u00a0\u00bb<\/a>[\/vc_column_text][vc_single_image image=\u00a0\u00bb5747&Prime; img_size=\u00a0\u00bbfull\u00a0\u00bb][\/vc_column][\/vc_row][vc_row gap=\u00a0\u00bb10&Prime;][vc_column][vc_empty_space height=\u00a0\u00bb50px\u00a0\u00bb][\/vc_column][\/vc_row][vc_row gap=\u00a0\u00bb10&Prime;][vc_column][vc_column_text]<a style=\"color: #ec1b23; font-family: exo; font-weight: bold;\">OUTRAS SOLU\u00c7\u00d5ES<\/a>[\/vc_column_text][vc_single_image image=\u00a0\u00bb5749&Prime; img_size=\u00a0\u00bbfull\u00a0\u00bb][\/vc_column][\/vc_row]<\/p>","protected":false},"featured_media":2879,"template":"","meta":{"_acf_changed":false},"product_brand":[],"product_cat":[79],"product_tag":[],"class_list":{"0":"post-3007","1":"product","2":"type-product","3":"status-publish","4":"has-post-thumbnail","6":"product_cat-non-classe","8":"first","9":"outofstock","10":"taxable","11":"shipping-taxable","12":"product-type-variable"},"acf":[],"_links":{"self":[{"href":"https:\/\/dev1e24jormax.devdg.pt\/pt\/wp-json\/wp\/v2\/product\/3007","targetHints":{"allow":["GET"]}}],"collection":[{"href":"https:\/\/dev1e24jormax.devdg.pt\/pt\/wp-json\/wp\/v2\/product"}],"about":[{"href":"https:\/\/dev1e24jormax.devdg.pt\/pt\/wp-json\/wp\/v2\/types\/product"}],"wp:featuredmedia":[{"embeddable":true,"href":"https:\/\/dev1e24jormax.devdg.pt\/pt\/wp-json\/wp\/v2\/media\/2879"}],"wp:attachment":[{"href":"https:\/\/dev1e24jormax.devdg.pt\/pt\/wp-json\/wp\/v2\/media?parent=3007"}],"wp:term":[{"taxonomy":"product_brand","embeddable":true,"href":"https:\/\/dev1e24jormax.devdg.pt\/pt\/wp-json\/wp\/v2\/product_brand?post=3007"},{"taxonomy":"product_cat","embeddable":true,"href":"https:\/\/dev1e24jormax.devdg.pt\/pt\/wp-json\/wp\/v2\/product_cat?post=3007"},{"taxonomy":"product_tag","embeddable":true,"href":"https:\/\/dev1e24jormax.devdg.pt\/pt\/wp-json\/wp\/v2\/product_tag?post=3007"}],"curies":[{"name":"wp","href":"https:\/\/api.w.org\/{rel}","templated":true}]}}