{"id":2984,"date":"2019-10-16T09:29:32","date_gmt":"2019-10-16T07:29:32","guid":{"rendered":"https:\/\/dev1e24jormax.devdg.pt\/product\/cisterna-s600\/"},"modified":"2025-07-18T17:42:28","modified_gmt":"2025-07-18T15:42:28","slug":"cisterna-s600","status":"publish","type":"product","link":"https:\/\/dev1e24jormax.devdg.pt\/pt\/produto\/cisterna-s600\/","title":{"rendered":"CISTERNA S600"},"content":{"rendered":"","protected":false},"excerpt":{"rendered":"<p><strong>\u00c9chelle fixe ou t\u00e9lescopique avec r\u00e9servoir pour citernes. <\/strong><\/p>\n<p>\u00a0<\/p>\n<p>Con\u00e7u pour permettre un acc\u00e8s ou une sortie en toute s\u00e9curit\u00e9 aux travailleurs qui travaillent, inspectent ou effectuent l\u2019entretien des citernes de camions, de citernes ou de wagons de chemin de fer. La particularit\u00e9 de notre \u00e9chelle pour citernes est qu\u2019elles ont un contrepoids, ce qui permet de placer le panier de la plateforme sur le r\u00e9servoir sans forcer le ch\u00e2ssis et de passer sous le coffre entre les roues du v\u00e9hicule. Le jalon en acier peint supporte un \u00e9chelle en aluminium avec une plateforme compl\u00e8te, avec des mains courantes sur tous les c\u00f4t\u00e9s et (sur demande) avec une porte de s\u00e9curit\u00e9 \u00e0 sortie frontale. \u00c9chelle t\u00e9lescopique pour citernes avec plateforme, panier de protection (facultatif), r\u00e9glable jusqu&rsquo;au sommet du camion. La structure de la base est en acier peint, \u00e9quip\u00e9e de 2 niveleuses (+2 facultatif) et de 4 roues en caoutchouc plein rotatives d&rsquo;un diam\u00e8tre de 260 mm avec frein (\u00e9galement adapt\u00e9es au gravier). L&rsquo;escalier de citerne a 2 sections t\u00e9lescopiques de hauteur r\u00e9glable. Soul\u00e8ve et abaisse, gr\u00e2ce \u00e0 une bobine manuelle de corde en acier. Un dispositif \u00e0 2 crochets de verrouillage assure la s\u00e9curit\u00e9 m\u00e9canique en cas de rupture de c\u00e2ble. Poign\u00e9es \u00e0 la base de l&rsquo;\u00e9chelle pour se d\u00e9placer, avec facilit\u00e9. Plateforme en aluminium avec plinthes, mains courantes de protection de la sortie avant avec porte de s\u00e9curit\u00e9 (sur demande). Bagues de protection facultatives pour prot\u00e9ger le travailleur pendant la mont\u00e9e (sur demande).<\/p>\n<p>\u00a0<\/p>\n<p><img decoding=\"async\" class=\"selos-produto\" src=\"http:\/\/dev2jormax.devdg.pt\/wp-content\/uploads\/2019\/10\/europa.jpg\" alt=\"NOME DOS SELOS (SUBSTITUIR)\" \/> <img decoding=\"async\" class=\"selos-produto\" src=\"http:\/\/dev2jormax.devdg.pt\/wp-content\/uploads\/2019\/11\/decret-50-2005.jpg\" alt=\"NOME DOS SELOS (SUBSTITUIR)\" \/> <img decoding=\"async\" class=\"selos-produto\" src=\"http:\/\/dev2jormax.devdg.pt\/wp-content\/uploads\/2019\/11\/garantie-5.jpg\" alt=\"NOME DOS SELOS (SUBSTITUIR)\" \/> <img decoding=\"async\" class=\"selos-produto\" src=\" http:\/\/dev2jormax.devdg.pt\/wp-content\/uploads\/2019\/11\/usage-professionnel.jpg\" alt=\"NOME DOS SELOS (SUBSTITUIR)\" \/> <img decoding=\"async\" class=\"selos-produto\" src=\"http:\/\/dev2jormax.devdg.pt\/wp-content\/uploads\/2019\/10\/peso-150.jpg\" alt=\"NOME DOS SELOS (SUBSTITUIR)\" \/> <img decoding=\"async\" class=\"selos-produto\" src=\"http:\/\/dev2jormax.devdg.pt\/wp-content\/uploads\/2019\/10\/c-e.jpg\" alt=\"NOME DOS SELOS (SUBSTITUIR)\" \/><\/p>\n<p>\u00a0<\/p>","protected":false},"featured_media":2985,"template":"","meta":{"_acf_changed":false},"product_brand":[],"product_cat":[98,97],"product_tag":[],"class_list":{"0":"post-2984","1":"product","2":"type-product","3":"status-publish","4":"has-post-thumbnail","6":"product_cat-plate-formes-terrestres","7":"product_cat-plates-formes","9":"first","10":"instock","11":"taxable","12":"shipping-taxable","13":"purchasable","14":"product-type-variable"},"acf":[],"_links":{"self":[{"href":"https:\/\/dev1e24jormax.devdg.pt\/pt\/wp-json\/wp\/v2\/product\/2984","targetHints":{"allow":["GET"]}}],"collection":[{"href":"https:\/\/dev1e24jormax.devdg.pt\/pt\/wp-json\/wp\/v2\/product"}],"about":[{"href":"https:\/\/dev1e24jormax.devdg.pt\/pt\/wp-json\/wp\/v2\/types\/product"}],"wp:featuredmedia":[{"embeddable":true,"href":"https:\/\/dev1e24jormax.devdg.pt\/pt\/wp-json\/wp\/v2\/media\/2985"}],"wp:attachment":[{"href":"https:\/\/dev1e24jormax.devdg.pt\/pt\/wp-json\/wp\/v2\/media?parent=2984"}],"wp:term":[{"taxonomy":"product_brand","embeddable":true,"href":"https:\/\/dev1e24jormax.devdg.pt\/pt\/wp-json\/wp\/v2\/product_brand?post=2984"},{"taxonomy":"product_cat","embeddable":true,"href":"https:\/\/dev1e24jormax.devdg.pt\/pt\/wp-json\/wp\/v2\/product_cat?post=2984"},{"taxonomy":"product_tag","embeddable":true,"href":"https:\/\/dev1e24jormax.devdg.pt\/pt\/wp-json\/wp\/v2\/product_tag?post=2984"}],"curies":[{"name":"wp","href":"https:\/\/api.w.org\/{rel}","templated":true}]}}