{"id":2955,"date":"2019-10-15T15:43:05","date_gmt":"2019-10-15T13:43:05","guid":{"rendered":"https:\/\/dev1e24jormax.devdg.pt\/product\/optimus\/"},"modified":"2025-07-18T17:39:47","modified_gmt":"2025-07-18T15:39:47","slug":"optimus","status":"publish","type":"product","link":"https:\/\/dev1e24jormax.devdg.pt\/pt\/produto\/optimus\/","title":{"rendered":"OPTIMUS"},"content":{"rendered":"","protected":false},"excerpt":{"rendered":"<p><strong>\u00c9chelle en aluminium.<\/strong><\/p>\n<p>\u00a0<\/p>\n<p>Il permet d&rsquo;acc\u00e9der facilement \u00e0 diff\u00e9rentes hauteurs avec une fixation stable au sol et \u00e0 la place d&rsquo;appui. L&rsquo;\u00e9chelle est munie de mains courantes des deux c\u00f4t\u00e9s pour prot\u00e9ger l&rsquo;utilisateur de haut en bas. Les larges semelles d&rsquo;appui en PVC permettent de modifier l&rsquo;inclinaison de l&rsquo;\u00e9chelle en s&rsquo;adaptant au terrain et en maintenant la stabilit\u00e9. Lorsque vous modifiez la hauteur de l&rsquo;appui, la pente varie, gardez toujours des marches en position horizontale pour une mont\u00e9e  confortable. Les pi\u00e8ces d&rsquo;appui, la plateforme et les patins, ont des trous pour pouvoir \u00eatre fix\u00e9s et \u00e9viter ainsi les glissements accidentels, en fonction du terrain. Il est parfait pour les toits ou les plafonds tr\u00e8s en pente.<\/p>\n<p>\u00a0<\/p>\n<p><img decoding=\"async\" class=\"selos-produto\" src=\"http:\/\/dev2jormax.devdg.pt\/wp-content\/uploads\/2019\/10\/europa.jpg\" alt=\"NOME DOS SELOS (SUBSTITUIR)\" \/> <img decoding=\"async\" class=\"selos-produto\" src=\"http:\/\/dev2jormax.devdg.pt\/wp-content\/uploads\/2019\/11\/decret-50-2005.jpg\" alt=\"NOME DOS SELOS (SUBSTITUIR)\" \/> <img decoding=\"async\" class=\"selos-produto\" src=\"http:\/\/dev2jormax.devdg.pt\/wp-content\/uploads\/2019\/11\/norme-131.jpg\" alt=\"NOME DOS SELOS (SUBSTITUIR)\" \/> <img decoding=\"async\" class=\"selos-produto\" src=\"http:\/\/dev2jormax.devdg.pt\/wp-content\/uploads\/2019\/11\/garantie-5.jpg\" alt=\"NOME DOS SELOS (SUBSTITUIR)\" \/> <img decoding=\"async\" class=\"selos-produto\" src=\"http:\/\/dev2jormax.devdg.pt\/wp-content\/uploads\/2019\/11\/usage-professionnel.jpg\" alt=\"NOME DOS SELOS (SUBSTITUIR)\" \/> <img decoding=\"async\" class=\"selos-produto\" src=\"http:\/\/dev2jormax.devdg.pt\/wp-content\/uploads\/2019\/10\/peso-150.jpg\" alt=\"NOME DOS SELOS (SUBSTITUIR)\" \/><\/p>\n<p>\u00a0<\/p>","protected":false},"featured_media":2956,"template":"","meta":{"_acf_changed":false},"product_brand":[],"product_cat":[91,100],"product_tag":[],"class_list":{"0":"post-2955","1":"product","2":"type-product","3":"status-publish","4":"has-post-thumbnail","6":"product_cat-echelles","7":"product_cat-echelles-speciaux","9":"first","10":"instock","11":"taxable","12":"shipping-taxable","13":"purchasable","14":"product-type-variable"},"acf":[],"_links":{"self":[{"href":"https:\/\/dev1e24jormax.devdg.pt\/pt\/wp-json\/wp\/v2\/product\/2955","targetHints":{"allow":["GET"]}}],"collection":[{"href":"https:\/\/dev1e24jormax.devdg.pt\/pt\/wp-json\/wp\/v2\/product"}],"about":[{"href":"https:\/\/dev1e24jormax.devdg.pt\/pt\/wp-json\/wp\/v2\/types\/product"}],"wp:featuredmedia":[{"embeddable":true,"href":"https:\/\/dev1e24jormax.devdg.pt\/pt\/wp-json\/wp\/v2\/media\/2956"}],"wp:attachment":[{"href":"https:\/\/dev1e24jormax.devdg.pt\/pt\/wp-json\/wp\/v2\/media?parent=2955"}],"wp:term":[{"taxonomy":"product_brand","embeddable":true,"href":"https:\/\/dev1e24jormax.devdg.pt\/pt\/wp-json\/wp\/v2\/product_brand?post=2955"},{"taxonomy":"product_cat","embeddable":true,"href":"https:\/\/dev1e24jormax.devdg.pt\/pt\/wp-json\/wp\/v2\/product_cat?post=2955"},{"taxonomy":"product_tag","embeddable":true,"href":"https:\/\/dev1e24jormax.devdg.pt\/pt\/wp-json\/wp\/v2\/product_tag?post=2955"}],"curies":[{"name":"wp","href":"https:\/\/api.w.org\/{rel}","templated":true}]}}