{"id":2921,"date":"2019-10-15T13:07:49","date_gmt":"2019-10-15T11:07:49","guid":{"rendered":"https:\/\/dev1e24jormax.devdg.pt\/product\/loft\/"},"modified":"2025-07-18T17:42:28","modified_gmt":"2025-07-18T15:42:28","slug":"loft","status":"publish","type":"product","link":"https:\/\/dev1e24jormax.devdg.pt\/pt\/produto\/loft\/","title":{"rendered":"LOFT"},"content":{"rendered":"<p style=\"background: #FB383B; color: white; font-family: Exo !important; text-align: center; padding: 10px;\"><strong> LOFT &#8211; \u00c9CHELLE T\u00c9LESCOPIQUE EN ALUMINIUM <\/strong><\/p>","protected":false},"excerpt":{"rendered":"<p><strong>E\u0301chelle mansarde\u0301 te\u0301lescopique avec fermeture automatique.<\/strong><\/p>\n<p>\u00a0<\/p>\n<p>Fabriqu\u00e9 en aluminium anodis\u00e9 tr\u00e8s r\u00e9sistant, sp\u00e9cialement con\u00e7u pour un usage interne. Il est con\u00e7u pour un montage facile et rapide. Il est assez l\u00e9ger et pr\u00e9sente une large rampe de mont\u00e9e avec de marches de 9 cm qui permettent la mont\u00e9e et la descente avec confort et s\u00e9curit\u00e9. Pour ouvrir l\u2019\u00e9chelle, rel\u00e2chez simplement le crochet de s\u00e9curit\u00e9 et dans quelques secondes, l\u2019\u00e9chelle s\u2019ouvrira. Pour fermer l\u2019\u00e9chelle, il faut appuyer sur les deux languettes de s\u00e9curit\u00e9 positionn\u00e9es sur la premi\u00e8re marche, puis pousser l\u2019\u00e9chelle vers le haut sans effort, gr\u00e2ce \u00e0 un syst\u00e8me \u00e0 ressort. Disponible en deux tailles avec 9 et 10 marches.<br \/>\nLoft a des dimensions d&rsquo;ouverture minimales gr\u00e2ce au syst\u00e8me t\u00e9lescopique. L&rsquo;\u00e9chelle n\u00e9cessite seulement environ 1,40 m du mur ouvert. Le bo\u00eete est en acier galvanis\u00e9 avec plateau en bois, d\u00e9j\u00e0 \u00e9quip\u00e9 d&rsquo;une serrure et d&rsquo;une barre d&rsquo;ouverture.<br \/>\n<strong>Remarque: <\/strong>L&rsquo;\u00e9chelle peut \u00eatre assembl\u00e9e et utilis\u00e9e sans tiroir. Les deux sont vendus et livr\u00e9s s\u00e9par\u00e9ment.<\/p>\n<p>\u00a0<\/p>\n<p><img decoding=\"async\" class=\"selos-produto\" src=\"http:\/\/dev2jormax.devdg.pt\/wp-content\/uploads\/2019\/10\/europa.jpg\" alt=\"NOME DOS SELOS (SUBSTITUIR)\" \/> <img decoding=\"async\" class=\"selos-produto\" src=\"http:\/\/dev2jormax.devdg.pt\/wp-content\/uploads\/2019\/11\/decret-50-2005.jpg\" alt=\"NOME DOS SELOS (SUBSTITUIR)\" \/> <img decoding=\"async\" class=\"selos-produto\" src=\"http:\/\/dev2jormax.devdg.pt\/wp-content\/uploads\/2019\/11\/norme-131.jpg\" alt=\"NOME DOS SELOS (SUBSTITUIR)\" \/> <img decoding=\"async\" class=\"selos-produto\" src=\"http:\/\/dev2jormax.devdg.pt\/wp-content\/uploads\/2019\/11\/garantie-1.jpg\" alt=\"NOME DOS SELOS (SUBSTITUIR)\" \/> <img decoding=\"async\" class=\"selos-produto\" src=\"http:\/\/dev2jormax.devdg.pt\/wp-content\/uploads\/2019\/11\/usage-domestique.jpg\" alt=\"NOME DOS SELOS (SUBSTITUIR)\" \/> <img decoding=\"async\" class=\"selos-produto\" src=\"http:\/\/dev2jormax.devdg.pt\/wp-content\/uploads\/2019\/10\/peso-150.jpg\" alt=\"NOME DOS SELOS (SUBSTITUIR)\" \/><\/p>\n<p>\u00a0<\/p>","protected":false},"featured_media":2922,"template":"","meta":{"_acf_changed":false},"product_brand":[],"product_cat":[91,99],"product_tag":[],"class_list":{"0":"post-2921","1":"product","2":"type-product","3":"status-publish","4":"has-post-thumbnail","6":"product_cat-echelles","7":"product_cat-echelles-loft","9":"first","10":"instock","11":"taxable","12":"shipping-taxable","13":"purchasable","14":"product-type-variable"},"acf":[],"_links":{"self":[{"href":"https:\/\/dev1e24jormax.devdg.pt\/pt\/wp-json\/wp\/v2\/product\/2921","targetHints":{"allow":["GET"]}}],"collection":[{"href":"https:\/\/dev1e24jormax.devdg.pt\/pt\/wp-json\/wp\/v2\/product"}],"about":[{"href":"https:\/\/dev1e24jormax.devdg.pt\/pt\/wp-json\/wp\/v2\/types\/product"}],"wp:featuredmedia":[{"embeddable":true,"href":"https:\/\/dev1e24jormax.devdg.pt\/pt\/wp-json\/wp\/v2\/media\/2922"}],"wp:attachment":[{"href":"https:\/\/dev1e24jormax.devdg.pt\/pt\/wp-json\/wp\/v2\/media?parent=2921"}],"wp:term":[{"taxonomy":"product_brand","embeddable":true,"href":"https:\/\/dev1e24jormax.devdg.pt\/pt\/wp-json\/wp\/v2\/product_brand?post=2921"},{"taxonomy":"product_cat","embeddable":true,"href":"https:\/\/dev1e24jormax.devdg.pt\/pt\/wp-json\/wp\/v2\/product_cat?post=2921"},{"taxonomy":"product_tag","embeddable":true,"href":"https:\/\/dev1e24jormax.devdg.pt\/pt\/wp-json\/wp\/v2\/product_tag?post=2921"}],"curies":[{"name":"wp","href":"https:\/\/api.w.org\/{rel}","templated":true}]}}