{"id":2902,"date":"2019-10-15T11:06:27","date_gmt":"2019-10-15T09:06:27","guid":{"rendered":"https:\/\/dev1e24jormax.devdg.pt\/product\/telesteps-telecombi\/"},"modified":"2025-07-18T17:42:27","modified_gmt":"2025-07-18T15:42:27","slug":"telesteps-telecombi","status":"publish","type":"product","link":"https:\/\/dev1e24jormax.devdg.pt\/pt\/produto\/telesteps-telecombi\/","title":{"rendered":"TELESTEPS TELECOMBI"},"content":{"rendered":"","protected":false},"excerpt":{"rendered":"<p><strong>\u00c9chelle t\u00e9lescopique \u00e0 fermeture automatique.<\/strong><\/p>\n<p>\u00a0<\/p>\n<p>Fabriqu\u00e9 en aluminium anodis\u00e9 tr\u00e8s r\u00e9sistant qui ne vous salit pas les mains. Convient pour un usage professionnel et domestique. Permet de travailler \u00e0 la fois en escabeau et en appui au mur, les deux derni\u00e8res marches servent de main courante. Deux \u00e9chelles t\u00e9lescopiques avec marches plates antid\u00e9rapantes vous permettant de travailler confortablement et en toute s\u00e9curit\u00e9. Ils poss\u00e8dent un double stabilisateur pour un soutien au sol complet. Cette \u00e9chelle ne permet pas les positions interm\u00e9diaires, seulement les \u00e9chelles et les escabeaux ouvertes ou ferm\u00e9es. Telecombi est homologu\u00e9 selon la norme europ\u00e9enne EN 131.<\/p>\n<p>\u00a0<br \/>\nCeux qui permettent:<br \/>\n&#8211; MG-Extend;<br \/>\n&#8211; T\u00e9lesteps simples.<\/p>\n<p>\u00a0<\/p>\n<p><img decoding=\"async\" class=\"selos-produto\" src=\"http:\/\/dev2jormax.devdg.pt\/wp-content\/uploads\/2019\/10\/europa.jpg\" alt=\"NOME DOS SELOS (SUBSTITUIR)\" \/> <img decoding=\"async\" class=\"selos-produto\" src=\"http:\/\/dev2jormax.devdg.pt\/wp-content\/uploads\/2019\/11\/decret-50-2005.jpg\" alt=\"NOME DOS SELOS (SUBSTITUIR)\" \/> <img decoding=\"async\" class=\"selos-produto\" src=\"http:\/\/dev2jormax.devdg.pt\/wp-content\/uploads\/2019\/11\/norme-131.jpg\" alt=\"NOME DOS SELOS (SUBSTITUIR)\" \/> <img decoding=\"async\" class=\"selos-produto\" src=\"http:\/\/dev2jormax.devdg.pt\/wp-content\/uploads\/2019\/11\/garantie-5.jpg\" alt=\"NOME DOS SELOS (SUBSTITUIR)\" \/> <img decoding=\"async\" class=\"selos-produto\" src=\"http:\/\/dev2jormax.devdg.pt\/wp-content\/uploads\/2019\/11\/usage-professionnel.jpg\" alt=\"NOME DOS SELOS (SUBSTITUIR)\" \/> <img decoding=\"async\" class=\"selos-produto\" src=\"http:\/\/dev2jormax.devdg.pt\/wp-content\/uploads\/2019\/10\/peso-150.jpg\" alt=\"NOME DOS SELOS (SUBSTITUIR)\" \/><\/p>\n<p>\u00a0<\/p>","protected":false},"featured_media":2903,"template":"","meta":{"_acf_changed":false},"product_brand":[],"product_cat":[96,91],"product_tag":[],"class_list":{"0":"post-2902","1":"product","2":"type-product","3":"status-publish","4":"has-post-thumbnail","6":"product_cat-echelle-polyvalents-telescopiques","7":"product_cat-echelles","9":"first","10":"instock","11":"taxable","12":"shipping-taxable","13":"purchasable","14":"product-type-variable"},"acf":[],"_links":{"self":[{"href":"https:\/\/dev1e24jormax.devdg.pt\/pt\/wp-json\/wp\/v2\/product\/2902","targetHints":{"allow":["GET"]}}],"collection":[{"href":"https:\/\/dev1e24jormax.devdg.pt\/pt\/wp-json\/wp\/v2\/product"}],"about":[{"href":"https:\/\/dev1e24jormax.devdg.pt\/pt\/wp-json\/wp\/v2\/types\/product"}],"wp:featuredmedia":[{"embeddable":true,"href":"https:\/\/dev1e24jormax.devdg.pt\/pt\/wp-json\/wp\/v2\/media\/2903"}],"wp:attachment":[{"href":"https:\/\/dev1e24jormax.devdg.pt\/pt\/wp-json\/wp\/v2\/media?parent=2902"}],"wp:term":[{"taxonomy":"product_brand","embeddable":true,"href":"https:\/\/dev1e24jormax.devdg.pt\/pt\/wp-json\/wp\/v2\/product_brand?post=2902"},{"taxonomy":"product_cat","embeddable":true,"href":"https:\/\/dev1e24jormax.devdg.pt\/pt\/wp-json\/wp\/v2\/product_cat?post=2902"},{"taxonomy":"product_tag","embeddable":true,"href":"https:\/\/dev1e24jormax.devdg.pt\/pt\/wp-json\/wp\/v2\/product_tag?post=2902"}],"curies":[{"name":"wp","href":"https:\/\/api.w.org\/{rel}","templated":true}]}}