{"id":2893,"date":"2019-10-14T16:48:23","date_gmt":"2019-10-14T14:48:23","guid":{"rendered":"https:\/\/dev1e24jormax.devdg.pt\/product\/telesteps-simples\/"},"modified":"2025-07-18T17:39:44","modified_gmt":"2025-07-18T15:39:44","slug":"telesteps-simples","status":"publish","type":"product","link":"https:\/\/dev1e24jormax.devdg.pt\/pt\/produto\/telesteps-simples\/","title":{"rendered":"TELESTEPS SIMPLES"},"content":{"rendered":"","protected":false},"excerpt":{"rendered":"<p><strong>\u00c9chelle t\u00e9lescopique simple avec fermeture automatique.<\/strong><\/p>\n<p>\u00a0<\/p>\n<p>Fabriqu\u00e9 en aluminium anodis\u00e9 tr\u00e8s r\u00e9sistant qui ne vous salit pas les mains. Convient pour un usage professionnel et domestique. Large mont\u00e9e avec de marches plates et antid\u00e9rapantes qui permettent de travailler avec confort et s\u00e9curit\u00e9. Ils comportent des boutons-poussoirs de s\u00e9curit\u00e9 pour un fermeture rapide de l&rsquo;\u00e9chelle et des patins ergonomiques en caoutchouc antid\u00e9rapantes. Il a un syst\u00e8me de fermeture automatique. Pour ouvrir l\u2019\u00e9chelle, il suffit de poser un pied sur la premi\u00e8re marche et avec la main sur l\u2019avant-derni\u00e8re marche, puis de gravir l\u2019\u00e9chelle jusqu\u2019\u00e0 ce qu\u2019elle s\u2019\u00e9tire jusqu\u2019\u00e0 la hauteur totale. Pour le fermer, il suffit de tirer les anneaux de s\u00e9curit\u00e9 sous la derni\u00e8re marche et il se ferme automatiquement. L&rsquo;\u00e9chelle dans une position ferm\u00e9e est ultra-compacte et s&rsquo;int\u00e8gre parfaitement dans le coffre d&rsquo;une voiture.<br \/>\nL&rsquo;\u00e9chelle est approuv\u00e9e selon les normes europ\u00e9ennes EN 131.<\/p>\n<p>\u00a0<\/p>\n<p><img decoding=\"async\" class=\"selos-produto\" src=\"http:\/\/dev2jormax.devdg.pt\/wp-content\/uploads\/2019\/10\/europa.jpg\" alt=\"NOME DOS SELOS (SUBSTITUIR)\" \/> <img decoding=\"async\" class=\"selos-produto\" src=\"http:\/\/dev2jormax.devdg.pt\/wp-content\/uploads\/2019\/11\/decret-50-2005.jpg\" alt=\"NOME DOS SELOS (SUBSTITUIR)\" \/> <img decoding=\"async\" class=\"selos-produto\" src=\"http:\/\/dev2jormax.devdg.pt\/wp-content\/uploads\/2019\/11\/norme-131.jpg\" alt=\"NOME DOS SELOS (SUBSTITUIR)\" \/> <img decoding=\"async\" class=\"selos-produto\" src=\"http:\/\/dev2jormax.devdg.pt\/wp-content\/uploads\/2019\/11\/garantie-5.jpg\" alt=\"NOME DOS SELOS (SUBSTITUIR)\" \/> <img decoding=\"async\" class=\"selos-produto\" src=\"http:\/\/dev2jormax.devdg.pt\/wp-content\/uploads\/2019\/11\/usage-professionnel.jpg\" alt=\"NOME DOS SELOS (SUBSTITUIR)\" \/> <img decoding=\"async\" class=\"selos-produto\" src=\"http:\/\/dev2jormax.devdg.pt\/wp-content\/uploads\/2019\/10\/peso-150.jpg\" alt=\"NOME DOS SELOS (SUBSTITUIR)\" \/><\/p>\n<p>\u00a0<\/p>","protected":false},"featured_media":2894,"template":"","meta":{"_acf_changed":false},"product_brand":[],"product_cat":[96,91],"product_tag":[],"class_list":{"0":"post-2893","1":"product","2":"type-product","3":"status-publish","4":"has-post-thumbnail","6":"product_cat-echelle-polyvalents-telescopiques","7":"product_cat-echelles","9":"first","10":"instock","11":"featured","12":"taxable","13":"shipping-taxable","14":"purchasable","15":"product-type-variable"},"acf":[],"_links":{"self":[{"href":"https:\/\/dev1e24jormax.devdg.pt\/pt\/wp-json\/wp\/v2\/product\/2893","targetHints":{"allow":["GET"]}}],"collection":[{"href":"https:\/\/dev1e24jormax.devdg.pt\/pt\/wp-json\/wp\/v2\/product"}],"about":[{"href":"https:\/\/dev1e24jormax.devdg.pt\/pt\/wp-json\/wp\/v2\/types\/product"}],"wp:featuredmedia":[{"embeddable":true,"href":"https:\/\/dev1e24jormax.devdg.pt\/pt\/wp-json\/wp\/v2\/media\/2894"}],"wp:attachment":[{"href":"https:\/\/dev1e24jormax.devdg.pt\/pt\/wp-json\/wp\/v2\/media?parent=2893"}],"wp:term":[{"taxonomy":"product_brand","embeddable":true,"href":"https:\/\/dev1e24jormax.devdg.pt\/pt\/wp-json\/wp\/v2\/product_brand?post=2893"},{"taxonomy":"product_cat","embeddable":true,"href":"https:\/\/dev1e24jormax.devdg.pt\/pt\/wp-json\/wp\/v2\/product_cat?post=2893"},{"taxonomy":"product_tag","embeddable":true,"href":"https:\/\/dev1e24jormax.devdg.pt\/pt\/wp-json\/wp\/v2\/product_tag?post=2893"}],"curies":[{"name":"wp","href":"https:\/\/api.w.org\/{rel}","templated":true}]}}