{"id":2861,"date":"2019-10-14T15:03:13","date_gmt":"2019-10-14T13:03:13","guid":{"rendered":"https:\/\/dev1e24jormax.devdg.pt\/product\/multilady\/"},"modified":"2025-07-18T17:39:44","modified_gmt":"2025-07-18T15:39:44","slug":"multilady","status":"publish","type":"product","link":"https:\/\/dev1e24jormax.devdg.pt\/pt\/produto\/multilady\/","title":{"rendered":"MULTILADY"},"content":{"rendered":"<p>\u00a0<img decoding=\"async\" class=\"alignleft\" src=\"https:\/\/dev1e24jormax.devdg.pt\/wp-content\/uploads\/2025\/07\/pormenor-1-multilady-jormax.jpg\" alt=\"posicoes\" \/><\/p>\n<p style=\"text-align: center;\">Posi\u00e7\u00e3o Escada<\/p>\n<p><img decoding=\"async\" class=\"aligncenter\" src=\"https:\/\/dev1e24jormax.devdg.pt\/wp-content\/uploads\/2025\/07\/pormenor-2-multilady-jormax.jpg\" alt=\"posicoes\" \/><\/p>\n<p style=\"text-align: center;\">Posi\u00e7\u00e3o Escadote<\/p>\n<p><img decoding=\"async\" class=\"alignright\" src=\"https:\/\/dev1e24jormax.devdg.pt\/wp-content\/uploads\/2025\/07\/pormenor-3-multilady-jormax.jpg\" alt=\"posicoes\" \/><\/p>\n<p style=\"text-align: center;\">Posi\u00e7\u00e3o Prancha com desn\u00edvel<\/p>","protected":false},"excerpt":{"rendered":"<p><strong>\u00c9chelle t\u00e9lescopique, multipositions avec stabilisateurs.<\/strong><\/p>\n<p>\u00a0<\/p>\n<p>Il peut \u00eatre utilis\u00e9 dans plusieurs positions de travail: en appui, en escabeaux, sur un \u00e9tabli dans des d\u00e9nivellations. L&rsquo;\u00e9chelle est \u00e9quip\u00e9e d&rsquo;une plateforme de travail en acier de 89&#215;28 cm qui permet d&rsquo;utiliser l&rsquo;\u00e9chelle en tant que table de travail. Il est \u00e9galement r\u00e9glable \u00e0 diff\u00e9rentes hauteurs gr\u00e2ce au syst\u00e8me t\u00e9lescopique. Peut aussi \u00eatre utilis\u00e9 sur des escaliers in\u00e9gaux. Il est \u00e9quip\u00e9 de joints automatiques en acier pour l&rsquo;ouverture et la fermeture rapide, de crochets en acier recouverts de nylon et d&rsquo;un double stabilisateur d&rsquo;appui au sol. \u00c9chelle tr\u00e8s compacte qui peut facilement \u00eatre transport\u00e9e dans le coffre d&rsquo;une voiture. C&rsquo;est une \u00e9chelle con\u00e7ue pour un usage professionnel, bricolage et domestique. Il est certifi\u00e9 et fabriqu\u00e9 conform\u00e9ment aux normes europ\u00e9ennes EN 131.<\/p>\n<p>\u00a0<\/p>\n<p>\u00a0<\/p>\n<p><a class=\"teste2\" href=\"#PosicoesMultilady\"><strong> Voir les positions<\/strong><\/a><\/p>\n<p>\u00a0<\/p>\n<p>\u00a0<\/p>\n<p><img decoding=\"async\" class=\"selos-produto\" src=\"http:\/\/dev2jormax.devdg.pt\/wp-content\/uploads\/2019\/10\/europa.jpg\" alt=\"NOME DOS SELOS (SUBSTITUIR)\" \/> <img decoding=\"async\" class=\"selos-produto\" src=\"http:\/\/dev2jormax.devdg.pt\/wp-content\/uploads\/2019\/11\/decret-50-2005.jpg\" alt=\"NOME DOS SELOS (SUBSTITUIR)\" \/> <img decoding=\"async\" class=\"selos-produto\" src=\"http:\/\/dev2jormax.devdg.pt\/wp-content\/uploads\/2019\/11\/norme-131.jpg\" alt=\"NOME DOS SELOS (SUBSTITUIR)\" \/> <img decoding=\"async\" class=\"selos-produto\" src=\"http:\/\/dev2jormax.devdg.pt\/wp-content\/uploads\/2019\/11\/garantie-3.jpg\" alt=\"NOME DOS SELOS (SUBSTITUIR)\" \/> <img decoding=\"async\" class=\"selos-produto\" src=\"http:\/\/dev2jormax.devdg.pt\/wp-content\/uploads\/2019\/11\/usage-professionnel.jpg\" alt=\"NOME DOS SELOS (SUBSTITUIR)\" \/> <img decoding=\"async\" class=\"selos-produto\" src=\"http:\/\/dev2jormax.devdg.pt\/wp-content\/uploads\/2019\/10\/peso-150.jpg\" alt=\"NOME DOS SELOS (SUBSTITUIR)\" \/><\/p>\n<p>\u00a0<\/p>","protected":false},"featured_media":2865,"template":"","meta":{"_acf_changed":false},"product_brand":[],"product_cat":[96,91],"product_tag":[],"class_list":{"0":"post-2861","1":"product","2":"type-product","3":"status-publish","4":"has-post-thumbnail","6":"product_cat-echelle-polyvalents-telescopiques","7":"product_cat-echelles","9":"first","10":"instock","11":"taxable","12":"shipping-taxable","13":"purchasable","14":"product-type-variable"},"acf":[],"_links":{"self":[{"href":"https:\/\/dev1e24jormax.devdg.pt\/pt\/wp-json\/wp\/v2\/product\/2861","targetHints":{"allow":["GET"]}}],"collection":[{"href":"https:\/\/dev1e24jormax.devdg.pt\/pt\/wp-json\/wp\/v2\/product"}],"about":[{"href":"https:\/\/dev1e24jormax.devdg.pt\/pt\/wp-json\/wp\/v2\/types\/product"}],"wp:featuredmedia":[{"embeddable":true,"href":"https:\/\/dev1e24jormax.devdg.pt\/pt\/wp-json\/wp\/v2\/media\/2865"}],"wp:attachment":[{"href":"https:\/\/dev1e24jormax.devdg.pt\/pt\/wp-json\/wp\/v2\/media?parent=2861"}],"wp:term":[{"taxonomy":"product_brand","embeddable":true,"href":"https:\/\/dev1e24jormax.devdg.pt\/pt\/wp-json\/wp\/v2\/product_brand?post=2861"},{"taxonomy":"product_cat","embeddable":true,"href":"https:\/\/dev1e24jormax.devdg.pt\/pt\/wp-json\/wp\/v2\/product_cat?post=2861"},{"taxonomy":"product_tag","embeddable":true,"href":"https:\/\/dev1e24jormax.devdg.pt\/pt\/wp-json\/wp\/v2\/product_tag?post=2861"}],"curies":[{"name":"wp","href":"https:\/\/api.w.org\/{rel}","templated":true}]}}