{"id":2721,"date":"2019-10-22T11:07:33","date_gmt":"2019-10-22T09:07:33","guid":{"rendered":"https:\/\/dev1e24jormax.devdg.pt\/product\/flex\/"},"modified":"2025-07-18T17:42:28","modified_gmt":"2025-07-18T15:42:28","slug":"flex","status":"publish","type":"product","link":"https:\/\/dev1e24jormax.devdg.pt\/pt\/produto\/flex\/","title":{"rendered":"FLEX"},"content":{"rendered":"","protected":false},"excerpt":{"rendered":"<p><strong>\u00c9chafaudages multipositions transformables en 2 \u00e9chelles<br \/>\n&#8211; Hauteur maximale de travail 4,50 m.<\/strong><\/p>\n<p>\u00a0<\/p>\n<p>Flex est un \u00e9chafaudage en aluminium form\u00e9 en combinant deux \u00e9chelles transformables et barres transversales qui forment une structure rigide tr\u00e8s stable. L&rsquo;\u00e9chafaudage peut \u00eatre utilis\u00e9 pour travailler \u00e0 diff\u00e9rentes hauteurs et est id\u00e9al pour les travaux de peinture et d&rsquo;entretien. La hauteur maximale de travail est de 4,50 m. Il est construit en profil\u00e9 d&rsquo;aluminium de 75&#215;25 mm avec des mains courantes et des barres transversales en acier peint. Gr\u00e2ce \u00e0 ses quelques composants, il est tr\u00e8s facile \u00e0 assembler sans outils. Une fois d\u00e9mont\u00e9, il prend tr\u00e8s peu de place et est tr\u00e8s facile \u00e0 transporter.<\/p>\n<p>\u00a0<\/p>\n<p><strong>Qualit\u00e9 Jormax:<\/strong><br \/>\n\u2022 Peut \u00eatre utilis\u00e9 avec des \u00e9quipements de faible hauteur;<br \/>\n\u2022 Utilisable \u00e9galement comme 2 \u00e9chelles transformables dossier, mur et escabeau;<br \/>\n\u2022 Utilisable pour travailler sur des pentes et des escaliers.<\/p>\n<p>\u00a0<\/p>\n<p style=\"color: red;\">REF: 10218<\/p>\n<p>\u00a0<\/p>\n<p><img decoding=\"async\" class=\"selos-produto\" src=\"http:\/\/dev2jormax.devdg.pt\/wp-content\/uploads\/2019\/10\/europa.jpg\" alt=\"NOME DOS SELOS (SUBSTITUIR)\" \/> <img decoding=\"async\" class=\"selos-produto\" src=\"http:\/\/dev2jormax.devdg.pt\/wp-content\/uploads\/2019\/11\/decret-50-2005.jpg\" alt=\"NOME DOS SELOS (SUBSTITUIR)\" \/> <img decoding=\"async\" class=\"selos-produto\" src=\"http:\/\/dev2jormax.devdg.pt\/wp-content\/uploads\/2019\/11\/garantie-3.jpg\" alt=\"NOME DOS SELOS (SUBSTITUIR)\" \/> <img decoding=\"async\" class=\"selos-produto\" src=\"http:\/\/dev2jormax.devdg.pt\/wp-content\/uploads\/2019\/11\/usage-professionnel.jpg\" alt=\"NOME DOS SELOS (SUBSTITUIR)\" \/> <img decoding=\"async\" class=\"selos-produto\" src=\"http:\/\/dev2jormax.devdg.pt\/wp-content\/uploads\/2019\/10\/peso-150.jpg\" alt=\"NOME DOS SELOS (SUBSTITUIR)\" \/><\/p>\n<p>\u00a0<\/p>","protected":false},"featured_media":2722,"template":"","meta":{"_acf_changed":false},"product_brand":[],"product_cat":[81,82],"product_tag":[],"class_list":{"0":"post-2721","1":"product","2":"type-product","3":"status-publish","4":"has-post-thumbnail","6":"product_cat-echafaudage","7":"product_cat-echafaudage-professionnel","9":"first","10":"instock","11":"taxable","12":"shipping-taxable","13":"purchasable","14":"product-type-variable"},"acf":[],"_links":{"self":[{"href":"https:\/\/dev1e24jormax.devdg.pt\/pt\/wp-json\/wp\/v2\/product\/2721","targetHints":{"allow":["GET"]}}],"collection":[{"href":"https:\/\/dev1e24jormax.devdg.pt\/pt\/wp-json\/wp\/v2\/product"}],"about":[{"href":"https:\/\/dev1e24jormax.devdg.pt\/pt\/wp-json\/wp\/v2\/types\/product"}],"wp:featuredmedia":[{"embeddable":true,"href":"https:\/\/dev1e24jormax.devdg.pt\/pt\/wp-json\/wp\/v2\/media\/2722"}],"wp:attachment":[{"href":"https:\/\/dev1e24jormax.devdg.pt\/pt\/wp-json\/wp\/v2\/media?parent=2721"}],"wp:term":[{"taxonomy":"product_brand","embeddable":true,"href":"https:\/\/dev1e24jormax.devdg.pt\/pt\/wp-json\/wp\/v2\/product_brand?post=2721"},{"taxonomy":"product_cat","embeddable":true,"href":"https:\/\/dev1e24jormax.devdg.pt\/pt\/wp-json\/wp\/v2\/product_cat?post=2721"},{"taxonomy":"product_tag","embeddable":true,"href":"https:\/\/dev1e24jormax.devdg.pt\/pt\/wp-json\/wp\/v2\/product_tag?post=2721"}],"curies":[{"name":"wp","href":"https:\/\/api.w.org\/{rel}","templated":true}]}}