{"id":2529,"date":"2019-10-07T09:58:55","date_gmt":"2019-10-07T07:58:55","guid":{"rendered":"https:\/\/dev1e24jormax.devdg.pt\/product\/agrilux\/"},"modified":"2025-07-18T17:39:26","modified_gmt":"2025-07-18T15:39:26","slug":"agrilux","status":"publish","type":"product","link":"https:\/\/dev1e24jormax.devdg.pt\/pt\/produto\/agrilux\/","title":{"rendered":"AGRILUX"},"content":{"rendered":"","protected":false},"excerpt":{"rendered":"<p><strong>Escabeau convergente avec barre d&rsquo;appui arri\u00e8re. <\/strong><\/p>\n<p>\u00a0<\/p>\n<p>C&rsquo;est une escabeau sp\u00e9cialement con\u00e7ue pour effectuer des t\u00e2ches agricoles telles que la cueillette de fruits ou la tailler. Agrilux est une escabeau avec un c\u00f4t\u00e9 ascendant. Il peut \u00e9galement \u00eatre utilis\u00e9 dans une position de soutien en r\u00e9cup\u00e9rant le pied de support. Sa forme convergente vous permet de le placer facilement entre les branches des arbres. Il est fabriqu\u00e9 en aluminium extrud\u00e9 nervur\u00e9 \u00e0 haute r\u00e9sistance. Ils ont des marches cannel\u00e9es antid\u00e9rapants de 100 mm soud\u00e9es aux montants, ce qui donne une structure tr\u00e8s solide et robuste. Support barre arri\u00e8re tr\u00e8s s\u00e9curis\u00e9, la partie arri\u00e8re fix\u00e9e au sol, fixant l&rsquo;escabeau tr\u00e8s stable. Facultatif, il est possible de fournir \u00e0 l\u2019escabeau un marche de soutien de 8 cm.<\/p>\n<p>\u00a0<\/p>\n<p><img decoding=\"async\" class=\"selos-produto\" src=\"http:\/\/dev2jormax.devdg.pt\/wp-content\/uploads\/2019\/10\/europa.jpg\" alt=\"NOME DOS SELOS (SUBSTITUIR)\" \/> <img decoding=\"async\" class=\"selos-produto\" src=\"http:\/\/dev2jormax.devdg.pt\/wp-content\/uploads\/2019\/11\/decret-50-2005.jpg\" alt=\"NOME DOS SELOS (SUBSTITUIR)\" \/> <img decoding=\"async\" class=\"selos-produto\" src=\"http:\/\/dev2jormax.devdg.pt\/wp-content\/uploads\/2019\/11\/norme-131.jpg\" alt=\"NOME DOS SELOS (SUBSTITUIR)\" \/> <img decoding=\"async\" class=\"selos-produto\" src=\"http:\/\/dev2jormax.devdg.pt\/wp-content\/uploads\/2019\/11\/garantie-2.jpg\" alt=\"NOME DOS SELOS (SUBSTITUIR)\" \/> <img decoding=\"async\" class=\"selos-produto\" src=\"http:\/\/dev2jormax.devdg.pt\/wp-content\/uploads\/2019\/11\/usage-professionnel.jpg\" alt=\"NOME DOS SELOS (SUBSTITUIR)\" \/> <img decoding=\"async\" class=\"selos-produto\" src=\"http:\/\/dev2jormax.devdg.pt\/wp-content\/uploads\/2019\/10\/peso-150.jpg\" alt=\"NOME DOS SELOS (SUBSTITUIR)\" \/><\/p>\n<p>\u00a0<\/p>","protected":false},"featured_media":2530,"template":"","meta":{"_acf_changed":false},"product_brand":[],"product_cat":[83,84],"product_tag":[],"class_list":{"0":"post-2529","1":"product","2":"type-product","3":"status-publish","4":"has-post-thumbnail","6":"product_cat-escabeau","7":"product_cat-escabeau-professionnelles","9":"first","10":"instock","11":"featured","12":"taxable","13":"shipping-taxable","14":"purchasable","15":"product-type-variable"},"acf":[],"_links":{"self":[{"href":"https:\/\/dev1e24jormax.devdg.pt\/pt\/wp-json\/wp\/v2\/product\/2529","targetHints":{"allow":["GET"]}}],"collection":[{"href":"https:\/\/dev1e24jormax.devdg.pt\/pt\/wp-json\/wp\/v2\/product"}],"about":[{"href":"https:\/\/dev1e24jormax.devdg.pt\/pt\/wp-json\/wp\/v2\/types\/product"}],"wp:featuredmedia":[{"embeddable":true,"href":"https:\/\/dev1e24jormax.devdg.pt\/pt\/wp-json\/wp\/v2\/media\/2530"}],"wp:attachment":[{"href":"https:\/\/dev1e24jormax.devdg.pt\/pt\/wp-json\/wp\/v2\/media?parent=2529"}],"wp:term":[{"taxonomy":"product_brand","embeddable":true,"href":"https:\/\/dev1e24jormax.devdg.pt\/pt\/wp-json\/wp\/v2\/product_brand?post=2529"},{"taxonomy":"product_cat","embeddable":true,"href":"https:\/\/dev1e24jormax.devdg.pt\/pt\/wp-json\/wp\/v2\/product_cat?post=2529"},{"taxonomy":"product_tag","embeddable":true,"href":"https:\/\/dev1e24jormax.devdg.pt\/pt\/wp-json\/wp\/v2\/product_tag?post=2529"}],"curies":[{"name":"wp","href":"https:\/\/api.w.org\/{rel}","templated":true}]}}