{"id":2232,"date":"2019-10-02T16:54:17","date_gmt":"2019-10-02T14:54:17","guid":{"rendered":"https:\/\/dev1e24jormax.devdg.pt\/product\/aprof-maxi\/"},"modified":"2025-07-18T17:39:26","modified_gmt":"2025-07-18T15:39:26","slug":"aprof-maxi","status":"publish","type":"product","link":"https:\/\/dev1e24jormax.devdg.pt\/pt\/produto\/aprof-maxi\/","title":{"rendered":"APROF MAXI"},"content":{"rendered":"","protected":false},"excerpt":{"rendered":"<p><strong>Escabeau de stockage, marche de 20 cm et une mont\u00e9e avec roues. <\/strong><\/p>\n<p>\u00a0<\/p>\n<p>Escabeau de stockage sp\u00e9cialement con\u00e7ue pour les ouvriers qui ont besoin de rester en hauteur pendant une longue p\u00e9riode, avec une grande commodit\u00e9 (entrep\u00f4ts, cimeti\u00e8res, lieux d\u2019entretien, grands magasins&#8230;). Il est fabriqu\u00e9 en aluminium nervur\u00e9 qui offre une grande robustesse. Des marches soud\u00e9es aux montants cr\u00e9ant une structure tr\u00e8s r\u00e9sistante et solide. Il se diff\u00e9rencie des autres mod\u00e8les par sa robustesse (profils 200&#215;30 mm) et par sa partie arri\u00e8re compl\u00e8tement perpendiculaire au sol, ce qui permet d\u2019approcher l\u2019escabeau compl\u00e8tement aux machines ou \u00e0 d\u2019autres zones de travail. Tr\u00e8s pratique pour sa largeur de mont\u00e9e, de marches de grande profondeur, une large plateforme comprenant des plinthes d\u2019une hauteur de 15 cm et des main courantes, garde-corps d\u2019une hauteur de 1 m, assurant une grande s\u00e9curit\u00e9. Y compris les roues et les poign\u00e9es sp\u00e9ciales pour faciliter leur transport, l\u2019escabeau se ferme en facilitant leur stockage.<\/p>\n<p>\u00a0<\/p>\n<p><img decoding=\"async\" class=\"selos-produto\" src=\"http:\/\/dev2jormax.devdg.pt\/wp-content\/uploads\/2019\/10\/europa.jpg\" alt=\"NOME DOS SELOS (SUBSTITUIR)\" \/> <img decoding=\"async\" class=\"selos-produto\" src=\"http:\/\/dev2jormax.devdg.pt\/wp-content\/uploads\/2019\/11\/decret-50-2005.jpg\" alt=\"NOME DOS SELOS (SUBSTITUIR)\" \/> <img decoding=\"async\" class=\"selos-produto\" src=\"http:\/\/dev2jormax.devdg.pt\/wp-content\/uploads\/2019\/11\/norme-131-7.jpg\" alt=\"NOME DOS SELOS (SUBSTITUIR)\" \/> <img decoding=\"async\" class=\"selos-produto\" src=\"http:\/\/dev2jormax.devdg.pt\/wp-content\/uploads\/2019\/11\/garantie-5.jpg\" alt=\"NOME DOS SELOS (SUBSTITUIR)\" \/> <img decoding=\"async\" class=\"selos-produto\" src=\"http:\/\/dev2jormax.devdg.pt\/wp-content\/uploads\/2019\/11\/usage-professionnel.jpg\" alt=\"NOME DOS SELOS (SUBSTITUIR)\" \/> <img decoding=\"async\" class=\"selos-produto\" src=\"http:\/\/dev2jormax.devdg.pt\/wp-content\/uploads\/2019\/10\/peso-150.jpg\" alt=\"NOME DOS SELOS (SUBSTITUIR)\" \/><\/p>\n<p>\u00a0<\/p>","protected":false},"featured_media":2233,"template":"","meta":{"_acf_changed":false},"product_brand":[],"product_cat":[83,87],"product_tag":[],"class_list":{"0":"post-2232","1":"product","2":"type-product","3":"status-publish","4":"has-post-thumbnail","6":"product_cat-escabeau","7":"product_cat-escabeau-dentrepot","9":"first","10":"instock","11":"taxable","12":"shipping-taxable","13":"purchasable","14":"product-type-variable"},"acf":[],"_links":{"self":[{"href":"https:\/\/dev1e24jormax.devdg.pt\/pt\/wp-json\/wp\/v2\/product\/2232","targetHints":{"allow":["GET"]}}],"collection":[{"href":"https:\/\/dev1e24jormax.devdg.pt\/pt\/wp-json\/wp\/v2\/product"}],"about":[{"href":"https:\/\/dev1e24jormax.devdg.pt\/pt\/wp-json\/wp\/v2\/types\/product"}],"wp:featuredmedia":[{"embeddable":true,"href":"https:\/\/dev1e24jormax.devdg.pt\/pt\/wp-json\/wp\/v2\/media\/2233"}],"wp:attachment":[{"href":"https:\/\/dev1e24jormax.devdg.pt\/pt\/wp-json\/wp\/v2\/media?parent=2232"}],"wp:term":[{"taxonomy":"product_brand","embeddable":true,"href":"https:\/\/dev1e24jormax.devdg.pt\/pt\/wp-json\/wp\/v2\/product_brand?post=2232"},{"taxonomy":"product_cat","embeddable":true,"href":"https:\/\/dev1e24jormax.devdg.pt\/pt\/wp-json\/wp\/v2\/product_cat?post=2232"},{"taxonomy":"product_tag","embeddable":true,"href":"https:\/\/dev1e24jormax.devdg.pt\/pt\/wp-json\/wp\/v2\/product_tag?post=2232"}],"curies":[{"name":"wp","href":"https:\/\/api.w.org\/{rel}","templated":true}]}}