{"id":5740,"date":"2024-10-10T14:55:06","date_gmt":"2024-10-10T12:55:06","guid":{"rendered":"https:\/\/dev1e24jormax.devdg.pt\/product\/dinamik-deluxe-2\/"},"modified":"2025-07-18T17:39:28","modified_gmt":"2025-07-18T15:39:28","slug":"dinamik-deluxe-2","status":"publish","type":"product","link":"https:\/\/dev1e24jormax.devdg.pt\/es\/producto\/dinamik-deluxe-2\/","title":{"rendered":"DINAMIK DELUXE"},"content":{"rendered":"","protected":false},"excerpt":{"rendered":"<p><strong>Escadote de alum\u00ednio anodizado.<\/strong><\/p>\n<p>&nbsp;<\/p>\n<p>Escadote resistente, leve e dur\u00e1vel, equipado com degraus muito confort\u00e1veis e antiderrapantes. Fabricado em alum\u00ednio anodizado, o que melhor a sua est\u00e9tica e durabilidade. Dispon\u00edvel com 2, 3 ou 4 degraus. Ideal para reposi\u00e7\u00e3o de estantes, supermercados, lojas, bibliotecas, entre outros.<\/p>\n<p><img fetchpriority=\"high\" decoding=\"async\" class=\"alignnone wp-image-19481\" src=\"http:\/\/dev2jormax.devdg.pt\/wp-content\/uploads\/Artboard-1-15.png\" alt=\"\" width=\"1730\" height=\"200\" \/><\/p>\n<p><a style=\"display: block; padding: 10px; text-align: center; margin-top: 30px; background-color: #db1f27; color: white; text-decoration: none; font-weight: bold; width: 100%; transition: background-color 0.3s;\" href=\"#lepopup-popup-2024-10-30-02-21-57\">PEDIR OR\u00c7AMENTO<\/a><\/p>\n<p>&nbsp;<\/p>\n<p>&nbsp;<\/p>","protected":false},"featured_media":3769,"template":"","meta":{"_acf_changed":false},"product_brand":[],"product_cat":[15],"product_tag":[],"class_list":{"0":"post-5740","1":"product","2":"type-product","3":"status-publish","4":"has-post-thumbnail","6":"product_cat-semcategoria","8":"first","9":"instock","10":"taxable","11":"shipping-taxable","12":"purchasable","13":"product-type-variable"},"acf":[],"_links":{"self":[{"href":"https:\/\/dev1e24jormax.devdg.pt\/es\/wp-json\/wp\/v2\/product\/5740","targetHints":{"allow":["GET"]}}],"collection":[{"href":"https:\/\/dev1e24jormax.devdg.pt\/es\/wp-json\/wp\/v2\/product"}],"about":[{"href":"https:\/\/dev1e24jormax.devdg.pt\/es\/wp-json\/wp\/v2\/types\/product"}],"wp:featuredmedia":[{"embeddable":true,"href":"https:\/\/dev1e24jormax.devdg.pt\/es\/wp-json\/wp\/v2\/media\/3769"}],"wp:attachment":[{"href":"https:\/\/dev1e24jormax.devdg.pt\/es\/wp-json\/wp\/v2\/media?parent=5740"}],"wp:term":[{"taxonomy":"product_brand","embeddable":true,"href":"https:\/\/dev1e24jormax.devdg.pt\/es\/wp-json\/wp\/v2\/product_brand?post=5740"},{"taxonomy":"product_cat","embeddable":true,"href":"https:\/\/dev1e24jormax.devdg.pt\/es\/wp-json\/wp\/v2\/product_cat?post=5740"},{"taxonomy":"product_tag","embeddable":true,"href":"https:\/\/dev1e24jormax.devdg.pt\/es\/wp-json\/wp\/v2\/product_tag?post=5740"}],"curies":[{"name":"wp","href":"https:\/\/api.w.org\/{rel}","templated":true}]}}