{"id":5725,"date":"2022-03-28T08:14:09","date_gmt":"2022-03-28T06:14:09","guid":{"rendered":"https:\/\/dev1e24jormax.devdg.pt\/product\/c-250\/"},"modified":"2025-07-18T17:42:29","modified_gmt":"2025-07-18T15:42:29","slug":"c-250","status":"publish","type":"product","link":"https:\/\/dev1e24jormax.devdg.pt\/es\/producto\/c-250\/","title":{"rendered":"C-250"},"content":{"rendered":"","protected":false},"excerpt":{"rendered":"<p><strong>Em a\u00e7o para embalagens volumosas &#8211; plataforma dobr\u00e1vel maior &#8211; Capacidade 250 kg<\/strong><\/p>\n<p>&nbsp;<\/p>\n<p>Carrinho manual profissional em a\u00e7o pintado com p\u00f3s ep\u00f3xi. Com prote\u00e7\u00e3o de m\u00e3o para maior seguran\u00e7a. Pneus de borracha de 260 mm de di\u00e2metro, parte interna e rolamentos de ferro. A estrutura \u00e9 composta por robustos tubos soldados de 25 mm. Equipado com plataforma dobr\u00e1vel.<\/p>\n<p>&nbsp;<\/p>\n<p><img decoding=\"async\" class=\"selos-produto\" src=\"http:\/\/dev2jormax.devdg.pt\/wp-content\/uploads\/2019\/10\/decreto-lei.jpg\" alt=\"NOME DOS SELOS (SUBSTITUIR)\" \/> \u00a0\u00a0<img decoding=\"async\" class=\"selos-produto\" src=\"http:\/\/dev2jormax.devdg.pt\/wp-content\/uploads\/2019\/10\/uso-profissional.jpg\" alt=\"NOME DOS SELOS (SUBSTITUIR)\" \/><\/p>\n<p>&nbsp;<\/p>","protected":false},"featured_media":5726,"template":"","meta":{"_acf_changed":false},"product_brand":[],"product_cat":[15],"product_tag":[],"class_list":{"0":"post-5725","1":"product","2":"type-product","3":"status-publish","4":"has-post-thumbnail","6":"product_cat-semcategoria","8":"first","9":"instock","10":"taxable","11":"shipping-taxable","12":"purchasable","13":"product-type-variable"},"acf":[],"_links":{"self":[{"href":"https:\/\/dev1e24jormax.devdg.pt\/es\/wp-json\/wp\/v2\/product\/5725","targetHints":{"allow":["GET"]}}],"collection":[{"href":"https:\/\/dev1e24jormax.devdg.pt\/es\/wp-json\/wp\/v2\/product"}],"about":[{"href":"https:\/\/dev1e24jormax.devdg.pt\/es\/wp-json\/wp\/v2\/types\/product"}],"wp:featuredmedia":[{"embeddable":true,"href":"https:\/\/dev1e24jormax.devdg.pt\/es\/wp-json\/wp\/v2\/media\/5726"}],"wp:attachment":[{"href":"https:\/\/dev1e24jormax.devdg.pt\/es\/wp-json\/wp\/v2\/media?parent=5725"}],"wp:term":[{"taxonomy":"product_brand","embeddable":true,"href":"https:\/\/dev1e24jormax.devdg.pt\/es\/wp-json\/wp\/v2\/product_brand?post=5725"},{"taxonomy":"product_cat","embeddable":true,"href":"https:\/\/dev1e24jormax.devdg.pt\/es\/wp-json\/wp\/v2\/product_cat?post=5725"},{"taxonomy":"product_tag","embeddable":true,"href":"https:\/\/dev1e24jormax.devdg.pt\/es\/wp-json\/wp\/v2\/product_tag?post=5725"}],"curies":[{"name":"wp","href":"https:\/\/api.w.org\/{rel}","templated":true}]}}