{"id":5717,"date":"2022-01-04T08:47:31","date_gmt":"2022-01-04T07:47:31","guid":{"rendered":"https:\/\/dev1e24jormax.devdg.pt\/product\/harmonica\/"},"modified":"2025-07-18T17:39:46","modified_gmt":"2025-07-18T15:39:46","slug":"harmonica","status":"publish","type":"product","link":"https:\/\/dev1e24jormax.devdg.pt\/es\/producto\/harmonica\/","title":{"rendered":"HARM\u00d3NICA"},"content":{"rendered":"<p style=\"background: #FB383B; color: white; font-family: Exo !important; text-align: center; padding: 10px;\"><strong> HARM\u00d3NICA &#8211; ESCADAS MET\u00c1LICAS <\/strong><\/p>","protected":false},"excerpt":{"rendered":"<p><strong>Escada de acesso a s\u00f3t\u00e3o com corrim\u00e3o. <\/strong><\/p>\n<p>&nbsp;<\/p>\n<p>Constru\u00edda de acordo com as normas, pode ser aberta e fechada com um simples movimento gra\u00e7as \u00e0s molas. A escada pode ser instalada em 5 minutos, Para a montagem basta colocar a escada fechada na abertura e bloque\u00e1-la por cima com 4 suportes e 4 parafusos (no equipamento) que prendem a escada \u00e0 laje. N\u00e3o necessita de trabalhos de fura\u00e7\u00e3o e a montagem pode ser feita diretamente pelo utilizador (acompanhados pelo manual de\u00a0 instru\u00e7\u00f5es de montagem detalhadas).<\/p>\n<p>A capacidade da escada \u00e9 de 150 Kg.<\/p>\n<p><img fetchpriority=\"high\" decoding=\"async\" class=\"alignnone wp-image-19640\" src=\"http:\/\/dev2jormax.devdg.pt\/wp-content\/uploads\/Artboard-1-22.png\" alt=\"\" width=\"1405\" height=\"200\" \/><\/p>\n<p><a style=\"display: block; padding: 10px; text-align: center; margin-top: 30px; background-color: #db1f27; color: white; text-decoration: none; font-weight: bold; width: 100%; transition: background-color 0.3s;\" href=\"#lepopup-popup-2024-10-30-02-21-92\">PEDIR OR\u00c7AMENTO<\/a><\/p>","protected":false},"featured_media":5718,"template":"","meta":{"_acf_changed":false},"product_brand":[],"product_cat":[15],"product_tag":[],"class_list":{"0":"post-5717","1":"product","2":"type-product","3":"status-publish","4":"has-post-thumbnail","6":"product_cat-semcategoria","8":"first","9":"instock","10":"taxable","11":"shipping-taxable","12":"purchasable","13":"product-type-variable"},"acf":[],"_links":{"self":[{"href":"https:\/\/dev1e24jormax.devdg.pt\/es\/wp-json\/wp\/v2\/product\/5717","targetHints":{"allow":["GET"]}}],"collection":[{"href":"https:\/\/dev1e24jormax.devdg.pt\/es\/wp-json\/wp\/v2\/product"}],"about":[{"href":"https:\/\/dev1e24jormax.devdg.pt\/es\/wp-json\/wp\/v2\/types\/product"}],"wp:featuredmedia":[{"embeddable":true,"href":"https:\/\/dev1e24jormax.devdg.pt\/es\/wp-json\/wp\/v2\/media\/5718"}],"wp:attachment":[{"href":"https:\/\/dev1e24jormax.devdg.pt\/es\/wp-json\/wp\/v2\/media?parent=5717"}],"wp:term":[{"taxonomy":"product_brand","embeddable":true,"href":"https:\/\/dev1e24jormax.devdg.pt\/es\/wp-json\/wp\/v2\/product_brand?post=5717"},{"taxonomy":"product_cat","embeddable":true,"href":"https:\/\/dev1e24jormax.devdg.pt\/es\/wp-json\/wp\/v2\/product_cat?post=5717"},{"taxonomy":"product_tag","embeddable":true,"href":"https:\/\/dev1e24jormax.devdg.pt\/es\/wp-json\/wp\/v2\/product_tag?post=5717"}],"curies":[{"name":"wp","href":"https:\/\/api.w.org\/{rel}","templated":true}]}}