{"id":3834,"date":"2025-06-12T10:22:18","date_gmt":"2025-06-12T08:22:18","guid":{"rendered":"https:\/\/dev1e24jormax.devdg.pt\/product\/plataforma-45o-suspensa\/"},"modified":"2025-07-18T17:39:32","modified_gmt":"2025-07-18T15:39:32","slug":"plataforma-45o-suspensa","status":"publish","type":"product","link":"https:\/\/dev1e24jormax.devdg.pt\/es\/producto\/plataforma-45o-suspensa\/","title":{"rendered":"PLATAFORMA M\u00d3VEL 45\u00ba SUSPENSI\u00d3N"},"content":{"rendered":"","protected":false},"excerpt":{"rendered":"<p><strong>Plateforme en aluminium, pour usage professionnel<\/strong><\/p>\n<p>Plateforme mobile suspendue \u00e0 45, en aluminium, pour usage professionnel. Avec marches antid\u00e9rapantes de 15 cm de profondeur. Con\u00e7ue pour travailler en hauteur dans des endroits pr\u00e9sentant des obstacles au sol, elle est disponible en diff \u00e9rentes longueurs d\u2019avancement. Structure robuste et r\u00e9sistante. La plateforme est \u00e9quip\u00e9e de plinthes de 15 cm de hauteur et de garde-corps de 1,10 m sur 3 c\u00f4t\u00e9s.<\/p>\n<p><img decoding=\"async\" class=\"selos-produto\" src=\"http:\/\/dev2jormax.devdg.pt\/wp-content\/uploads\/2019\/10\/europa.jpg\" alt=\"NOME DOS SELOS (SUBSTITUIR)\" \/> <img decoding=\"async\" class=\"selos-produto\" src=\"http:\/\/dev2jormax.devdg.pt\/wp-content\/uploads\/2019\/11\/decret-50-2005.jpg\" alt=\"NOME DOS SELOS (SUBSTITUIR)\" \/> <img decoding=\"async\" class=\"selos-produto\" src=\"http:\/\/dev2jormax.devdg.pt\/wp-content\/uploads\/2019\/11\/norme-14122.jpg\" alt=\"NOME DOS SELOS (SUBSTITUIR)\" \/> <img decoding=\"async\" class=\"selos-produto\" src=\"http:\/\/dev2jormax.devdg.pt\/wp-content\/uploads\/2019\/11\/garantie-5.jpg\" alt=\"NOME DOS SELOS (SUBSTITUIR)\" \/> <img decoding=\"async\" class=\"selos-produto\" src=\"http:\/\/dev2jormax.devdg.pt\/wp-content\/uploads\/2019\/11\/usage-professionnel.jpg\" alt=\"NOME DOS SELOS (SUBSTITUIR)\" \/> <img decoding=\"async\" class=\"alignnone wp-image-19006\" src=\"http:\/\/dev2jormax.devdg.pt\/wp-content\/uploads\/150KG.png\" alt=\"\" width=\"63\" height=\"64\" \/><\/p>","protected":false},"featured_media":3835,"template":"","meta":{"_acf_changed":false},"product_brand":[],"product_cat":[109,97],"product_tag":[],"class_list":{"0":"post-3834","1":"product","2":"type-product","3":"status-publish","4":"has-post-thumbnail","6":"product_cat-plate-forme-a-1-voies","7":"product_cat-plates-formes","9":"first","10":"instock","11":"taxable","12":"shipping-taxable","13":"purchasable","14":"product-type-variable"},"acf":[],"_links":{"self":[{"href":"https:\/\/dev1e24jormax.devdg.pt\/es\/wp-json\/wp\/v2\/product\/3834","targetHints":{"allow":["GET"]}}],"collection":[{"href":"https:\/\/dev1e24jormax.devdg.pt\/es\/wp-json\/wp\/v2\/product"}],"about":[{"href":"https:\/\/dev1e24jormax.devdg.pt\/es\/wp-json\/wp\/v2\/types\/product"}],"wp:featuredmedia":[{"embeddable":true,"href":"https:\/\/dev1e24jormax.devdg.pt\/es\/wp-json\/wp\/v2\/media\/3835"}],"wp:attachment":[{"href":"https:\/\/dev1e24jormax.devdg.pt\/es\/wp-json\/wp\/v2\/media?parent=3834"}],"wp:term":[{"taxonomy":"product_brand","embeddable":true,"href":"https:\/\/dev1e24jormax.devdg.pt\/es\/wp-json\/wp\/v2\/product_brand?post=3834"},{"taxonomy":"product_cat","embeddable":true,"href":"https:\/\/dev1e24jormax.devdg.pt\/es\/wp-json\/wp\/v2\/product_cat?post=3834"},{"taxonomy":"product_tag","embeddable":true,"href":"https:\/\/dev1e24jormax.devdg.pt\/es\/wp-json\/wp\/v2\/product_tag?post=3834"}],"curies":[{"name":"wp","href":"https:\/\/api.w.org\/{rel}","templated":true}]}}