{"id":3827,"date":"2025-06-12T10:13:38","date_gmt":"2025-06-12T08:13:38","guid":{"rendered":"https:\/\/dev1e24jormax.devdg.pt\/product\/plataforma-eleva\/"},"modified":"2025-08-05T17:27:12","modified_gmt":"2025-08-05T15:27:12","slug":"plataforma-eleva","status":"publish","type":"product","link":"https:\/\/dev1e24jormax.devdg.pt\/es\/producto\/plataforma-eleva\/","title":{"rendered":"PLATAFORMA ELEVADA"},"content":{"rendered":"","protected":false},"excerpt":{"rendered":"<p><strong>Plateforme mobile avec garde-corps \u00e0 360\u00ba<\/strong><\/p>\n<p>Plateforme mobile en aluminium robuste, pour usage professionnel, avec marches espac\u00e9es de 25 cm. Dot\u00e9e de garde-corps \u00e0 360\u00b0, elle off re s\u00e9curit\u00e9, ergonomie et mobilit\u00e9 aux travailleurs. Elle est \u00e9quip\u00e9e de compartiments de rangement, de rampes lat\u00e9rales, de stabilisateurs et de roues de transport. Id\u00e9ale pour les travaux professionnels en hauteur.<\/p>\n<p><img decoding=\"async\" class=\"selos-produto\" src=\"http:\/\/dev2jormax.devdg.pt\/wp-content\/uploads\/2019\/10\/europa.jpg\" alt=\"NOME DOS SELOS (SUBSTITUIR)\" \/> <img decoding=\"async\" class=\"selos-produto\" src=\"http:\/\/dev2jormax.devdg.pt\/wp-content\/uploads\/2019\/11\/decret-50-2005.jpg\" alt=\"NOME DOS SELOS (SUBSTITUIR)\" \/> <img decoding=\"async\" class=\"selos-produto\" src=\"http:\/\/dev2jormax.devdg.pt\/wp-content\/uploads\/2019\/11\/norme-14122.jpg\" alt=\"NOME DOS SELOS (SUBSTITUIR)\" \/> <img decoding=\"async\" class=\"selos-produto\" src=\"http:\/\/dev2jormax.devdg.pt\/wp-content\/uploads\/2019\/11\/garantie-5.jpg\" alt=\"NOME DOS SELOS (SUBSTITUIR)\" \/> <img decoding=\"async\" class=\"selos-produto\" src=\"http:\/\/dev2jormax.devdg.pt\/wp-content\/uploads\/2019\/11\/usage-professionnel.jpg\" alt=\"NOME DOS SELOS (SUBSTITUIR)\" \/> <img decoding=\"async\" class=\"alignnone wp-image-19006\" src=\"http:\/\/dev2jormax.devdg.pt\/wp-content\/uploads\/150KG.png\" alt=\"\" width=\"62\" height=\"63\" \/><\/p>","protected":false},"featured_media":3828,"template":"","meta":{"_acf_changed":false},"product_brand":[],"product_cat":[109,97],"product_tag":[],"class_list":{"0":"post-3827","1":"product","2":"type-product","3":"status-publish","4":"has-post-thumbnail","6":"product_cat-plate-forme-a-1-voies","7":"product_cat-plates-formes","9":"first","10":"instock","11":"taxable","12":"shipping-taxable","13":"purchasable","14":"product-type-variable","15":"has-default-attributes"},"acf":[],"_links":{"self":[{"href":"https:\/\/dev1e24jormax.devdg.pt\/es\/wp-json\/wp\/v2\/product\/3827","targetHints":{"allow":["GET"]}}],"collection":[{"href":"https:\/\/dev1e24jormax.devdg.pt\/es\/wp-json\/wp\/v2\/product"}],"about":[{"href":"https:\/\/dev1e24jormax.devdg.pt\/es\/wp-json\/wp\/v2\/types\/product"}],"wp:featuredmedia":[{"embeddable":true,"href":"https:\/\/dev1e24jormax.devdg.pt\/es\/wp-json\/wp\/v2\/media\/3828"}],"wp:attachment":[{"href":"https:\/\/dev1e24jormax.devdg.pt\/es\/wp-json\/wp\/v2\/media?parent=3827"}],"wp:term":[{"taxonomy":"product_brand","embeddable":true,"href":"https:\/\/dev1e24jormax.devdg.pt\/es\/wp-json\/wp\/v2\/product_brand?post=3827"},{"taxonomy":"product_cat","embeddable":true,"href":"https:\/\/dev1e24jormax.devdg.pt\/es\/wp-json\/wp\/v2\/product_cat?post=3827"},{"taxonomy":"product_tag","embeddable":true,"href":"https:\/\/dev1e24jormax.devdg.pt\/es\/wp-json\/wp\/v2\/product_tag?post=3827"}],"curies":[{"name":"wp","href":"https:\/\/api.w.org\/{rel}","templated":true}]}}