{"id":3815,"date":"2025-01-14T14:38:17","date_gmt":"2025-01-14T13:38:17","guid":{"rendered":"https:\/\/dev1e24jormax.devdg.pt\/product\/pirl-x-pro-telescopique\/"},"modified":"2025-07-18T17:42:27","modified_gmt":"2025-07-18T15:42:27","slug":"pirl-x-pro-telescopique","status":"publish","type":"product","link":"https:\/\/dev1e24jormax.devdg.pt\/es\/producto\/pirl-x-pro-telescopique\/","title":{"rendered":"PIRL X-PRO TELESC\u00d3PICO"},"content":{"rendered":"","protected":false},"excerpt":{"rendered":"<p><strong>Plateforme individuelle de travail t\u00e9lescopique innovante.<\/strong><\/p>\n<p>&nbsp;<\/p>\n<p data-pm-slice=\"1 1 []\"><strong>POURQUOI CHOISIR LE PIRL X-PRO T\u00c9L\u00c9SCOPIQUE ?<\/strong><\/p>\n<ul>\n<li>C&rsquo;est une plateforme individuelle de travail de grandes dimensions, de 420 x 610 cm;<\/li>\n<li>Elle pr\u00e9sente un porte-objets en aluminium de r\u00e9sistance maximale, con\u00e7u pour accueillir tout type d&rsquo;outil ;<\/li>\n<li>Elle est compos\u00e9e de portes \u00e0 fermeture automatique et de stabilisateurs \u00e0 haute r\u00e9sistance, permettant un r\u00e9glage au millim\u00e8tre;<\/li>\n<li>Avec un design industriel, cette plateforme est ultra compacte, lorsqu&rsquo;elle est ferm\u00e9e, occupant moins d&rsquo;espace;<\/li>\n<li>Elle est facile \u00e0 manipuler, pr\u00eate \u00e0 l&#8217;emploi en seulement 3 \u00e9tapes;<\/li>\n<li>C&rsquo;est une <strong>innovation JORMAX, mod\u00e8le unique au monde<\/strong>, ayant comme aspect fondamental le r\u00e9glage t\u00e9l\u00e9scopique fin de 2 en 2 cm, en faisant un produit pratique et polyvalent<\/li>\n<\/ul>\n<p>&nbsp;<\/p>\n<p><img decoding=\"async\" class=\"alignnone wp-image-4767\" src=\"http:\/\/dev2jormax.devdg.pt\/wp-content\/uploads\/2019\/10\/europa.jpg\" alt=\"\" width=\"96\" height=\"64\" \/> <img decoding=\"async\" class=\"alignnone wp-image-6395\" src=\"http:\/\/dev2jormax.devdg.pt\/wp-content\/uploads\/2019\/11\/norme-131-7.jpg\" alt=\"\" width=\"94\" height=\"63\" \/> <img decoding=\"async\" class=\"alignnone wp-image-6386\" src=\"http:\/\/dev2jormax.devdg.pt\/wp-content\/uploads\/2019\/11\/garantie-5.jpg\" alt=\"\" width=\"81\" height=\"63\" \/> <img loading=\"lazy\" decoding=\"async\" class=\"alignnone wp-image-6416\" src=\"http:\/\/dev2jormax.devdg.pt\/wp-content\/uploads\/2019\/11\/usage-professionnel.jpg\" alt=\"\" width=\"98\" height=\"62\" \/> <img loading=\"lazy\" decoding=\"async\" class=\"alignnone wp-image-4784\" src=\"http:\/\/dev2jormax.devdg.pt\/wp-content\/uploads\/2019\/10\/peso-150.jpg\" alt=\"\" width=\"59\" height=\"61\" \/><\/p>","protected":false},"featured_media":3816,"template":"","meta":{"_acf_changed":false},"product_brand":[],"product_cat":[83,88],"product_tag":[],"class_list":{"0":"post-3815","1":"product","2":"type-product","3":"status-publish","4":"has-post-thumbnail","6":"product_cat-escabeau","7":"product_cat-plate-formes-de-travail-individuelles","9":"first","10":"instock","11":"taxable","12":"shipping-taxable","13":"purchasable","14":"product-type-variable"},"acf":[],"_links":{"self":[{"href":"https:\/\/dev1e24jormax.devdg.pt\/es\/wp-json\/wp\/v2\/product\/3815","targetHints":{"allow":["GET"]}}],"collection":[{"href":"https:\/\/dev1e24jormax.devdg.pt\/es\/wp-json\/wp\/v2\/product"}],"about":[{"href":"https:\/\/dev1e24jormax.devdg.pt\/es\/wp-json\/wp\/v2\/types\/product"}],"wp:featuredmedia":[{"embeddable":true,"href":"https:\/\/dev1e24jormax.devdg.pt\/es\/wp-json\/wp\/v2\/media\/3816"}],"wp:attachment":[{"href":"https:\/\/dev1e24jormax.devdg.pt\/es\/wp-json\/wp\/v2\/media?parent=3815"}],"wp:term":[{"taxonomy":"product_brand","embeddable":true,"href":"https:\/\/dev1e24jormax.devdg.pt\/es\/wp-json\/wp\/v2\/product_brand?post=3815"},{"taxonomy":"product_cat","embeddable":true,"href":"https:\/\/dev1e24jormax.devdg.pt\/es\/wp-json\/wp\/v2\/product_cat?post=3815"},{"taxonomy":"product_tag","embeddable":true,"href":"https:\/\/dev1e24jormax.devdg.pt\/es\/wp-json\/wp\/v2\/product_tag?post=3815"}],"curies":[{"name":"wp","href":"https:\/\/api.w.org\/{rel}","templated":true}]}}