{"id":3779,"date":"2024-10-11T16:11:48","date_gmt":"2024-10-11T14:11:48","guid":{"rendered":"https:\/\/dev1e24jormax.devdg.pt\/product\/telemax\/"},"modified":"2025-07-18T17:39:50","modified_gmt":"2025-07-18T15:39:50","slug":"telemax","status":"publish","type":"product","link":"https:\/\/dev1e24jormax.devdg.pt\/es\/producto\/telemax\/","title":{"rendered":"TELEMAX"},"content":{"rendered":"","protected":false},"excerpt":{"rendered":"<p><strong>\u00c9chelle t\u00e9lescopique en aluminium r\u00e9glable jusqu&rsquo;\u00e0 4,80 m de hauteur de travail. <\/strong><\/p>\n<p>L&rsquo;\u00e9chelle t\u00e9lescopique TELEMAX PRO est fabriqu\u00e9e en aluminium de haute qualit\u00e9, avec 13 \u00e9chelons, extensible automatiquement et se verrouillant en toute s\u00e9curit\u00e9. Elle est compacte et facile \u00e0 transporter, avec une hauteur de travail allant jusqu&rsquo;\u00e0 4,80 m. Les \u00e9chelons sont auto-bloquants, pour une s\u00e9curit\u00e9 et un confort accrus lors de la manipulation de ce produit.<\/p>\n<p><img decoding=\"async\" class=\"selos-produto\" src=\"http:\/\/dev2jormax.devdg.pt\/wp-content\/uploads\/2019\/10\/europa.jpg\" alt=\"NOME DOS SELOS (SUBSTITUIR)\" \/> <img decoding=\"async\" class=\"selos-produto\" src=\"http:\/\/dev2jormax.devdg.pt\/wp-content\/uploads\/2019\/10\/decreto-lei.jpg\" alt=\"NOME DOS SELOS (SUBSTITUIR)\" \/> <img decoding=\"async\" class=\"selos-produto\" src=\"http:\/\/dev2jormax.devdg.pt\/wp-content\/uploads\/2019\/10\/norma-131.jpg\" alt=\"NOME DOS SELOS (SUBSTITUIR)\" \/> <img decoding=\"async\" class=\"selos-produto\" src=\"http:\/\/dev2jormax.devdg.pt\/wp-content\/uploads\/2019\/10\/garantia-5.jpg\" alt=\"NOME DOS SELOS (SUBSTITUIR)\" \/><img decoding=\"async\" class=\"selos-produto\" src=\"http:\/\/dev2jormax.devdg.pt\/wp-content\/uploads\/2019\/10\/uso-profissional.jpg\" alt=\"NOME DOS SELOS (SUBSTITUIR)\" \/> \u00a0<img decoding=\"async\" class=\"selos-produto\" src=\"http:\/\/dev2jormax.devdg.pt\/wp-content\/uploads\/2019\/10\/peso-150.jpg\" alt=\"NOME DOS SELOS (SUBSTITUIR)\" \/><\/p>","protected":false},"featured_media":3780,"template":"","meta":{"_acf_changed":false},"product_brand":[],"product_cat":[96,91],"product_tag":[],"class_list":{"0":"post-3779","1":"product","2":"type-product","3":"status-publish","4":"has-post-thumbnail","6":"product_cat-echelle-polyvalents-telescopiques","7":"product_cat-echelles","9":"first","10":"instock","11":"taxable","12":"shipping-taxable","13":"purchasable","14":"product-type-variable"},"acf":[],"_links":{"self":[{"href":"https:\/\/dev1e24jormax.devdg.pt\/es\/wp-json\/wp\/v2\/product\/3779","targetHints":{"allow":["GET"]}}],"collection":[{"href":"https:\/\/dev1e24jormax.devdg.pt\/es\/wp-json\/wp\/v2\/product"}],"about":[{"href":"https:\/\/dev1e24jormax.devdg.pt\/es\/wp-json\/wp\/v2\/types\/product"}],"wp:featuredmedia":[{"embeddable":true,"href":"https:\/\/dev1e24jormax.devdg.pt\/es\/wp-json\/wp\/v2\/media\/3780"}],"wp:attachment":[{"href":"https:\/\/dev1e24jormax.devdg.pt\/es\/wp-json\/wp\/v2\/media?parent=3779"}],"wp:term":[{"taxonomy":"product_brand","embeddable":true,"href":"https:\/\/dev1e24jormax.devdg.pt\/es\/wp-json\/wp\/v2\/product_brand?post=3779"},{"taxonomy":"product_cat","embeddable":true,"href":"https:\/\/dev1e24jormax.devdg.pt\/es\/wp-json\/wp\/v2\/product_cat?post=3779"},{"taxonomy":"product_tag","embeddable":true,"href":"https:\/\/dev1e24jormax.devdg.pt\/es\/wp-json\/wp\/v2\/product_tag?post=3779"}],"curies":[{"name":"wp","href":"https:\/\/api.w.org\/{rel}","templated":true}]}}