{"id":3749,"date":"2024-07-12T14:44:05","date_gmt":"2024-07-12T12:44:05","guid":{"rendered":"https:\/\/dev1e24jormax.devdg.pt\/product\/promaster-convert\/"},"modified":"2025-07-18T17:42:27","modified_gmt":"2025-07-18T15:42:27","slug":"promaster-convert","status":"publish","type":"product","link":"https:\/\/dev1e24jormax.devdg.pt\/es\/producto\/promaster-convert\/","title":{"rendered":"PRO&rsquo;MASTER CONVERT"},"content":{"rendered":"","protected":false},"excerpt":{"rendered":"<p><strong>Escabeau articul\u00e9e \u00e0 usage professionnel.<\/strong><\/p>\n<p>Le Pro\u2019Master CONVERT, con\u00e7u pour un usage professionnel, est fabriqu\u00e9 en aluminium extr\u00eamement robuste et enti\u00e8rement articul\u00e9, permettant ainsi une transformation en quelques secondes de 2 m\u00e8tres \u00e0 0,97 cm. Il a \u00e9t\u00e9 sp\u00e9cialement con\u00e7u pour occuper un minimum d\u2019espace.<br \/>\nCet escabeau se glisse dans le coffre d\u2019une voiture sans n\u00e9cessiter le rabattement des si\u00e8ges ou l\u2019ajout de grilles de transport. Les marches sont fix\u00e9es aux montants, cr\u00e9ant une structure tr\u00e8s r\u00e9sistante. Tr\u00e8s pratique gr\u00e2ce \u00e0 sa largeur de mont\u00e9e et ses marches profondes de 8,50 cm, il dispose d\u2019un plateau et d\u2019un porte-outils sur le dessus, d\u2019une plateforme spacieuse et d\u2019une rambarde offrant une s\u00e9curit\u00e9 optimale pour les travaux en hauteur. Le Pro\u2019Master\u00ae CONVERT est certifi\u00e9 conforme \u00e0 la norme europ\u00e9enne EN 131.<br \/>\nProduit brevet\u00e9.<\/p>\n<p><img decoding=\"async\" class=\"selos-produto\" src=\"http:\/\/dev2jormax.devdg.pt\/wp-content\/uploads\/2019\/10\/europa.jpg\" alt=\"NOME DOS SELOS (SUBSTITUIR)\" \/> <img decoding=\"async\" class=\"selos-produto\" src=\"http:\/\/dev2jormax.devdg.pt\/wp-content\/uploads\/2019\/10\/decreto-lei.jpg\" alt=\"NOME DOS SELOS (SUBSTITUIR)\" \/> <img decoding=\"async\" class=\"selos-produto\" src=\"http:\/\/dev2jormax.devdg.pt\/wp-content\/uploads\/2019\/10\/norma-131.jpg\" alt=\"NOME DOS SELOS (SUBSTITUIR)\" \/> <img decoding=\"async\" class=\"selos-produto\" src=\"http:\/\/dev2jormax.devdg.pt\/wp-content\/uploads\/2019\/10\/garantia-5.jpg\" alt=\"NOME DOS SELOS (SUBSTITUIR)\" \/> <img decoding=\"async\" class=\"selos-produto\" src=\"http:\/\/dev2jormax.devdg.pt\/wp-content\/uploads\/2019\/10\/uso-profissional.jpg\" alt=\"NOME DOS SELOS (SUBSTITUIR)\" \/> <img decoding=\"async\" class=\"selos-produto\" src=\"http:\/\/dev2jormax.devdg.pt\/wp-content\/uploads\/2019\/10\/peso-150.jpg\" alt=\"NOME DOS SELOS (SUBSTITUIR)\" \/><\/p>","protected":false},"featured_media":3750,"template":"","meta":{"_acf_changed":false},"product_brand":[],"product_cat":[83,84],"product_tag":[],"class_list":{"0":"post-3749","1":"product","2":"type-product","3":"status-publish","4":"has-post-thumbnail","6":"product_cat-escabeau","7":"product_cat-escabeau-professionnelles","9":"first","10":"instock","11":"featured","12":"taxable","13":"shipping-taxable","14":"purchasable","15":"product-type-variable"},"acf":[],"_links":{"self":[{"href":"https:\/\/dev1e24jormax.devdg.pt\/es\/wp-json\/wp\/v2\/product\/3749","targetHints":{"allow":["GET"]}}],"collection":[{"href":"https:\/\/dev1e24jormax.devdg.pt\/es\/wp-json\/wp\/v2\/product"}],"about":[{"href":"https:\/\/dev1e24jormax.devdg.pt\/es\/wp-json\/wp\/v2\/types\/product"}],"wp:featuredmedia":[{"embeddable":true,"href":"https:\/\/dev1e24jormax.devdg.pt\/es\/wp-json\/wp\/v2\/media\/3750"}],"wp:attachment":[{"href":"https:\/\/dev1e24jormax.devdg.pt\/es\/wp-json\/wp\/v2\/media?parent=3749"}],"wp:term":[{"taxonomy":"product_brand","embeddable":true,"href":"https:\/\/dev1e24jormax.devdg.pt\/es\/wp-json\/wp\/v2\/product_brand?post=3749"},{"taxonomy":"product_cat","embeddable":true,"href":"https:\/\/dev1e24jormax.devdg.pt\/es\/wp-json\/wp\/v2\/product_cat?post=3749"},{"taxonomy":"product_tag","embeddable":true,"href":"https:\/\/dev1e24jormax.devdg.pt\/es\/wp-json\/wp\/v2\/product_tag?post=3749"}],"curies":[{"name":"wp","href":"https:\/\/api.w.org\/{rel}","templated":true}]}}