{"id":3733,"date":"2023-11-09T14:45:05","date_gmt":"2023-11-09T13:45:05","guid":{"rendered":"https:\/\/dev1e24jormax.devdg.pt\/product\/promaster-pro-10\/"},"modified":"2025-07-18T17:39:23","modified_gmt":"2025-07-18T15:39:23","slug":"promaster-pro-10","status":"publish","type":"product","link":"https:\/\/dev1e24jormax.devdg.pt\/es\/producto\/promaster-pro-10\/","title":{"rendered":"PRO&rsquo;MASTER PRO"},"content":{"rendered":"<p>JTNDaWZyYW1lJTIwc3R5bGUlM0QlMjJib3JkZXIlM0ElMjBub25lJTNCJTIyJTIwc3JjJTNEJTIyaHR0cHMlM0ElMkYlMkZqb3JtYXguY29tJTJGd3AtY29udGVudCUyRnVwbG9hZHMlMkZwcm8lMjdtYXN0ZXItcHJvJTJGT3Blbi5odG1sJTIyJTIwd2lkdGglM0QlMjIxMDAlMjUlMjIlMjBoZWlnaHQlM0QlMjI2MDBweCUyMiUzRSUzQyUyRmlmcmFtZSUzRQ==<\/p>","protected":false},"excerpt":{"rendered":"<p><strong>Escadote profissional com tampo alum\u00ednio.<\/strong><\/p>\n<p>&nbsp;<\/p>\n<p>Escadote de uso profissional fabricado em alum\u00ednio de m\u00e1xima robustez. Os degraus est\u00e3o cravados aos montantes constituindo uma estrutura muito resistente. Muito c\u00f3modo de acordo com a largura de subida e os degraus de 8,50 cm de profundidade. Disp\u00f5e de bandeja e porta-ferramentas na parte superior, ampla plataforma em alum\u00ednio e guarda-corpos que oferece muita seguran\u00e7a para realizar trabalhos em altura.<br \/>\nO escadote Pro\u2019Master\u00ae est\u00e1 certificado conforme a norma europeia EN 131.<\/p>\n<p><img decoding=\"async\" class=\"alignnone wp-image-19019\" src=\"http:\/\/dev2jormax.devdg.pt\/wp-content\/uploads\/Artboard-160-e1730905755980.png\" alt=\"\" width=\"632\" height=\"75\" \/><\/p>\n<p><a style=\"display: block; padding: 10px; text-align: center; margin-top: 30px; background-color: #db1f27; color: white; text-decoration: none; font-weight: bold; width: 100%; transition: background-color 0.3s;\" href=\"#lepopup-popup-2024-10-30-02-21-36\">PEDIR OR\u00c7AMENTO<\/a><\/p>\n<p>&nbsp;<\/p>","protected":false},"featured_media":3734,"template":"","meta":{"_acf_changed":false},"product_brand":[],"product_cat":[83,84],"product_tag":[],"class_list":{"0":"post-3733","1":"product","2":"type-product","3":"status-publish","4":"has-post-thumbnail","6":"product_cat-escabeau","7":"product_cat-escabeau-professionnelles","9":"first","10":"instock","11":"featured","12":"taxable","13":"shipping-taxable","14":"purchasable","15":"product-type-variable"},"acf":[],"_links":{"self":[{"href":"https:\/\/dev1e24jormax.devdg.pt\/es\/wp-json\/wp\/v2\/product\/3733","targetHints":{"allow":["GET"]}}],"collection":[{"href":"https:\/\/dev1e24jormax.devdg.pt\/es\/wp-json\/wp\/v2\/product"}],"about":[{"href":"https:\/\/dev1e24jormax.devdg.pt\/es\/wp-json\/wp\/v2\/types\/product"}],"wp:featuredmedia":[{"embeddable":true,"href":"https:\/\/dev1e24jormax.devdg.pt\/es\/wp-json\/wp\/v2\/media\/3734"}],"wp:attachment":[{"href":"https:\/\/dev1e24jormax.devdg.pt\/es\/wp-json\/wp\/v2\/media?parent=3733"}],"wp:term":[{"taxonomy":"product_brand","embeddable":true,"href":"https:\/\/dev1e24jormax.devdg.pt\/es\/wp-json\/wp\/v2\/product_brand?post=3733"},{"taxonomy":"product_cat","embeddable":true,"href":"https:\/\/dev1e24jormax.devdg.pt\/es\/wp-json\/wp\/v2\/product_cat?post=3733"},{"taxonomy":"product_tag","embeddable":true,"href":"https:\/\/dev1e24jormax.devdg.pt\/es\/wp-json\/wp\/v2\/product_tag?post=3733"}],"curies":[{"name":"wp","href":"https:\/\/api.w.org\/{rel}","templated":true}]}}