{"id":3726,"date":"2024-07-19T13:28:51","date_gmt":"2024-07-19T11:28:51","guid":{"rendered":"https:\/\/dev1e24jormax.devdg.pt\/product\/c-200\/"},"modified":"2025-07-18T17:42:24","modified_gmt":"2025-07-18T15:42:24","slug":"c-200","status":"publish","type":"product","link":"https:\/\/dev1e24jormax.devdg.pt\/es\/producto\/c-200\/","title":{"rendered":"C-200"},"content":{"rendered":"","protected":false},"excerpt":{"rendered":"<p><strong>Chariot en acier pour le transport de cartons &#8211; capacit\u00e9 de 200 kg.<\/strong><\/p>\n<p>Se transforme en permettant le stockage et le transport \u00e0 la fois verticalement et horizontalement, gr\u00e2ce \u00e0 ses 4 roues pour les charges volumineuses. 2 pneus en caoutchouc plein 200 mm avec roulement en plastique ; 2 roues pivotantes 100 millim\u00e8tres. Le cadre est constitu\u00e9 de tubes soud\u00e9s robustes de 32 millim\u00e8tres.<\/p>\n<p><img decoding=\"async\" src=\"http:\/\/dev2jormax.devdg.pt\/wp-content\/uploads\/2019\/10\/uso-domestico.jpg\" \/>\u00a0 <img decoding=\"async\" src=\"http:\/\/dev2jormax.devdg.pt\/wp-content\/uploads\/2019\/10\/garantia-1.jpg\" \/><\/p>","protected":false},"featured_media":3727,"template":"","meta":{"_acf_changed":false},"product_brand":[],"product_cat":[107,115],"product_tag":[],"class_list":{"0":"post-3726","1":"product","2":"type-product","3":"status-publish","4":"has-post-thumbnail","6":"product_cat-autres","7":"product_cat-chariot","9":"first","10":"instock","11":"taxable","12":"shipping-taxable","13":"purchasable","14":"product-type-variable"},"acf":[],"_links":{"self":[{"href":"https:\/\/dev1e24jormax.devdg.pt\/es\/wp-json\/wp\/v2\/product\/3726","targetHints":{"allow":["GET"]}}],"collection":[{"href":"https:\/\/dev1e24jormax.devdg.pt\/es\/wp-json\/wp\/v2\/product"}],"about":[{"href":"https:\/\/dev1e24jormax.devdg.pt\/es\/wp-json\/wp\/v2\/types\/product"}],"wp:featuredmedia":[{"embeddable":true,"href":"https:\/\/dev1e24jormax.devdg.pt\/es\/wp-json\/wp\/v2\/media\/3727"}],"wp:attachment":[{"href":"https:\/\/dev1e24jormax.devdg.pt\/es\/wp-json\/wp\/v2\/media?parent=3726"}],"wp:term":[{"taxonomy":"product_brand","embeddable":true,"href":"https:\/\/dev1e24jormax.devdg.pt\/es\/wp-json\/wp\/v2\/product_brand?post=3726"},{"taxonomy":"product_cat","embeddable":true,"href":"https:\/\/dev1e24jormax.devdg.pt\/es\/wp-json\/wp\/v2\/product_cat?post=3726"},{"taxonomy":"product_tag","embeddable":true,"href":"https:\/\/dev1e24jormax.devdg.pt\/es\/wp-json\/wp\/v2\/product_tag?post=3726"}],"curies":[{"name":"wp","href":"https:\/\/api.w.org\/{rel}","templated":true}]}}