{"id":3722,"date":"2024-07-19T11:23:58","date_gmt":"2024-07-19T09:23:58","guid":{"rendered":"https:\/\/dev1e24jormax.devdg.pt\/product\/c-150\/"},"modified":"2025-07-18T17:42:24","modified_gmt":"2025-07-18T15:42:24","slug":"c-150","status":"publish","type":"product","link":"https:\/\/dev1e24jormax.devdg.pt\/es\/producto\/c-150\/","title":{"rendered":"C-150"},"content":{"rendered":"","protected":false},"excerpt":{"rendered":"<p><strong>Chariot en acier pour emballages &#8211; Capacit\u00e9 150 kg.<\/strong><\/p>\n<p>Fourni avec un prot\u00e8ge-main sur la poign\u00e9e pour votre s\u00e9curit\u00e9. Pneus en caoutchouc plein de 200 mm de diam\u00e8tre avec roulements en plastique. La structure est fabriqu\u00e9e \u00e0 partir de tubes soud\u00e9s de 25 mm de diam\u00e8tre. Renfort plat sur le ch\u00e2ssis interne.<\/p>\n<p><img decoding=\"async\" src=\"http:\/\/dev2jormax.devdg.pt\/wp-content\/uploads\/2019\/10\/uso-domestico.jpg\" \/>\u00a0 <img decoding=\"async\" src=\"http:\/\/dev2jormax.devdg.pt\/wp-content\/uploads\/2019\/10\/garantia-1.jpg\" \/><\/p>","protected":false},"featured_media":3723,"template":"","meta":{"_acf_changed":false},"product_brand":[],"product_cat":[107,115],"product_tag":[],"class_list":{"0":"post-3722","1":"product","2":"type-product","3":"status-publish","4":"has-post-thumbnail","6":"product_cat-autres","7":"product_cat-chariot","9":"first","10":"instock","11":"taxable","12":"shipping-taxable","13":"purchasable","14":"product-type-variable"},"acf":[],"_links":{"self":[{"href":"https:\/\/dev1e24jormax.devdg.pt\/es\/wp-json\/wp\/v2\/product\/3722","targetHints":{"allow":["GET"]}}],"collection":[{"href":"https:\/\/dev1e24jormax.devdg.pt\/es\/wp-json\/wp\/v2\/product"}],"about":[{"href":"https:\/\/dev1e24jormax.devdg.pt\/es\/wp-json\/wp\/v2\/types\/product"}],"wp:featuredmedia":[{"embeddable":true,"href":"https:\/\/dev1e24jormax.devdg.pt\/es\/wp-json\/wp\/v2\/media\/3723"}],"wp:attachment":[{"href":"https:\/\/dev1e24jormax.devdg.pt\/es\/wp-json\/wp\/v2\/media?parent=3722"}],"wp:term":[{"taxonomy":"product_brand","embeddable":true,"href":"https:\/\/dev1e24jormax.devdg.pt\/es\/wp-json\/wp\/v2\/product_brand?post=3722"},{"taxonomy":"product_cat","embeddable":true,"href":"https:\/\/dev1e24jormax.devdg.pt\/es\/wp-json\/wp\/v2\/product_cat?post=3722"},{"taxonomy":"product_tag","embeddable":true,"href":"https:\/\/dev1e24jormax.devdg.pt\/es\/wp-json\/wp\/v2\/product_tag?post=3722"}],"curies":[{"name":"wp","href":"https:\/\/api.w.org\/{rel}","templated":true}]}}