{"id":3687,"date":"2024-01-08T11:17:21","date_gmt":"2024-01-08T10:17:21","guid":{"rendered":"https:\/\/dev1e24jormax.devdg.pt\/product\/ea200\/"},"modified":"2025-07-18T17:42:28","modified_gmt":"2025-07-18T15:42:28","slug":"ea200","status":"publish","type":"product","link":"https:\/\/dev1e24jormax.devdg.pt\/es\/producto\/ea200\/","title":{"rendered":"EA200"},"content":{"rendered":"","protected":false},"excerpt":{"rendered":"<p><strong>Gamme d\u2019\u00e9chelles d\u2019acc\u00e8s d\u00e9di\u00e9es \u00e0 la logistique et au transport.<\/strong><\/p>\n<p>Confortable et extr\u00eamement s\u00e9curis\u00e9e, le mod\u00e8le ES200 est conforme \u00e0 la norme EN14122, garantissant un acc\u00e8s en toute s\u00e9curit\u00e9. Fabriqu\u00e9e en aluminium, elle est \u00e9quip\u00e9e de marches antid\u00e9rapantes de 200 mm, de 2 rampes lat\u00e9rales pliables, facilitant son rangement. Elle poss\u00e8de des pieds antid\u00e9rapants et en option, des pieds ajustables peuvent \u00eatre ajout\u00e9s pour compenser les surfaces in\u00e9gales. En tant que s\u00e9curit\u00e9 suppl\u00e9mentaire, l\u2019\u00e9chelle ES200 est \u00e9quip\u00e9e de puissants aimants qui se fixent au plancher du camion, \u00e9vitant ainsi tout glissement suppl\u00e9mentaire de l\u2019\u00e9chelle. Garantie de 5 ans.<\/p>\n<p><img decoding=\"async\" class=\"selos-produto\" src=\"http:\/\/dev2jormax.devdg.pt\/wp-content\/uploads\/2019\/10\/europa.jpg\" alt=\"NOME DOS SELOS (SUBSTITUIR)\" \/> <img decoding=\"async\" class=\"selos-produto\" src=\"http:\/\/dev2jormax.devdg.pt\/wp-content\/uploads\/2019\/10\/decreto-lei.jpg\" alt=\"NOME DOS SELOS (SUBSTITUIR)\" \/> <img decoding=\"async\" class=\"selos-produto\" src=\"http:\/\/dev2jormax.devdg.pt\/wp-content\/uploads\/2019\/10\/norma-131.jpg\" alt=\"NOME DOS SELOS (SUBSTITUIR)\" \/> <img decoding=\"async\" class=\"selos-produto\" src=\"http:\/\/dev2jormax.devdg.pt\/wp-content\/uploads\/2019\/10\/garantia-5.jpg\" alt=\"NOME DOS SELOS (SUBSTITUIR)\" \/> <img decoding=\"async\" class=\"selos-produto\" src=\"http:\/\/dev2jormax.devdg.pt\/wp-content\/uploads\/2019\/10\/uso-profissional.jpg\" alt=\"NOME DOS SELOS (SUBSTITUIR)\" \/> <img decoding=\"async\" class=\"selos-produto\" src=\"http:\/\/dev2jormax.devdg.pt\/wp-content\/uploads\/2019\/10\/peso-150.jpg\" alt=\"NOME DOS SELOS (SUBSTITUIR)\" \/><\/p>","protected":false},"featured_media":3688,"template":"","meta":{"_acf_changed":false},"product_brand":[],"product_cat":[91,111,100],"product_tag":[],"class_list":{"0":"post-3687","1":"product","2":"type-product","3":"status-publish","4":"has-post-thumbnail","6":"product_cat-echelles","7":"product_cat-echelles-dacces","8":"product_cat-echelles-speciaux","10":"first","11":"instock","12":"taxable","13":"shipping-taxable","14":"purchasable","15":"product-type-variable"},"acf":[],"_links":{"self":[{"href":"https:\/\/dev1e24jormax.devdg.pt\/es\/wp-json\/wp\/v2\/product\/3687","targetHints":{"allow":["GET"]}}],"collection":[{"href":"https:\/\/dev1e24jormax.devdg.pt\/es\/wp-json\/wp\/v2\/product"}],"about":[{"href":"https:\/\/dev1e24jormax.devdg.pt\/es\/wp-json\/wp\/v2\/types\/product"}],"wp:featuredmedia":[{"embeddable":true,"href":"https:\/\/dev1e24jormax.devdg.pt\/es\/wp-json\/wp\/v2\/media\/3688"}],"wp:attachment":[{"href":"https:\/\/dev1e24jormax.devdg.pt\/es\/wp-json\/wp\/v2\/media?parent=3687"}],"wp:term":[{"taxonomy":"product_brand","embeddable":true,"href":"https:\/\/dev1e24jormax.devdg.pt\/es\/wp-json\/wp\/v2\/product_brand?post=3687"},{"taxonomy":"product_cat","embeddable":true,"href":"https:\/\/dev1e24jormax.devdg.pt\/es\/wp-json\/wp\/v2\/product_cat?post=3687"},{"taxonomy":"product_tag","embeddable":true,"href":"https:\/\/dev1e24jormax.devdg.pt\/es\/wp-json\/wp\/v2\/product_tag?post=3687"}],"curies":[{"name":"wp","href":"https:\/\/api.w.org\/{rel}","templated":true}]}}