{"id":3632,"date":"2024-07-15T12:40:16","date_gmt":"2024-07-15T10:40:16","guid":{"rendered":"https:\/\/dev1e24jormax.devdg.pt\/product\/pirl-x-pro\/"},"modified":"2025-07-18T17:39:29","modified_gmt":"2025-07-18T15:39:29","slug":"pirl-x-pro","status":"publish","type":"product","link":"https:\/\/dev1e24jormax.devdg.pt\/es\/producto\/pirl-x-pro\/","title":{"rendered":"PIRL X-PRO"},"content":{"rendered":"","protected":false},"excerpt":{"rendered":"<p><strong>Plateforme de travail individuelle avec garde-corps \u00e0 360 degr\u00e9s et marches larges.<\/strong><\/p>\n<p>Le PIRL X-PRO est une plateforme individuelle de travail avec une large plateforme offrant \u00e0 l\u2019utilisateur une zone de travail \u00e0 360 degr\u00e9s. \u00c9quip\u00e9e d\u2019un syst\u00e8me de garde-corps p\u00e9riph\u00e9rique pliable assurant la s\u00e9curit\u00e9 contre les chutes pendant le travail. Son syst\u00e8me anti-ouverture et anti-fermeture accidentelle offre une s\u00e9curit\u00e9 suppl\u00e9mentaire, et ses roues facilitent le transport sur n\u2019importe quelle surface. \u00c9quip\u00e9e de marches de 8 cm de profondeur et de 50 cm de largeur, elle assure stabilit\u00e9 et mont\u00e9e tr\u00e8s confortable. Ses stabilisateurs font de cette plateforme de travail un outil tr\u00e8s stable sans ajouter de volume ni de poids, et se positionnent en seulement quelques secondes.<\/p>\n<p>&nbsp;<\/p>\n<p><img decoding=\"async\" class=\"selos-produto\" src=\"http:\/\/dev2jormax.devdg.pt\/wp-content\/uploads\/2019\/10\/europa.jpg\" alt=\"NOME DOS SELOS (SUBSTITUIR)\" \/> <img decoding=\"async\" class=\"selos-produto\" src=\"http:\/\/dev2jormax.devdg.pt\/wp-content\/uploads\/2019\/10\/decreto-lei.jpg\" alt=\"NOME DOS SELOS (SUBSTITUIR)\" \/> <img decoding=\"async\" class=\"selos-produto\" src=\"http:\/\/dev2jormax.devdg.pt\/wp-content\/uploads\/2019\/10\/norma-131.jpg\" alt=\"NOME DOS SELOS (SUBSTITUIR)\" \/> <img decoding=\"async\" class=\"selos-produto\" src=\"http:\/\/dev2jormax.devdg.pt\/wp-content\/uploads\/2019\/10\/garantia-5.jpg\" alt=\"NOME DOS SELOS (SUBSTITUIR)\" \/> <img decoding=\"async\" class=\"selos-produto\" src=\"http:\/\/dev2jormax.devdg.pt\/wp-content\/uploads\/2019\/10\/uso-profissional.jpg\" alt=\"NOME DOS SELOS (SUBSTITUIR)\" \/> <img decoding=\"async\" class=\"selos-produto\" src=\"http:\/\/dev2jormax.devdg.pt\/wp-content\/uploads\/2019\/10\/peso-150.jpg\" alt=\"NOME DOS SELOS (SUBSTITUIR)\" \/><\/p>","protected":false},"featured_media":3633,"template":"","meta":{"_acf_changed":false},"product_brand":[],"product_cat":[83,84,88],"product_tag":[],"class_list":{"0":"post-3632","1":"product","2":"type-product","3":"status-publish","4":"has-post-thumbnail","6":"product_cat-escabeau","7":"product_cat-escabeau-professionnelles","8":"product_cat-plate-formes-de-travail-individuelles","10":"first","11":"instock","12":"taxable","13":"shipping-taxable","14":"purchasable","15":"product-type-variable"},"acf":[],"_links":{"self":[{"href":"https:\/\/dev1e24jormax.devdg.pt\/es\/wp-json\/wp\/v2\/product\/3632","targetHints":{"allow":["GET"]}}],"collection":[{"href":"https:\/\/dev1e24jormax.devdg.pt\/es\/wp-json\/wp\/v2\/product"}],"about":[{"href":"https:\/\/dev1e24jormax.devdg.pt\/es\/wp-json\/wp\/v2\/types\/product"}],"wp:featuredmedia":[{"embeddable":true,"href":"https:\/\/dev1e24jormax.devdg.pt\/es\/wp-json\/wp\/v2\/media\/3633"}],"wp:attachment":[{"href":"https:\/\/dev1e24jormax.devdg.pt\/es\/wp-json\/wp\/v2\/media?parent=3632"}],"wp:term":[{"taxonomy":"product_brand","embeddable":true,"href":"https:\/\/dev1e24jormax.devdg.pt\/es\/wp-json\/wp\/v2\/product_brand?post=3632"},{"taxonomy":"product_cat","embeddable":true,"href":"https:\/\/dev1e24jormax.devdg.pt\/es\/wp-json\/wp\/v2\/product_cat?post=3632"},{"taxonomy":"product_tag","embeddable":true,"href":"https:\/\/dev1e24jormax.devdg.pt\/es\/wp-json\/wp\/v2\/product_tag?post=3632"}],"curies":[{"name":"wp","href":"https:\/\/api.w.org\/{rel}","templated":true}]}}