{"id":3597,"date":"2023-12-20T16:53:48","date_gmt":"2023-12-20T15:53:48","guid":{"rendered":"https:\/\/dev1e24jormax.devdg.pt\/product\/mega\/"},"modified":"2025-07-18T17:39:28","modified_gmt":"2025-07-18T15:39:28","slug":"mega","status":"publish","type":"product","link":"https:\/\/dev1e24jormax.devdg.pt\/es\/producto\/mega\/","title":{"rendered":"MEGA"},"content":{"rendered":"","protected":false},"excerpt":{"rendered":"<p><strong>Escabeau professionnel soud\u00e9.<\/strong><\/p>\n<p>Escabeau professionnel en aluminium extr\u00eamement robuste. Les marches sont soud\u00e9es aux montants, cr\u00e9ant ainsi une structure plus solide. Tr\u00e8s pratique gr\u00e2ce \u00e0 sa largeur de mont\u00e9e et ses marches de 8 cm de profondeur. Il dispose d\u2019une plateforme spacieuse et d\u2019un garde-corps offrant une s\u00e9curit\u00e9 optimale pour les travaux en hauteur. L\u2019escabeau Mega est certifi\u00e9 conforme \u00e0 la norme europ\u00e9enne EN 131.<\/p>\n<p><img decoding=\"async\" class=\"selos-produto\" src=\"http:\/\/dev2jormax.devdg.pt\/wp-content\/uploads\/2019\/10\/europa.jpg\" alt=\"NOME DOS SELOS (SUBSTITUIR)\" \/> <img decoding=\"async\" class=\"selos-produto\" src=\"http:\/\/dev2jormax.devdg.pt\/wp-content\/uploads\/2019\/10\/decreto-lei.jpg\" alt=\"NOME DOS SELOS (SUBSTITUIR)\" \/> <img decoding=\"async\" class=\"selos-produto\" src=\"http:\/\/dev2jormax.devdg.pt\/wp-content\/uploads\/2019\/10\/garantia-1.jpg\" alt=\"NOME DOS SELOS (SUBSTITUIR)\" \/> <img decoding=\"async\" class=\"selos-produto\" src=\"http:\/\/dev2jormax.devdg.pt\/wp-content\/uploads\/2019\/10\/uso-profissional.jpg\" alt=\"NOME DOS SELOS (SUBSTITUIR)\" \/> <img decoding=\"async\" class=\"selos-produto\" src=\"http:\/\/dev2jormax.devdg.pt\/wp-content\/uploads\/2019\/10\/peso-150.jpg\" alt=\"NOME DOS SELOS (SUBSTITUIR)\" \/><\/p>","protected":false},"featured_media":3598,"template":"","meta":{"_acf_changed":false},"product_brand":[],"product_cat":[83,84],"product_tag":[],"class_list":{"0":"post-3597","1":"product","2":"type-product","3":"status-publish","4":"has-post-thumbnail","6":"product_cat-escabeau","7":"product_cat-escabeau-professionnelles","9":"first","10":"instock","11":"taxable","12":"shipping-taxable","13":"purchasable","14":"product-type-variable"},"acf":[],"_links":{"self":[{"href":"https:\/\/dev1e24jormax.devdg.pt\/es\/wp-json\/wp\/v2\/product\/3597","targetHints":{"allow":["GET"]}}],"collection":[{"href":"https:\/\/dev1e24jormax.devdg.pt\/es\/wp-json\/wp\/v2\/product"}],"about":[{"href":"https:\/\/dev1e24jormax.devdg.pt\/es\/wp-json\/wp\/v2\/types\/product"}],"wp:featuredmedia":[{"embeddable":true,"href":"https:\/\/dev1e24jormax.devdg.pt\/es\/wp-json\/wp\/v2\/media\/3598"}],"wp:attachment":[{"href":"https:\/\/dev1e24jormax.devdg.pt\/es\/wp-json\/wp\/v2\/media?parent=3597"}],"wp:term":[{"taxonomy":"product_brand","embeddable":true,"href":"https:\/\/dev1e24jormax.devdg.pt\/es\/wp-json\/wp\/v2\/product_brand?post=3597"},{"taxonomy":"product_cat","embeddable":true,"href":"https:\/\/dev1e24jormax.devdg.pt\/es\/wp-json\/wp\/v2\/product_cat?post=3597"},{"taxonomy":"product_tag","embeddable":true,"href":"https:\/\/dev1e24jormax.devdg.pt\/es\/wp-json\/wp\/v2\/product_tag?post=3597"}],"curies":[{"name":"wp","href":"https:\/\/api.w.org\/{rel}","templated":true}]}}