{"id":3576,"date":"2021-02-24T15:57:29","date_gmt":"2021-02-24T14:57:29","guid":{"rendered":"https:\/\/dev1e24jormax.devdg.pt\/product\/plataforma-express\/"},"modified":"2025-07-18T17:39:51","modified_gmt":"2025-07-18T15:39:51","slug":"plataforma-express","status":"publish","type":"product","link":"https:\/\/dev1e24jormax.devdg.pt\/es\/producto\/plataforma-express\/","title":{"rendered":"PLATAFORMA EXPRESS"},"content":{"rendered":"","protected":false},"excerpt":{"rendered":"<p><strong>Il s\u2019agit d\u2019une plate-forme isol\u00e9e en fibre de verre con\u00e7ue pour les travaux professionnels et non professionnels li\u00e9s \u00e0 l\u2019\u00e9lectricit\u00e9.<\/strong><\/p>\n<p>La fibre de verre prot\u00e8ge l\u2019op\u00e9rateur de tout risque \u00e9lectrique car elle ne conduit pas l\u2019\u00e9lectricit\u00e9. Sa large plateforme avec plinthes garantit un travail confortable, m\u00eame s\u2019il n\u00e9cessite de longues p\u00e9riodes en hauteur. De plus, son garde-corps \u00e0 360\u00b0 garantit la s\u00e9curit\u00e9 de l\u2019op\u00e9rateur et elle est \u00e9quip\u00e9e de deux barres d\u2019acc\u00e8s qui s\u2019ouvrent d\u2019un seul geste pour permettre le passage. La plateforme Express offre un acc\u00e8s confortable gr\u00e2ce \u00e0 ses larges marches. Ferm\u00e9e, elle occupe 53 cm. Elle peut \u00eatre stock\u00e9e n\u2019importe o\u00f9 et est facile \u00e0 transporter gr\u00e2ce \u00e0 ses roues.<\/p>\n<p><img decoding=\"async\" class=\"selos-produto\" src=\"http:\/\/dev2jormax.devdg.pt\/wp-content\/uploads\/2019\/10\/europa.jpg\" alt=\"NOME DOS SELOS (SUBSTITUIR)\" \/> <img decoding=\"async\" class=\"selos-produto\" src=\"http:\/\/dev2jormax.devdg.pt\/wp-content\/uploads\/2019\/10\/decreto-lei.jpg\" alt=\"NOME DOS SELOS (SUBSTITUIR)\" \/> <img decoding=\"async\" class=\"selos-produto\" src=\"http:\/\/dev2jormax.devdg.pt\/wp-content\/uploads\/2019\/10\/norma-131-7.jpg\" alt=\"NOME DOS SELOS (SUBSTITUIR)\" \/> <img decoding=\"async\" class=\"selos-produto\" src=\"http:\/\/dev2jormax.devdg.pt\/wp-content\/uploads\/norma-50528.jpg\" alt=\"NOME DOS SELOS (SUBSTITUIR)\" \/> <img decoding=\"async\" class=\"selos-produto\" src=\"http:\/\/dev2jormax.devdg.pt\/wp-content\/uploads\/norma-61478.jpg\" alt=\"NOME DOS SELOS (SUBSTITUIR)\" \/> <img decoding=\"async\" class=\"selos-produto\" src=\"http:\/\/dev2jormax.devdg.pt\/wp-content\/uploads\/2019\/10\/garantia-5.jpg\" alt=\"NOME DOS SELOS (SUBSTITUIR)\" \/> <img decoding=\"async\" class=\"selos-produto\" src=\"http:\/\/dev2jormax.devdg.pt\/wp-content\/uploads\/2019\/10\/uso-profissional.jpg\" alt=\"NOME DOS SELOS (SUBSTITUIR)\" \/> <img decoding=\"async\" class=\"selos-produto\" src=\"http:\/\/dev2jormax.devdg.pt\/wp-content\/uploads\/2019\/10\/peso-150.jpg\" alt=\"NOME DOS SELOS (SUBSTITUIR)\" \/><\/p>","protected":false},"featured_media":3577,"template":"","meta":{"_acf_changed":false},"product_brand":[],"product_cat":[83,101,109,88,97],"product_tag":[],"class_list":{"0":"post-3576","1":"product","2":"type-product","3":"status-publish","4":"has-post-thumbnail","6":"product_cat-escabeau","7":"product_cat-escabeau-en-fibre-de-verre","8":"product_cat-plate-forme-a-1-voies","9":"product_cat-plate-formes-de-travail-individuelles","10":"product_cat-plates-formes","12":"first","13":"instock","14":"taxable","15":"shipping-taxable","16":"purchasable","17":"product-type-variable"},"acf":[],"_links":{"self":[{"href":"https:\/\/dev1e24jormax.devdg.pt\/es\/wp-json\/wp\/v2\/product\/3576","targetHints":{"allow":["GET"]}}],"collection":[{"href":"https:\/\/dev1e24jormax.devdg.pt\/es\/wp-json\/wp\/v2\/product"}],"about":[{"href":"https:\/\/dev1e24jormax.devdg.pt\/es\/wp-json\/wp\/v2\/types\/product"}],"wp:featuredmedia":[{"embeddable":true,"href":"https:\/\/dev1e24jormax.devdg.pt\/es\/wp-json\/wp\/v2\/media\/3577"}],"wp:attachment":[{"href":"https:\/\/dev1e24jormax.devdg.pt\/es\/wp-json\/wp\/v2\/media?parent=3576"}],"wp:term":[{"taxonomy":"product_brand","embeddable":true,"href":"https:\/\/dev1e24jormax.devdg.pt\/es\/wp-json\/wp\/v2\/product_brand?post=3576"},{"taxonomy":"product_cat","embeddable":true,"href":"https:\/\/dev1e24jormax.devdg.pt\/es\/wp-json\/wp\/v2\/product_cat?post=3576"},{"taxonomy":"product_tag","embeddable":true,"href":"https:\/\/dev1e24jormax.devdg.pt\/es\/wp-json\/wp\/v2\/product_tag?post=3576"}],"curies":[{"name":"wp","href":"https:\/\/api.w.org\/{rel}","templated":true}]}}