{"id":3551,"date":"2021-09-30T15:39:57","date_gmt":"2021-09-30T13:39:57","guid":{"rendered":"https:\/\/dev1e24jormax.devdg.pt\/product\/altop\/"},"modified":"2025-07-18T17:39:52","modified_gmt":"2025-07-18T15:39:52","slug":"altop","status":"publish","type":"product","link":"https:\/\/dev1e24jormax.devdg.pt\/es\/producto\/altop\/","title":{"rendered":"ALTOP"},"content":{"rendered":"","protected":false},"excerpt":{"rendered":"<p><strong>L\u2019\u00e9chafaudage pour plaques de pl\u00e2tre.<\/strong><\/p>\n<p>Echafaudage en aluminium id\u00e9al pour des hauteurs jusqu\u2019\u00e0 3,75 m. Fabriqu\u00e9 en aluminium \u00e0 haute r\u00e9sistance, les \u00e9chelons sont fix\u00e9s aux montants par des barres diagonales et horizontales qui, une fois fix\u00e9es, cr\u00e9ent une structure tr\u00e8s s\u00fbre et robuste. Con\u00e7ue pour le travail en int\u00e9rieur, elle est facile \u00e0 d\u00e9placer. \u00c9quip\u00e9e de roues de 100 mm de diam\u00e8tre.<br \/>\nId\u00e9al pour les petites r\u00e9parations, les poseurs de faux plafonds, les ma\u00e7ons, le b\u00e2timent, etc&#8230;<\/p>\n<p><img decoding=\"async\" class=\"selos-produto\" src=\"http:\/\/dev2jormax.devdg.pt\/wp-content\/uploads\/2019\/10\/europa.jpg\" alt=\"NOME DOS SELOS (SUBSTITUIR)\" \/> <img decoding=\"async\" class=\"selos-produto\" src=\"http:\/\/dev2jormax.devdg.pt\/wp-content\/uploads\/norma-NF-E85-200.png\" alt=\"NOME DOS SELOS (SUBSTITUIR)\" \/> <img decoding=\"async\" class=\"selos-produto\" src=\"http:\/\/dev2jormax.devdg.pt\/wp-content\/uploads\/2019\/10\/garantia-3.jpg\" alt=\"NOME DOS SELOS (SUBSTITUIR)\" \/> <img decoding=\"async\" class=\"selos-produto\" src=\"http:\/\/dev2jormax.devdg.pt\/wp-content\/uploads\/2019\/10\/uso-domestico.jpg\" alt=\"NOME DOS SELOS (SUBSTITUIR)\" \/><\/p>","protected":false},"featured_media":3552,"template":"","meta":{"_acf_changed":false},"product_brand":[],"product_cat":[81,95],"product_tag":[],"class_list":{"0":"post-3551","1":"product","2":"type-product","3":"status-publish","4":"has-post-thumbnail","6":"product_cat-echafaudage","7":"product_cat-echafaudage-leger","9":"first","10":"instock","11":"featured","12":"taxable","13":"shipping-taxable","14":"purchasable","15":"product-type-variable"},"acf":[],"_links":{"self":[{"href":"https:\/\/dev1e24jormax.devdg.pt\/es\/wp-json\/wp\/v2\/product\/3551","targetHints":{"allow":["GET"]}}],"collection":[{"href":"https:\/\/dev1e24jormax.devdg.pt\/es\/wp-json\/wp\/v2\/product"}],"about":[{"href":"https:\/\/dev1e24jormax.devdg.pt\/es\/wp-json\/wp\/v2\/types\/product"}],"wp:featuredmedia":[{"embeddable":true,"href":"https:\/\/dev1e24jormax.devdg.pt\/es\/wp-json\/wp\/v2\/media\/3552"}],"wp:attachment":[{"href":"https:\/\/dev1e24jormax.devdg.pt\/es\/wp-json\/wp\/v2\/media?parent=3551"}],"wp:term":[{"taxonomy":"product_brand","embeddable":true,"href":"https:\/\/dev1e24jormax.devdg.pt\/es\/wp-json\/wp\/v2\/product_brand?post=3551"},{"taxonomy":"product_cat","embeddable":true,"href":"https:\/\/dev1e24jormax.devdg.pt\/es\/wp-json\/wp\/v2\/product_cat?post=3551"},{"taxonomy":"product_tag","embeddable":true,"href":"https:\/\/dev1e24jormax.devdg.pt\/es\/wp-json\/wp\/v2\/product_tag?post=3551"}],"curies":[{"name":"wp","href":"https:\/\/api.w.org\/{rel}","templated":true}]}}