{"id":3428,"date":"2019-11-25T14:35:48","date_gmt":"2019-11-25T13:35:48","guid":{"rendered":"https:\/\/dev1e24jormax.devdg.pt\/product\/niveleur-universel\/"},"modified":"2025-07-18T11:07:16","modified_gmt":"2025-07-18T09:07:16","slug":"niveleur-universel","status":"publish","type":"product","link":"https:\/\/dev1e24jormax.devdg.pt\/es\/producto\/niveleur-universel\/","title":{"rendered":"NIVELEUR UNIVERSEL"},"content":{"rendered":"","protected":false},"excerpt":{"rendered":"<p>Il permet d\u2019utiliser des \u00e9chelles in\u00e9gaux ou sur des escaliers de forme confortable et s\u00fbre lorsqu\u2019ils sont utilis\u00e9s, se montant ainsi dans tous les \u00e9chelles. Il r\u00e9gule les diff\u00e9rences de 7 \u00e0 23 cm, avec blocage tous les 2 cm. Fabriqu\u00e9 en aluminium. Peut \u00eatre mont\u00e9 individuellement ou par paire pour mettre \u00e0 niveau toute l&rsquo;\u00e9chelle. Rapide et efficace L&rsquo;\u00e9chelle se met \u00e0 niveau en quelques secondes. Assembl\u00e9e au nom du client. Comprend les vis.<br \/>\nSur demande, l&rsquo;assemblage peut \u00eatre r\u00e9alis\u00e9 par Jormax.<br \/>\n<b>Remarque:<\/b> Pour fixer le niveleur sur l\u2019\u00e9chelle, celui-ci doit comporter des montants \u00e0 surface plane. Pour les \u00e9chelles avec des montants de forme incurv\u00e9e, demander un \u00ab\u00a0kit de vis sp\u00e9cial\u00a0\u00bb.<\/p>","protected":false},"featured_media":3429,"template":"","meta":{"_acf_changed":false},"product_brand":[],"product_cat":[107],"product_tag":[],"class_list":{"0":"post-3428","1":"product","2":"type-product","3":"status-publish","4":"has-post-thumbnail","6":"product_cat-autres","8":"first","9":"outofstock","10":"taxable","11":"shipping-taxable","12":"product-type-variable"},"acf":[],"_links":{"self":[{"href":"https:\/\/dev1e24jormax.devdg.pt\/es\/wp-json\/wp\/v2\/product\/3428","targetHints":{"allow":["GET"]}}],"collection":[{"href":"https:\/\/dev1e24jormax.devdg.pt\/es\/wp-json\/wp\/v2\/product"}],"about":[{"href":"https:\/\/dev1e24jormax.devdg.pt\/es\/wp-json\/wp\/v2\/types\/product"}],"wp:featuredmedia":[{"embeddable":true,"href":"https:\/\/dev1e24jormax.devdg.pt\/es\/wp-json\/wp\/v2\/media\/3429"}],"wp:attachment":[{"href":"https:\/\/dev1e24jormax.devdg.pt\/es\/wp-json\/wp\/v2\/media?parent=3428"}],"wp:term":[{"taxonomy":"product_brand","embeddable":true,"href":"https:\/\/dev1e24jormax.devdg.pt\/es\/wp-json\/wp\/v2\/product_brand?post=3428"},{"taxonomy":"product_cat","embeddable":true,"href":"https:\/\/dev1e24jormax.devdg.pt\/es\/wp-json\/wp\/v2\/product_cat?post=3428"},{"taxonomy":"product_tag","embeddable":true,"href":"https:\/\/dev1e24jormax.devdg.pt\/es\/wp-json\/wp\/v2\/product_tag?post=3428"}],"curies":[{"name":"wp","href":"https:\/\/api.w.org\/{rel}","templated":true}]}}